{"id":5275,"date":"2023-09-25T11:57:42","date_gmt":"2023-09-25T11:57:42","guid":{"rendered":"https:\/\/happieanimals.com\/?page_id=5275"},"modified":"2023-09-25T11:57:45","modified_gmt":"2023-09-25T11:57:45","slug":"pferderassen-aus-aller-welt","status":"publish","type":"page","link":"https:\/\/happieanimals.com\/de\/pferderassen-aus-aller-welt\/","title":{"rendered":"Rasseportr\u00e4ts"},"content":{"rendered":"\t\t<div data-elementor-type=\"wp-page\" data-elementor-id=\"5275\" class=\"elementor elementor-5275\" data-elementor-post-type=\"page\">\n\t\t\t\t\t\t<section class=\"elementor-section elementor-top-section elementor-element elementor-element-73e1c458 elementor-section-full_width elementor-section-height-default elementor-section-height-default\" data-id=\"73e1c458\" data-element_type=\"section\" data-e-type=\"section\">\n\t\t\t\t\t\t<div class=\"elementor-container elementor-column-gap-default\">\n\t\t\t\t\t<div class=\"elementor-column elementor-col-100 elementor-top-column elementor-element elementor-element-20922877\" data-id=\"20922877\" data-element_type=\"column\" data-e-type=\"column\">\n\t\t\t<div class=\"elementor-widget-wrap elementor-element-populated\">\n\t\t\t\t\t\t<div class=\"elementor-element elementor-element-3e1361d7 elementor-widget elementor-widget-image\" data-id=\"3e1361d7\" data-element_type=\"widget\" data-e-type=\"widget\" data-widget_type=\"image.default\">\n\t\t\t\t\t\t\t\t\t\t\t\t\t\t\t<img decoding=\"async\" src=\"https:\/\/happieanimals.com\/wp-content\/uploads\/elementor\/thumbs\/lara-baeriswyl-rY0EIM5eSVQ-unsplash-1-1-scaled-qmjp480ffnj29brvtuec45e2bdnamj56iwyyyoxy20.jpg\" title=\"Rare Horse Breeds\" alt=\"Grey Horse standing on a grassy mountain range with a lake and snow in the background\" loading=\"lazy\" \/>\t\t\t\t\t\t\t\t\t\t\t\t\t\t\t<\/div>\n\t\t\t\t\t<\/div>\n\t\t<\/div>\n\t\t\t\t\t<\/div>\n\t\t<\/section>\n\t\t\t\t<section class=\"elementor-section elementor-top-section elementor-element elementor-element-514919a1 elementor-section-boxed elementor-section-height-default elementor-section-height-default\" data-id=\"514919a1\" data-element_type=\"section\" data-e-type=\"section\">\n\t\t\t\t\t\t<div class=\"elementor-container elementor-column-gap-default\">\n\t\t\t\t\t<div class=\"elementor-column elementor-col-100 elementor-top-column elementor-element elementor-element-5f56ac5a\" data-id=\"5f56ac5a\" data-element_type=\"column\" data-e-type=\"column\">\n\t\t\t<div class=\"elementor-widget-wrap elementor-element-populated\">\n\t\t\t\t\t\t<div class=\"elementor-element elementor-element-2c7fc592 elementor-widget elementor-widget-heading\" data-id=\"2c7fc592\" data-element_type=\"widget\" data-e-type=\"widget\" data-widget_type=\"heading.default\">\n\t\t\t\t\t<h1 class=\"elementor-heading-title elementor-size-default\">Rasseportr\u00e4ts von A-Z<\/h1>\t\t\t\t<\/div>\n\t\t\t\t\t<\/div>\n\t\t<\/div>\n\t\t\t\t\t<\/div>\n\t\t<\/section>\n\t\t\t\t<section class=\"elementor-section elementor-top-section elementor-element elementor-element-38c81047 elementor-section-boxed elementor-section-height-default elementor-section-height-default\" data-id=\"38c81047\" data-element_type=\"section\" data-e-type=\"section\">\n\t\t\t\t\t\t<div class=\"elementor-container elementor-column-gap-default\">\n\t\t\t\t\t<div class=\"elementor-column elementor-col-100 elementor-top-column elementor-element elementor-element-23074d87\" data-id=\"23074d87\" data-element_type=\"column\" data-e-type=\"column\">\n\t\t\t<div class=\"elementor-widget-wrap elementor-element-populated\">\n\t\t\t\t\t\t<div class=\"elementor-element elementor-element-7b5444a1 elementor-grid-3 elementor-grid-tablet-2 elementor-grid-mobile-1 elementor-posts--thumbnail-top elementor-widget elementor-widget-posts\" data-id=\"7b5444a1\" data-element_type=\"widget\" data-e-type=\"widget\" data-settings=\"{&quot;classic_columns&quot;:&quot;3&quot;,&quot;classic_columns_tablet&quot;:&quot;2&quot;,&quot;classic_columns_mobile&quot;:&quot;1&quot;,&quot;classic_row_gap&quot;:{&quot;unit&quot;:&quot;px&quot;,&quot;size&quot;:35,&quot;sizes&quot;:[]},&quot;classic_row_gap_tablet&quot;:{&quot;unit&quot;:&quot;px&quot;,&quot;size&quot;:&quot;&quot;,&quot;sizes&quot;:[]},&quot;classic_row_gap_mobile&quot;:{&quot;unit&quot;:&quot;px&quot;,&quot;size&quot;:&quot;&quot;,&quot;sizes&quot;:[]}}\" data-widget_type=\"posts.classic\">\n\t\t\t\t<div class=\"elementor-widget-container\">\n\t\t\t\t\t\t\t<div class=\"elementor-posts-container elementor-posts elementor-posts--skin-classic elementor-grid\" role=\"list\">\n\t\t\t\t<article class=\"elementor-post elementor-grid-item post-6246 post type-post status-publish format-standard has-post-thumbnail hentry category-blogarticles_overall category-blog_artikel category-breeds category-rasseportaets\" role=\"listitem\">\n\t\t\t\t<a class=\"elementor-post__thumbnail__link\" href=\"https:\/\/happieanimals.com\/de\/haflinger-pferde-pony-rasse\/\" tabindex=\"-1\" >\n\t\t\t<div class=\"elementor-post__thumbnail\"><img decoding=\"async\" width=\"300\" height=\"148\" src=\"https:\/\/happieanimals.com\/wp-content\/uploads\/2023\/09\/Bildschirmfoto-2023-09-11-um-17.34.28-300x148.png\" class=\"attachment-medium size-medium wp-image-13337\" alt=\"\" srcset=\"https:\/\/happieanimals.com\/wp-content\/uploads\/2023\/09\/Bildschirmfoto-2023-09-11-um-17.34.28-300x148.png 300w, https:\/\/happieanimals.com\/wp-content\/uploads\/2023\/09\/Bildschirmfoto-2023-09-11-um-17.34.28-1024x505.png 1024w, https:\/\/happieanimals.com\/wp-content\/uploads\/2023\/09\/Bildschirmfoto-2023-09-11-um-17.34.28-768x379.png 768w, https:\/\/happieanimals.com\/wp-content\/uploads\/2023\/09\/Bildschirmfoto-2023-09-11-um-17.34.28-600x296.png 600w, https:\/\/happieanimals.com\/wp-content\/uploads\/2023\/09\/Bildschirmfoto-2023-09-11-um-17.34.28.png 1117w\" sizes=\"(max-width: 300px) 100vw, 300px\" \/><\/div>\n\t\t<\/a>\n\t\t\t\t<div class=\"elementor-post__text\">\n\t\t\t\t<h3 class=\"elementor-post__title\">\n\t\t\t<a href=\"https:\/\/happieanimals.com\/de\/haflinger-pferde-pony-rasse\/\" >\n\t\t\t\tDie Haflinger-Rasse\t\t\t<\/a>\n\t\t<\/h3>\n\t\t\t\t<div class=\"elementor-post__excerpt\">\n\t\t\t<p>Das Bergpony mit der freundlichen Pers\u00f6nlichkeit Der Haflinger ist eine Kleinpferderasse, die ihren Ursprung in der Gebirgsregion der Tiroler Alpen hat. Diese Region befindet sich<\/p>\n\t\t<\/div>\n\t\t\n\t\t<a class=\"elementor-post__read-more\" href=\"https:\/\/happieanimals.com\/de\/haflinger-pferde-pony-rasse\/\" aria-label=\"Mehr \u00fcber Die Haflinger-Rasse\" tabindex=\"-1\" >\n\t\t\tJetzt lesen \u00bb\t\t<\/a>\n\n\t\t\t\t<\/div>\n\t\t\t\t<\/article>\n\t\t\t\t<article class=\"elementor-post elementor-grid-item post-30804 post type-post status-publish format-standard has-post-thumbnail hentry category-blog_artikel category-rasseportaets\" role=\"listitem\">\n\t\t\t\t<a class=\"elementor-post__thumbnail__link\" href=\"https:\/\/happieanimals.com\/de\/rasseportrait-deutsches-reitpony\/\" tabindex=\"-1\" >\n\t\t\t<div class=\"elementor-post__thumbnail\"><img fetchpriority=\"high\" decoding=\"async\" width=\"300\" height=\"300\" src=\"https:\/\/happieanimals.com\/wp-content\/uploads\/2024\/08\/rasseportrait-300x300.png\" class=\"attachment-medium size-medium wp-image-30855\" alt=\"Deutsches Reitpony Rasse Interieur Exterieur Aussehen Rasseportrait\" srcset=\"https:\/\/happieanimals.com\/wp-content\/uploads\/2024\/08\/rasseportrait-300x300.png 300w, https:\/\/happieanimals.com\/wp-content\/uploads\/2024\/08\/rasseportrait-1024x1024.png 1024w, https:\/\/happieanimals.com\/wp-content\/uploads\/2024\/08\/rasseportrait-150x150.png 150w, https:\/\/happieanimals.com\/wp-content\/uploads\/2024\/08\/rasseportrait-768x768.png 768w, https:\/\/happieanimals.com\/wp-content\/uploads\/2024\/08\/rasseportrait-600x600.png 600w, https:\/\/happieanimals.com\/wp-content\/uploads\/2024\/08\/rasseportrait-100x100.png 100w, https:\/\/happieanimals.com\/wp-content\/uploads\/2024\/08\/rasseportrait.png 1080w\" sizes=\"(max-width: 300px) 100vw, 300px\" \/><\/div>\n\t\t<\/a>\n\t\t\t\t<div class=\"elementor-post__text\">\n\t\t\t\t<h3 class=\"elementor-post__title\">\n\t\t\t<a href=\"https:\/\/happieanimals.com\/de\/rasseportrait-deutsches-reitpony\/\" >\n\t\t\t\tDas Deutsche Reitpony\t\t\t<\/a>\n\t\t<\/h3>\n\t\t\t\t<div class=\"elementor-post__excerpt\">\n\t\t\t<p>EIn Rasseportrait \u00fcber eine der beliebtesten Ponyrassen mit vielf\u00e4ltigen EInsatzm\u00f6glichkeiten. Das Deutsche Reitpony, oft auch liebevoll als das \u201eMini-Warmblut\u201c bezeichnet, hat sich in den letzten<\/p>\n\t\t<\/div>\n\t\t\n\t\t<a class=\"elementor-post__read-more\" href=\"https:\/\/happieanimals.com\/de\/rasseportrait-deutsches-reitpony\/\" aria-label=\"Mehr \u00fcber Das Deutsche Reitpony\" tabindex=\"-1\" >\n\t\t\tJetzt lesen \u00bb\t\t<\/a>\n\n\t\t\t\t<\/div>\n\t\t\t\t<\/article>\n\t\t\t\t<article class=\"elementor-post elementor-grid-item post-6116 post type-post status-publish format-standard has-post-thumbnail hentry category-blog_artikel category-rasseportaets\" role=\"listitem\">\n\t\t\t\t<a class=\"elementor-post__thumbnail__link\" href=\"https:\/\/happieanimals.com\/de\/appaloosa-pferd-rasse\/\" tabindex=\"-1\" >\n\t\t\t<div class=\"elementor-post__thumbnail\"><img decoding=\"async\" width=\"300\" height=\"300\" src=\"https:\/\/happieanimals.com\/wp-content\/uploads\/2023\/03\/Appaloosa-1-300x300.png\" class=\"attachment-medium size-medium wp-image-6120\" alt=\"Appaloosa Horse herding cattle with cowboy in the united states of america\" srcset=\"https:\/\/happieanimals.com\/wp-content\/uploads\/2023\/03\/Appaloosa-1-300x300.png 300w, https:\/\/happieanimals.com\/wp-content\/uploads\/2023\/03\/Appaloosa-1-1024x1024.png 1024w, https:\/\/happieanimals.com\/wp-content\/uploads\/2023\/03\/Appaloosa-1-150x150.png 150w, https:\/\/happieanimals.com\/wp-content\/uploads\/2023\/03\/Appaloosa-1-768x768.png 768w, https:\/\/happieanimals.com\/wp-content\/uploads\/2023\/03\/Appaloosa-1-600x600.png 600w, https:\/\/happieanimals.com\/wp-content\/uploads\/2023\/03\/Appaloosa-1-100x100.png 100w, https:\/\/happieanimals.com\/wp-content\/uploads\/2023\/03\/Appaloosa-1.png 1080w\" sizes=\"(max-width: 300px) 100vw, 300px\" \/><\/div>\n\t\t<\/a>\n\t\t\t\t<div class=\"elementor-post__text\">\n\t\t\t\t<h3 class=\"elementor-post__title\">\n\t\t\t<a href=\"https:\/\/happieanimals.com\/de\/appaloosa-pferd-rasse\/\" >\n\t\t\t\tAppaloosa Pferde\t\t\t<\/a>\n\t\t<\/h3>\n\t\t\t\t<div class=\"elementor-post__excerpt\">\n\t\t\t<p>Die einzigartige Rasse aus den Staaten Alles \u00fcber Appaloosa Pferde Appaloosa Pferde sind eine Pferderasse, die f\u00fcr ihr charakteristisches leopardengeflecktes Fellmuster bekannt ist. Die Rasse<\/p>\n\t\t<\/div>\n\t\t\n\t\t<a class=\"elementor-post__read-more\" href=\"https:\/\/happieanimals.com\/de\/appaloosa-pferd-rasse\/\" aria-label=\"Mehr \u00fcber Appaloosa Pferde\" tabindex=\"-1\" >\n\t\t\tJetzt lesen \u00bb\t\t<\/a>\n\n\t\t\t\t<\/div>\n\t\t\t\t<\/article>\n\t\t\t\t<\/div>\n\t\t\n\t\t\t\t\t\t<\/div>\n\t\t\t\t<\/div>\n\t\t\t\t\t<\/div>\n\t\t<\/div>\n\t\t\t\t\t<\/div>\n\t\t<\/section>\n\t\t\t\t<\/div>\n\t\t","protected":false},"excerpt":{"rendered":"<p>Rasseportr\u00e4ts von A-Z<\/p>\n","protected":false},"author":2351,"featured_media":5276,"parent":0,"menu_order":0,"comment_status":"closed","ping_status":"closed","template":"","meta":{"om_disable_all_campaigns":false,"footnotes":""},"class_list":["post-5275","page","type-page","status-publish","has-post-thumbnail","hentry"],"yoast_head":"<!-- This site is optimized with the Yoast SEO Premium plugin v25.2 (Yoast SEO v25.2) - https:\/\/yoast.com\/wordpress\/plugins\/seo\/ -->\n<title>Rasseportr\u00e4ts<\/title>\n<meta name=\"description\" content=\"Lerne Pferderassen von A-Z kennen, von bekannten Rassen wie dem Hannoveraner bis hin zu Rarit\u00e4ten wie dem Kladruber oder Dartmoor.\" \/>\n<meta name=\"robots\" content=\"index, follow, max-snippet:-1, max-image-preview:large, max-video-preview:-1\" \/>\n<link rel=\"canonical\" href=\"https:\/\/happieanimals.com\/de\/pferderassen-aus-aller-welt\/\" \/>\n<meta property=\"og:locale\" content=\"de_DE\" \/>\n<meta property=\"og:type\" content=\"article\" \/>\n<meta property=\"og:title\" content=\"Rasseportr\u00e4ts\" \/>\n<meta property=\"og:description\" content=\"Lerne Pferderassen von A-Z kennen, von bekannten Rassen wie dem Hannoveraner bis hin zu Rarit\u00e4ten wie dem Kladruber oder Dartmoor.\" \/>\n<meta property=\"og:url\" content=\"https:\/\/happieanimals.com\/de\/pferderassen-aus-aller-welt\/\" \/>\n<meta property=\"og:site_name\" content=\"Happie Horse Management App\" \/>\n<meta property=\"article:modified_time\" content=\"2023-09-25T11:57:45+00:00\" \/>\n<meta property=\"og:image\" content=\"https:\/\/happieanimals.com\/wp-content\/uploads\/2023\/03\/pexels-missi-kopf-6215904-scaled.jpg\" \/>\n\t<meta property=\"og:image:width\" content=\"2560\" \/>\n\t<meta property=\"og:image:height\" content=\"2524\" \/>\n\t<meta property=\"og:image:type\" content=\"image\/jpeg\" \/>\n<meta name=\"twitter:card\" content=\"summary_large_image\" \/>\n<meta name=\"twitter:label1\" content=\"Gesch\u00e4tzte Lesezeit\" \/>\n\t<meta name=\"twitter:data1\" content=\"1\u00a0Minute\" \/>\n<script type=\"application\/ld+json\" class=\"yoast-schema-graph\">{\"@context\":\"https:\/\/schema.org\",\"@graph\":[{\"@type\":\"WebPage\",\"@id\":\"https:\/\/happieanimals.com\/de\/pferderassen-aus-aller-welt\/\",\"url\":\"https:\/\/happieanimals.com\/de\/pferderassen-aus-aller-welt\/\",\"name\":\"Rasseportr\u00e4ts\",\"isPartOf\":{\"@id\":\"https:\/\/happieanimals.com\/de\/#website\"},\"primaryImageOfPage\":{\"@id\":\"https:\/\/happieanimals.com\/de\/pferderassen-aus-aller-welt\/#primaryimage\"},\"image\":{\"@id\":\"https:\/\/happieanimals.com\/de\/pferderassen-aus-aller-welt\/#primaryimage\"},\"thumbnailUrl\":\"https:\/\/happieanimals.com\/wp-content\/uploads\/2023\/03\/pexels-missi-kopf-6215904-scaled.jpg\",\"datePublished\":\"2023-09-25T11:57:42+00:00\",\"dateModified\":\"2023-09-25T11:57:45+00:00\",\"description\":\"Lerne Pferderassen von A-Z kennen, von bekannten Rassen wie dem Hannoveraner bis hin zu Rarit\u00e4ten wie dem Kladruber oder Dartmoor.\",\"breadcrumb\":{\"@id\":\"https:\/\/happieanimals.com\/de\/pferderassen-aus-aller-welt\/#breadcrumb\"},\"inLanguage\":\"de\",\"potentialAction\":[{\"@type\":\"ReadAction\",\"target\":[\"https:\/\/happieanimals.com\/de\/pferderassen-aus-aller-welt\/\"]}]},{\"@type\":\"ImageObject\",\"inLanguage\":\"de\",\"@id\":\"https:\/\/happieanimals.com\/de\/pferderassen-aus-aller-welt\/#primaryimage\",\"url\":\"https:\/\/happieanimals.com\/wp-content\/uploads\/2023\/03\/pexels-missi-kopf-6215904-scaled.jpg\",\"contentUrl\":\"https:\/\/happieanimals.com\/wp-content\/uploads\/2023\/03\/pexels-missi-kopf-6215904-scaled.jpg\",\"width\":2560,\"height\":2524,\"caption\":\"Geschecktes Pony steht auf einer Wiese mit violetten Pflanzen und Wald im Hintergrund\"},{\"@type\":\"BreadcrumbList\",\"@id\":\"https:\/\/happieanimals.com\/de\/pferderassen-aus-aller-welt\/#breadcrumb\",\"itemListElement\":[{\"@type\":\"ListItem\",\"position\":1,\"name\":\"Home\",\"item\":\"https:\/\/happieanimals.com\/de\/\"},{\"@type\":\"ListItem\",\"position\":2,\"name\":\"Rasseportr\u00e4ts\"}]},{\"@type\":\"WebSite\",\"@id\":\"https:\/\/happieanimals.com\/de\/#website\",\"url\":\"https:\/\/happieanimals.com\/de\/\",\"name\":\"Happie Horse App\",\"description\":\"Let\u00b4s create a more happie world for horses, pets and people\",\"publisher\":{\"@id\":\"https:\/\/happieanimals.com\/de\/#organization\"},\"potentialAction\":[{\"@type\":\"SearchAction\",\"target\":{\"@type\":\"EntryPoint\",\"urlTemplate\":\"https:\/\/happieanimals.com\/de\/?s={search_term_string}\"},\"query-input\":{\"@type\":\"PropertyValueSpecification\",\"valueRequired\":true,\"valueName\":\"search_term_string\"}}],\"inLanguage\":\"de\"},{\"@type\":\"Organization\",\"@id\":\"https:\/\/happieanimals.com\/de\/#organization\",\"name\":\"Happie Horse App\",\"url\":\"https:\/\/happieanimals.com\/de\/\",\"logo\":{\"@type\":\"ImageObject\",\"inLanguage\":\"de\",\"@id\":\"https:\/\/happieanimals.com\/de\/#\/schema\/logo\/image\/\",\"url\":\"https:\/\/happieanimals.com\/wp-content\/uploads\/2021\/11\/happie-19.png\",\"contentUrl\":\"https:\/\/happieanimals.com\/wp-content\/uploads\/2021\/11\/happie-19.png\",\"width\":1290,\"height\":530,\"caption\":\"Happie Horse App\"},\"image\":{\"@id\":\"https:\/\/happieanimals.com\/de\/#\/schema\/logo\/image\/\"}}]}<\/script>\n<!-- \/ Yoast SEO Premium plugin. -->","yoast_head_json":{"title":"Rasseportr\u00e4ts","description":"Lerne Pferderassen von A-Z kennen, von bekannten Rassen wie dem Hannoveraner bis hin zu Rarit\u00e4ten wie dem Kladruber oder Dartmoor.","robots":{"index":"index","follow":"follow","max-snippet":"max-snippet:-1","max-image-preview":"max-image-preview:large","max-video-preview":"max-video-preview:-1"},"canonical":"https:\/\/happieanimals.com\/de\/pferderassen-aus-aller-welt\/","og_locale":"de_DE","og_type":"article","og_title":"Rasseportr\u00e4ts","og_description":"Lerne Pferderassen von A-Z kennen, von bekannten Rassen wie dem Hannoveraner bis hin zu Rarit\u00e4ten wie dem Kladruber oder Dartmoor.","og_url":"https:\/\/happieanimals.com\/de\/pferderassen-aus-aller-welt\/","og_site_name":"Happie Horse Management App","article_modified_time":"2023-09-25T11:57:45+00:00","og_image":[{"width":2560,"height":2524,"url":"https:\/\/happieanimals.com\/wp-content\/uploads\/2023\/03\/pexels-missi-kopf-6215904-scaled.jpg","type":"image\/jpeg"}],"twitter_card":"summary_large_image","twitter_misc":{"Gesch\u00e4tzte Lesezeit":"1\u00a0Minute"},"schema":{"@context":"https:\/\/schema.org","@graph":[{"@type":"WebPage","@id":"https:\/\/happieanimals.com\/de\/pferderassen-aus-aller-welt\/","url":"https:\/\/happieanimals.com\/de\/pferderassen-aus-aller-welt\/","name":"Rasseportr\u00e4ts","isPartOf":{"@id":"https:\/\/happieanimals.com\/de\/#website"},"primaryImageOfPage":{"@id":"https:\/\/happieanimals.com\/de\/pferderassen-aus-aller-welt\/#primaryimage"},"image":{"@id":"https:\/\/happieanimals.com\/de\/pferderassen-aus-aller-welt\/#primaryimage"},"thumbnailUrl":"https:\/\/happieanimals.com\/wp-content\/uploads\/2023\/03\/pexels-missi-kopf-6215904-scaled.jpg","datePublished":"2023-09-25T11:57:42+00:00","dateModified":"2023-09-25T11:57:45+00:00","description":"Lerne Pferderassen von A-Z kennen, von bekannten Rassen wie dem Hannoveraner bis hin zu Rarit\u00e4ten wie dem Kladruber oder Dartmoor.","breadcrumb":{"@id":"https:\/\/happieanimals.com\/de\/pferderassen-aus-aller-welt\/#breadcrumb"},"inLanguage":"de","potentialAction":[{"@type":"ReadAction","target":["https:\/\/happieanimals.com\/de\/pferderassen-aus-aller-welt\/"]}]},{"@type":"ImageObject","inLanguage":"de","@id":"https:\/\/happieanimals.com\/de\/pferderassen-aus-aller-welt\/#primaryimage","url":"https:\/\/happieanimals.com\/wp-content\/uploads\/2023\/03\/pexels-missi-kopf-6215904-scaled.jpg","contentUrl":"https:\/\/happieanimals.com\/wp-content\/uploads\/2023\/03\/pexels-missi-kopf-6215904-scaled.jpg","width":2560,"height":2524,"caption":"Geschecktes Pony steht auf einer Wiese mit violetten Pflanzen und Wald im Hintergrund"},{"@type":"BreadcrumbList","@id":"https:\/\/happieanimals.com\/de\/pferderassen-aus-aller-welt\/#breadcrumb","itemListElement":[{"@type":"ListItem","position":1,"name":"Home","item":"https:\/\/happieanimals.com\/de\/"},{"@type":"ListItem","position":2,"name":"Rasseportr\u00e4ts"}]},{"@type":"WebSite","@id":"https:\/\/happieanimals.com\/de\/#website","url":"https:\/\/happieanimals.com\/de\/","name":"Happie Horse App","description":"Let\u00b4s create a more happie world for horses, pets and people","publisher":{"@id":"https:\/\/happieanimals.com\/de\/#organization"},"potentialAction":[{"@type":"SearchAction","target":{"@type":"EntryPoint","urlTemplate":"https:\/\/happieanimals.com\/de\/?s={search_term_string}"},"query-input":{"@type":"PropertyValueSpecification","valueRequired":true,"valueName":"search_term_string"}}],"inLanguage":"de"},{"@type":"Organization","@id":"https:\/\/happieanimals.com\/de\/#organization","name":"Happie Horse App","url":"https:\/\/happieanimals.com\/de\/","logo":{"@type":"ImageObject","inLanguage":"de","@id":"https:\/\/happieanimals.com\/de\/#\/schema\/logo\/image\/","url":"https:\/\/happieanimals.com\/wp-content\/uploads\/2021\/11\/happie-19.png","contentUrl":"https:\/\/happieanimals.com\/wp-content\/uploads\/2021\/11\/happie-19.png","width":1290,"height":530,"caption":"Happie Horse App"},"image":{"@id":"https:\/\/happieanimals.com\/de\/#\/schema\/logo\/image\/"}}]}},"_links":{"self":[{"href":"https:\/\/happieanimals.com\/de\/wp-json\/wp\/v2\/pages\/5275","targetHints":{"allow":["GET"]}}],"collection":[{"href":"https:\/\/happieanimals.com\/de\/wp-json\/wp\/v2\/pages"}],"about":[{"href":"https:\/\/happieanimals.com\/de\/wp-json\/wp\/v2\/types\/page"}],"author":[{"embeddable":true,"href":"https:\/\/happieanimals.com\/de\/wp-json\/wp\/v2\/users\/2351"}],"replies":[{"embeddable":true,"href":"https:\/\/happieanimals.com\/de\/wp-json\/wp\/v2\/comments?post=5275"}],"version-history":[{"count":18,"href":"https:\/\/happieanimals.com\/de\/wp-json\/wp\/v2\/pages\/5275\/revisions"}],"predecessor-version":[{"id":14375,"href":"https:\/\/happieanimals.com\/de\/wp-json\/wp\/v2\/pages\/5275\/revisions\/14375"}],"wp:featuredmedia":[{"embeddable":true,"href":"https:\/\/happieanimals.com\/de\/wp-json\/wp\/v2\/media\/5276"}],"wp:attachment":[{"href":"https:\/\/happieanimals.com\/de\/wp-json\/wp\/v2\/media?parent=5275"}],"curies":[{"name":"wp","href":"https:\/\/api.w.org\/{rel}","templated":true}]}}