{"id":14551,"date":"2023-09-26T14:45:08","date_gmt":"2023-09-26T14:45:08","guid":{"rendered":"https:\/\/happieanimals.com\/?post_type=product&#038;p=14551"},"modified":"2024-11-12T12:38:47","modified_gmt":"2024-11-12T12:38:47","slug":"vielseitigkeit-bordeaux-limited-edition-equest","status":"publish","type":"product","link":"https:\/\/happieanimals.com\/de\/produkt\/vielseitigkeit-bordeaux-limited-edition-equest\/","title":{"rendered":"Vielseitigkeit Bordeaux Limited Edition (Equest)"},"content":{"rendered":"<p>Die HorseAnalytics Schabracke von Equest ist ein absolutes Muss f\u00fcr alle Trainingsverbesserer der Happie Horse App<\/p>\n<p><img decoding=\"async\" class=\"emoji\" src=\"https:\/\/s.w.org\/images\/core\/emoji\/11\/svg\/27a1.svg\" alt=\"\u27a1\ufe0f\" \/>\u00a0<strong>Genauere Bewegungsanalyse<\/strong>\u00a0<img decoding=\"async\" class=\"emoji\" src=\"https:\/\/s.w.org\/images\/core\/emoji\/11\/svg\/2b05.svg\" alt=\"\u2b05\ufe0f\" \/><\/p>\n<p><strong><img decoding=\"async\" class=\"emoji\" src=\"https:\/\/s.w.org\/images\/core\/emoji\/11\/svg\/1f984.svg\" alt=\"\ud83e\udd84\" \/> Die HorseAnalytics Schabracke von Equest verbessert deine Gangarten-Analyse noch mal um ca. 5-10%, da die Sensoren im Telefon in der Tasche direkt die Bewegung des Pferds und nicht Reiter und Pferd aufzeichnen.<\/strong><\/p>\n<p>Sie sch\u00fctzt dein Telefon au\u00dferdem vor:<\/p>\n<p><strong><img decoding=\"async\" class=\"emoji\" src=\"https:\/\/s.w.org\/images\/core\/emoji\/11\/svg\/2705.svg\" alt=\"\u2705\" \/>\u00a0Schwei\u00df<\/strong><\/p>\n<p><strong><img decoding=\"async\" class=\"emoji\" src=\"https:\/\/s.w.org\/images\/core\/emoji\/11\/svg\/2705.svg\" alt=\"\u2705\" \/>\u00a0Spritzwasser<\/strong><\/p>\n<p><strong><img decoding=\"async\" class=\"emoji\" src=\"https:\/\/s.w.org\/images\/core\/emoji\/11\/svg\/2705.svg\" alt=\"\u2705\" \/>\u00a0Regen<\/strong><\/p>\n<p><strong><img decoding=\"async\" class=\"emoji\" src=\"https:\/\/s.w.org\/images\/core\/emoji\/11\/svg\/2705.svg\" alt=\"\u2705\" \/>\u00a0Staub<\/strong><\/p>\n<p><strong><img decoding=\"async\" class=\"emoji\" src=\"https:\/\/s.w.org\/images\/core\/emoji\/11\/svg\/2705.svg\" alt=\"\u2705\" \/>\u00a0Dreck<\/strong><\/p>\n<p><strong><img decoding=\"async\" class=\"emoji\" src=\"https:\/\/s.w.org\/images\/core\/emoji\/11\/svg\/2705.svg\" alt=\"\u2705\" \/>\u00a0Runterfallen aus der Jacken oder Hosentasche<\/strong><\/p>\n<p>&nbsp;<\/p>\n<hr \/>\n<p>&nbsp;<\/p>\n<div class=\"flex_column av_one_third av-animated-generic bottom-to-top flex_column_div av-zero-column-padding first avia-builder-el-11 el_after_av_one_full el_before_av_one_third column-top-margin avia_start_animation avia_start_delayed_animation\">\n<section class=\"av_textblock_section \">\n<div class=\"avia_textblock \">\n<p><b><img decoding=\"async\" class=\"emoji\" src=\"https:\/\/s.w.org\/images\/core\/emoji\/11\/svg\/1f4a1.svg\" alt=\"\ud83d\udca1\" \/>\u00a0Gangarten analysieren<\/b><\/p>\n<p>Die Sensoren in deinem Smartphone erfassen die Bewegung deines Pferdes und ordnen sie mit der Datenanalyse der jeweiligen Gangart zu.<\/p>\n<\/div>\n<\/section>\n<\/div>\n<div class=\"flex_column av_one_third av-animated-generic bottom-to-top flex_column_div av-zero-column-padding avia-builder-el-14 el_after_av_one_third el_before_av_one_third column-top-margin avia_start_animation avia_start_delayed_animation\">\n<section class=\"av_textblock_section \">\n<div class=\"avia_textblock \">\n<p><b><img decoding=\"async\" class=\"emoji\" src=\"https:\/\/s.w.org\/images\/core\/emoji\/11\/svg\/1f4a1.svg\" alt=\"\ud83d\udca1\" \/>\u00a0Notizen hinzuf\u00fcgen<\/b><\/p>\n<p>Jeder Ritt ist ein bisschen anders. Bewerte, wie es war und halte dein Gef\u00fchl oder wichtige Informationen fest.<\/p>\n<\/div>\n<\/section>\n<\/div>\n<div class=\"flex_column av_one_third av-animated-generic bottom-to-top flex_column_div av-zero-column-padding avia-builder-el-17 el_after_av_one_third el_before_av_one_third column-top-margin avia_start_animation avia_start_delayed_animation\">\n<section class=\"av_textblock_section \">\n<div class=\"avia_textblock \">\n<p><b><img decoding=\"async\" class=\"emoji\" src=\"https:\/\/s.w.org\/images\/core\/emoji\/11\/svg\/1f4a1.svg\" alt=\"\ud83d\udca1\" \/>\u00a0Mehrere Pferde anlegen und managen<\/b><\/p>\n<p>Lege mehrere Pferde in der App an und f\u00fcge Informationen hinzu. So hast du stets alles im Blick.<\/p>\n<\/div>\n<\/section>\n<\/div>\n<div class=\"flex_column av_one_third av-animated-generic bottom-to-top flex_column_div av-zero-column-padding first avia-builder-el-20 el_after_av_one_third el_before_av_one_third column-top-margin avia_start_animation avia_start_delayed_animation\">\n<section class=\"av_textblock_section \">\n<div class=\"avia_textblock \">\n<p><strong><b><img decoding=\"async\" class=\"emoji\" src=\"https:\/\/s.w.org\/images\/core\/emoji\/11\/svg\/1f4a1.svg\" alt=\"\ud83d\udca1\" \/>\u00a0<\/b>Reitbeteiligung und Freunde integrieren<\/strong><\/p>\n<p>Vernetze dich mit Reitbeteiligung, Tierarzt,\u00a0Hufschmied, Reitlehrer,\u00a0Physiotherapeuten und anderen wichtigen Personen.<\/p>\n<\/div>\n<\/section>\n<\/div>\n<div class=\"flex_column av_one_third av-animated-generic bottom-to-top flex_column_div av-zero-column-padding avia-builder-el-23 el_after_av_one_third el_before_av_one_third column-top-margin avia_start_animation avia_start_delayed_animation\">\n<section class=\"av_textblock_section \">\n<div class=\"avia_textblock \">\n<p><strong><b><img decoding=\"async\" class=\"emoji\" src=\"https:\/\/s.w.org\/images\/core\/emoji\/11\/svg\/1f4a1.svg\" alt=\"\ud83d\udca1\" \/>\u00a0<\/b>Trainingsdauer und Zeitpunkt<\/strong><\/p>\n<p>F\u00fchre dein digitales Trainingstagebuch. Notiere eure St\u00e4rken und Schw\u00e4chen. \u00dcberpr\u00fcfe dich selbst und teile es mit deinen Freunden.<\/p>\n<\/div>\n<\/section>\n<\/div>\n<div class=\"flex_column av_one_third av-animated-generic bottom-to-top flex_column_div av-zero-column-padding avia-builder-el-26 el_after_av_one_third el_before_av_hr column-top-margin avia_start_animation avia_start_delayed_animation\">\n<section class=\"av_textblock_section \">\n<div class=\"avia_textblock \">\n<p><strong><b><img decoding=\"async\" class=\"emoji\" src=\"https:\/\/s.w.org\/images\/core\/emoji\/11\/svg\/1f4a1.svg\" alt=\"\ud83d\udca1\" \/>\u00a0<\/b>Rechts-Links-Verteilung<\/strong><\/p>\n<p>50% | 50%? Wird\u2019s eher nie!\u00a0Wir haben beim Testen auch nicht schlecht gestaunt. Kontrolliere dich selbst und baue dein Training gleichm\u00e4\u00dfiger auf.<\/p>\n<p>&nbsp;<\/p>\n<p><strong>Optimal ist das Handy in der Schabracke am Pferd positioniert.<\/strong><\/p>\n<\/div>\n<\/section>\n<\/div>\n<div id=\"attachment_6375\" class=\"wp-caption alignnone\"><\/div>\n<p>EQest Artikel sind Qualit\u00e4tsprodukte. Um ihre Funktionalit\u00e4t zu erhalten, ist es wichtig sie sorgf\u00e4ltig zu pflegen. Vor dem Waschen sollten alle Haare entfernt und der Klettverschluss geschlossen werden. Bitte legen Sie das Produkt zum Waschen in einen Produktsack. Falls notwendig, ziehen Sie das Produkt nach dem Waschen in Form.\u00a0 EQuest-Produkte sollten nicht in den W\u00e4schetrockner. Vermeiden Sie beim Trocknen direkte Sonneneinstrahlung.<\/p>\n","protected":false},"excerpt":{"rendered":"<div class=\"woocommerce-product-details__short-description\">\n<p>Die HorseAnalytics Schabracke ist ein absolutes Muss f\u00fcr alle Trainingsverbesserer der Happie Horse App.<\/p>\n<\/div>\n","protected":false},"featured_media":14552,"template":"","meta":{"om_disable_all_campaigns":false},"product_brand":[],"product_cat":[233],"product_tag":[],"class_list":{"0":"post-14551","1":"product","2":"type-product","3":"status-publish","4":"has-post-thumbnail","6":"product_cat-schabracken","8":"first","9":"instock","10":"sale","11":"taxable","12":"shipping-taxable","13":"purchasable","14":"product-type-simple"},"yoast_head":"<!-- This site is optimized with the Yoast SEO Premium plugin v25.2 (Yoast SEO v25.2) - https:\/\/yoast.com\/wordpress\/plugins\/seo\/ -->\n<title>Vielseitigkeit Bordeaux Limited Edition (Equest)<\/title>\n<meta name=\"description\" content=\"Die beste Schabracke mit Handytasche. Wassergesch\u00fctzt und perfekt f\u00fcr die Happie Horse App.\" \/>\n<meta name=\"robots\" content=\"index, follow, max-snippet:-1, max-image-preview:large, max-video-preview:-1\" \/>\n<link rel=\"canonical\" href=\"https:\/\/happieanimals.com\/de\/produkt\/vielseitigkeit-bordeaux-limited-edition-equest\/\" \/>\n<meta property=\"og:locale\" content=\"de_DE\" \/>\n<meta property=\"og:type\" content=\"article\" \/>\n<meta property=\"og:title\" content=\"Vielseitigkeit Bordeaux Limited Edition (Equest)\" \/>\n<meta property=\"og:description\" content=\"Die beste Schabracke mit Handytasche. Wassergesch\u00fctzt und perfekt f\u00fcr die Happie Horse App.\" \/>\n<meta property=\"og:url\" content=\"https:\/\/happieanimals.com\/de\/produkt\/vielseitigkeit-bordeaux-limited-edition-equest\/\" \/>\n<meta property=\"og:site_name\" content=\"Happie Horse Management App\" \/>\n<meta property=\"article:modified_time\" content=\"2024-11-12T12:38:47+00:00\" \/>\n<meta property=\"og:image\" content=\"https:\/\/happieanimals.com\/wp-content\/uploads\/2023\/09\/VS_bordeaux-1024x683.png\" \/>\n\t<meta property=\"og:image:width\" content=\"1024\" \/>\n\t<meta property=\"og:image:height\" content=\"683\" \/>\n\t<meta property=\"og:image:type\" content=\"image\/png\" \/>\n<meta name=\"twitter:card\" content=\"summary_large_image\" \/>\n<meta name=\"twitter:label1\" content=\"Gesch\u00e4tzte Lesezeit\" \/>\n\t<meta name=\"twitter:data1\" content=\"5\u00a0Minuten\" \/>\n<script type=\"application\/ld+json\" class=\"yoast-schema-graph\">{\"@context\":\"https:\/\/schema.org\",\"@graph\":[{\"@type\":\"WebPage\",\"@id\":\"https:\/\/happieanimals.com\/de\/produkt\/vielseitigkeit-bordeaux-limited-edition-equest\/\",\"url\":\"https:\/\/happieanimals.com\/de\/produkt\/vielseitigkeit-bordeaux-limited-edition-equest\/\",\"name\":\"Vielseitigkeit Bordeaux Limited Edition (Equest)\",\"isPartOf\":{\"@id\":\"https:\/\/happieanimals.com\/de\/#website\"},\"primaryImageOfPage\":{\"@id\":\"https:\/\/happieanimals.com\/de\/produkt\/vielseitigkeit-bordeaux-limited-edition-equest\/#primaryimage\"},\"image\":{\"@id\":\"https:\/\/happieanimals.com\/de\/produkt\/vielseitigkeit-bordeaux-limited-edition-equest\/#primaryimage\"},\"thumbnailUrl\":\"https:\/\/happieanimals.com\/wp-content\/uploads\/2023\/09\/VS_bordeaux.png\",\"datePublished\":\"2023-09-26T14:45:08+00:00\",\"dateModified\":\"2024-11-12T12:38:47+00:00\",\"description\":\"Die beste Schabracke mit Handytasche. Wassergesch\u00fctzt und perfekt f\u00fcr die Happie Horse App.\",\"breadcrumb\":{\"@id\":\"https:\/\/happieanimals.com\/de\/produkt\/vielseitigkeit-bordeaux-limited-edition-equest\/#breadcrumb\"},\"inLanguage\":\"de\",\"potentialAction\":[{\"@type\":\"ReadAction\",\"target\":[\"https:\/\/happieanimals.com\/de\/produkt\/vielseitigkeit-bordeaux-limited-edition-equest\/\"]}]},{\"@type\":\"ImageObject\",\"inLanguage\":\"de\",\"@id\":\"https:\/\/happieanimals.com\/de\/produkt\/vielseitigkeit-bordeaux-limited-edition-equest\/#primaryimage\",\"url\":\"https:\/\/happieanimals.com\/wp-content\/uploads\/2023\/09\/VS_bordeaux.png\",\"contentUrl\":\"https:\/\/happieanimals.com\/wp-content\/uploads\/2023\/09\/VS_bordeaux.png\",\"width\":2560,\"height\":1707},{\"@type\":\"BreadcrumbList\",\"@id\":\"https:\/\/happieanimals.com\/de\/produkt\/vielseitigkeit-bordeaux-limited-edition-equest\/#breadcrumb\",\"itemListElement\":[{\"@type\":\"ListItem\",\"position\":1,\"name\":\"Home\",\"item\":\"https:\/\/happieanimals.com\/de\/\"},{\"@type\":\"ListItem\",\"position\":2,\"name\":\"Shop\",\"item\":\"https:\/\/happieanimals.com\/de\/shop-2\/\"},{\"@type\":\"ListItem\",\"position\":3,\"name\":\"Vielseitigkeit Bordeaux Limited Edition (Equest)\"}]},{\"@type\":\"WebSite\",\"@id\":\"https:\/\/happieanimals.com\/de\/#website\",\"url\":\"https:\/\/happieanimals.com\/de\/\",\"name\":\"Happie Horse App\",\"description\":\"Let\u00b4s create a more happie world for horses, pets and people\",\"publisher\":{\"@id\":\"https:\/\/happieanimals.com\/de\/#organization\"},\"potentialAction\":[{\"@type\":\"SearchAction\",\"target\":{\"@type\":\"EntryPoint\",\"urlTemplate\":\"https:\/\/happieanimals.com\/de\/?s={search_term_string}\"},\"query-input\":{\"@type\":\"PropertyValueSpecification\",\"valueRequired\":true,\"valueName\":\"search_term_string\"}}],\"inLanguage\":\"de\"},{\"@type\":\"Organization\",\"@id\":\"https:\/\/happieanimals.com\/de\/#organization\",\"name\":\"Happie Horse App\",\"url\":\"https:\/\/happieanimals.com\/de\/\",\"logo\":{\"@type\":\"ImageObject\",\"inLanguage\":\"de\",\"@id\":\"https:\/\/happieanimals.com\/de\/#\/schema\/logo\/image\/\",\"url\":\"https:\/\/happieanimals.com\/wp-content\/uploads\/2021\/11\/happie-19.png\",\"contentUrl\":\"https:\/\/happieanimals.com\/wp-content\/uploads\/2021\/11\/happie-19.png\",\"width\":1290,\"height\":530,\"caption\":\"Happie Horse App\"},\"image\":{\"@id\":\"https:\/\/happieanimals.com\/de\/#\/schema\/logo\/image\/\"}}]}<\/script>\n<!-- \/ Yoast SEO Premium plugin. -->","yoast_head_json":{"title":"Vielseitigkeit Bordeaux Limited Edition (Equest)","description":"Die beste Schabracke mit Handytasche. Wassergesch\u00fctzt und perfekt f\u00fcr die Happie Horse App.","robots":{"index":"index","follow":"follow","max-snippet":"max-snippet:-1","max-image-preview":"max-image-preview:large","max-video-preview":"max-video-preview:-1"},"canonical":"https:\/\/happieanimals.com\/de\/produkt\/vielseitigkeit-bordeaux-limited-edition-equest\/","og_locale":"de_DE","og_type":"article","og_title":"Vielseitigkeit Bordeaux Limited Edition (Equest)","og_description":"Die beste Schabracke mit Handytasche. Wassergesch\u00fctzt und perfekt f\u00fcr die Happie Horse App.","og_url":"https:\/\/happieanimals.com\/de\/produkt\/vielseitigkeit-bordeaux-limited-edition-equest\/","og_site_name":"Happie Horse Management App","article_modified_time":"2024-11-12T12:38:47+00:00","og_image":[{"width":1024,"height":683,"url":"https:\/\/happieanimals.com\/wp-content\/uploads\/2023\/09\/VS_bordeaux-1024x683.png","type":"image\/png"}],"twitter_card":"summary_large_image","twitter_misc":{"Gesch\u00e4tzte Lesezeit":"5\u00a0Minuten"},"schema":{"@context":"https:\/\/schema.org","@graph":[{"@type":"WebPage","@id":"https:\/\/happieanimals.com\/de\/produkt\/vielseitigkeit-bordeaux-limited-edition-equest\/","url":"https:\/\/happieanimals.com\/de\/produkt\/vielseitigkeit-bordeaux-limited-edition-equest\/","name":"Vielseitigkeit Bordeaux Limited Edition (Equest)","isPartOf":{"@id":"https:\/\/happieanimals.com\/de\/#website"},"primaryImageOfPage":{"@id":"https:\/\/happieanimals.com\/de\/produkt\/vielseitigkeit-bordeaux-limited-edition-equest\/#primaryimage"},"image":{"@id":"https:\/\/happieanimals.com\/de\/produkt\/vielseitigkeit-bordeaux-limited-edition-equest\/#primaryimage"},"thumbnailUrl":"https:\/\/happieanimals.com\/wp-content\/uploads\/2023\/09\/VS_bordeaux.png","datePublished":"2023-09-26T14:45:08+00:00","dateModified":"2024-11-12T12:38:47+00:00","description":"Die beste Schabracke mit Handytasche. Wassergesch\u00fctzt und perfekt f\u00fcr die Happie Horse App.","breadcrumb":{"@id":"https:\/\/happieanimals.com\/de\/produkt\/vielseitigkeit-bordeaux-limited-edition-equest\/#breadcrumb"},"inLanguage":"de","potentialAction":[{"@type":"ReadAction","target":["https:\/\/happieanimals.com\/de\/produkt\/vielseitigkeit-bordeaux-limited-edition-equest\/"]}]},{"@type":"ImageObject","inLanguage":"de","@id":"https:\/\/happieanimals.com\/de\/produkt\/vielseitigkeit-bordeaux-limited-edition-equest\/#primaryimage","url":"https:\/\/happieanimals.com\/wp-content\/uploads\/2023\/09\/VS_bordeaux.png","contentUrl":"https:\/\/happieanimals.com\/wp-content\/uploads\/2023\/09\/VS_bordeaux.png","width":2560,"height":1707},{"@type":"BreadcrumbList","@id":"https:\/\/happieanimals.com\/de\/produkt\/vielseitigkeit-bordeaux-limited-edition-equest\/#breadcrumb","itemListElement":[{"@type":"ListItem","position":1,"name":"Home","item":"https:\/\/happieanimals.com\/de\/"},{"@type":"ListItem","position":2,"name":"Shop","item":"https:\/\/happieanimals.com\/de\/shop-2\/"},{"@type":"ListItem","position":3,"name":"Vielseitigkeit Bordeaux Limited Edition (Equest)"}]},{"@type":"WebSite","@id":"https:\/\/happieanimals.com\/de\/#website","url":"https:\/\/happieanimals.com\/de\/","name":"Happie Horse App","description":"Let\u00b4s create a more happie world for horses, pets and people","publisher":{"@id":"https:\/\/happieanimals.com\/de\/#organization"},"potentialAction":[{"@type":"SearchAction","target":{"@type":"EntryPoint","urlTemplate":"https:\/\/happieanimals.com\/de\/?s={search_term_string}"},"query-input":{"@type":"PropertyValueSpecification","valueRequired":true,"valueName":"search_term_string"}}],"inLanguage":"de"},{"@type":"Organization","@id":"https:\/\/happieanimals.com\/de\/#organization","name":"Happie Horse App","url":"https:\/\/happieanimals.com\/de\/","logo":{"@type":"ImageObject","inLanguage":"de","@id":"https:\/\/happieanimals.com\/de\/#\/schema\/logo\/image\/","url":"https:\/\/happieanimals.com\/wp-content\/uploads\/2021\/11\/happie-19.png","contentUrl":"https:\/\/happieanimals.com\/wp-content\/uploads\/2021\/11\/happie-19.png","width":1290,"height":530,"caption":"Happie Horse App"},"image":{"@id":"https:\/\/happieanimals.com\/de\/#\/schema\/logo\/image\/"}}]}},"_links":{"self":[{"href":"https:\/\/happieanimals.com\/de\/wp-json\/wp\/v2\/product\/14551","targetHints":{"allow":["GET"]}}],"collection":[{"href":"https:\/\/happieanimals.com\/de\/wp-json\/wp\/v2\/product"}],"about":[{"href":"https:\/\/happieanimals.com\/de\/wp-json\/wp\/v2\/types\/product"}],"wp:featuredmedia":[{"embeddable":true,"href":"https:\/\/happieanimals.com\/de\/wp-json\/wp\/v2\/media\/14552"}],"wp:attachment":[{"href":"https:\/\/happieanimals.com\/de\/wp-json\/wp\/v2\/media?parent=14551"}],"wp:term":[{"taxonomy":"product_brand","embeddable":true,"href":"https:\/\/happieanimals.com\/de\/wp-json\/wp\/v2\/product_brand?post=14551"},{"taxonomy":"product_cat","embeddable":true,"href":"https:\/\/happieanimals.com\/de\/wp-json\/wp\/v2\/product_cat?post=14551"},{"taxonomy":"product_tag","embeddable":true,"href":"https:\/\/happieanimals.com\/de\/wp-json\/wp\/v2\/product_tag?post=14551"}],"curies":[{"name":"wp","href":"https:\/\/api.w.org\/{rel}","templated":true}]}}