{"id":24789,"date":"2024-05-14T10:56:18","date_gmt":"2024-05-14T10:56:18","guid":{"rendered":"https:\/\/happieanimals.com\/?post_type=product&#038;p=24789"},"modified":"2026-03-24T18:18:21","modified_gmt":"2026-03-24T18:18:21","slug":"reitbeteiligung_premium_angebot","status":"publish","type":"product","link":"https:\/\/happieanimals.com\/de\/produkt\/reitbeteiligung_premium_angebot\/","title":{"rendered":"Premium f\u00fcr deine Reitbeteiligung"},"content":{"rendered":"<p><em><strong>Kaufe Premium f\u00fcr deine Reitbeteiligung mit diesem Sonderangebot!<\/strong><\/em><\/p>\n<p>&nbsp;<\/p>\n<p><strong>Achtung!<\/strong><\/p>\n<p><strong>Der Gutscheincode wird dir sp\u00e4testens 6 Stunden nach dem Kauf per E-Mail zugeschickt, sobald deine Zahlung best\u00e4tigt wurde.<\/strong> Der Gutschein kann dann sofort eingel\u00f6st werden. Dein Code kann auf der Bezahlseite in der Happie Horse App eingegeben werden.<\/p>\n<p>&nbsp;<\/p>\n<p><strong>\u00dcber die App:<\/strong><\/p>\n<p>Perfektioniere das Management von Stall, Weide, Gesundheit und Training deines Pferdes.<br \/>\nOrganisiere dein Pferdeleben so, dass du dich auf die Erledigung aller wichtigen Aufgaben konzentrieren kannst, w\u00e4hrend du anstehende Termine beim Tierarzt oder Hufschmied sowie einen Impf- und Entwurmungsplan im Auge beh\u00e4ltst. So hast du dein Pferd immer bei dir!<\/p>\n<p>Lade die App herunter und f\u00fcge deinen Premium-Code hinzu, um dein Reiterleben zu vereinfachen und dein Pferd oder Pony ges\u00fcnder zu machen!<\/p>\n<p>&nbsp;<\/p>\n<p><strong>Das Kleingedruckte:<\/strong><\/p>\n<p>Alle Preise sind in EURO angegeben. Laufende Abonnements werden nicht ersetzt oder gek\u00fcndigt. Hast du weitere Fragen zu Premium? Besuche unseren Hilfe-Bereich oder kontaktiere uns \u00fcber den Nachrichten-Button. Bitte beachte, dass dieses Angebot nur f\u00fcr Nutzer innerhalb der EUROZONE g\u00fcltig ist. Laufende Abonnements werden nicht ersetzt oder gek\u00fcndigt. Bitte erledige dies in deinem Appstore\/Playstore.<\/p>\n","protected":false},"excerpt":{"rendered":"<p>Kaufe Premium f\u00fcr deine Reitbeteiligung mit diesem Sonderangebot! &nbsp; Achtung! Der Gutscheincode wird dir sp\u00e4testens 6 Stunden nach dem Kauf per E-Mail zugeschickt, sobald deine Zahlung best\u00e4tigt wurde. Der Gutschein kann dann sofort eingel\u00f6st werden. Dein Code kann auf der Bezahlseite in der Happie Horse App eingegeben werden. &nbsp; \u00dcber die App: Perfektioniere das Management [&hellip;]<\/p>\n","protected":false},"featured_media":39011,"template":"","meta":{"om_disable_all_campaigns":false},"product_brand":[],"product_cat":[],"product_tag":[],"class_list":{"0":"post-24789","1":"product","2":"type-product","3":"status-publish","4":"has-post-thumbnail","7":"first","8":"instock","9":"sale","10":"virtual","11":"taxable","12":"purchasable","13":"product-type-simple"},"yoast_head":"<!-- This site is optimized with the Yoast SEO Premium plugin v25.2 (Yoast SEO v25.2) - https:\/\/yoast.com\/wordpress\/plugins\/seo\/ -->\n<title>Premium f\u00fcr deine Reitbeteiligung<\/title>\n<meta name=\"description\" content=\"Mit unserem Angebot kannst du deiner Reitbeteiligung, mit der du dein Pferd geteilt hast, f\u00fcr nur 10\u20ac ein ganzes Jahr lang Premium f\u00fcr ihr Konto schenken.\" \/>\n<meta name=\"robots\" content=\"index, follow, max-snippet:-1, max-image-preview:large, max-video-preview:-1\" \/>\n<link rel=\"canonical\" href=\"https:\/\/happieanimals.com\/de\/produkt\/reitbeteiligung_premium_angebot\/\" \/>\n<meta property=\"og:locale\" content=\"de_DE\" \/>\n<meta property=\"og:type\" content=\"article\" \/>\n<meta property=\"og:title\" content=\"Premium f\u00fcr deine Reitbeteiligung\" \/>\n<meta property=\"og:description\" content=\"Mit unserem Angebot kannst du deiner Reitbeteiligung, mit der du dein Pferd geteilt hast, f\u00fcr nur 10\u20ac ein ganzes Jahr lang Premium f\u00fcr ihr Konto schenken.\" \/>\n<meta property=\"og:url\" content=\"https:\/\/happieanimals.com\/de\/produkt\/reitbeteiligung_premium_angebot\/\" \/>\n<meta property=\"og:site_name\" content=\"Happie Horse Management App\" \/>\n<meta property=\"article:modified_time\" content=\"2026-03-24T18:18:21+00:00\" \/>\n<meta property=\"og:image\" content=\"https:\/\/happieanimals.com\/wp-content\/uploads\/2026\/03\/Marz-2026-Jahresabo-fur-RB-1.webp\" \/>\n\t<meta property=\"og:image:width\" content=\"1080\" \/>\n\t<meta property=\"og:image:height\" content=\"1080\" \/>\n\t<meta property=\"og:image:type\" content=\"image\/png\" \/>\n<meta name=\"twitter:card\" content=\"summary_large_image\" \/>\n<meta name=\"twitter:label1\" content=\"Gesch\u00e4tzte Lesezeit\" \/>\n\t<meta name=\"twitter:data1\" content=\"1\u00a0Minute\" \/>\n<script type=\"application\/ld+json\" class=\"yoast-schema-graph\">{\"@context\":\"https:\/\/schema.org\",\"@graph\":[{\"@type\":\"WebPage\",\"@id\":\"https:\/\/happieanimals.com\/de\/produkt\/reitbeteiligung_premium_angebot\/\",\"url\":\"https:\/\/happieanimals.com\/de\/produkt\/reitbeteiligung_premium_angebot\/\",\"name\":\"Premium f\u00fcr deine Reitbeteiligung\",\"isPartOf\":{\"@id\":\"https:\/\/happieanimals.com\/de\/#website\"},\"primaryImageOfPage\":{\"@id\":\"https:\/\/happieanimals.com\/de\/produkt\/reitbeteiligung_premium_angebot\/#primaryimage\"},\"image\":{\"@id\":\"https:\/\/happieanimals.com\/de\/produkt\/reitbeteiligung_premium_angebot\/#primaryimage\"},\"thumbnailUrl\":\"https:\/\/happieanimals.com\/wp-content\/uploads\/2026\/03\/Marz-2026-Jahresabo-fur-RB-1.webp\",\"datePublished\":\"2024-05-14T10:56:18+00:00\",\"dateModified\":\"2026-03-24T18:18:21+00:00\",\"description\":\"Mit unserem Angebot kannst du deiner Reitbeteiligung, mit der du dein Pferd geteilt hast, f\u00fcr nur 10\u20ac ein ganzes Jahr lang Premium f\u00fcr ihr Konto schenken.\",\"breadcrumb\":{\"@id\":\"https:\/\/happieanimals.com\/de\/produkt\/reitbeteiligung_premium_angebot\/#breadcrumb\"},\"inLanguage\":\"de\",\"potentialAction\":[{\"@type\":\"ReadAction\",\"target\":[\"https:\/\/happieanimals.com\/de\/produkt\/reitbeteiligung_premium_angebot\/\"]}]},{\"@type\":\"ImageObject\",\"inLanguage\":\"de\",\"@id\":\"https:\/\/happieanimals.com\/de\/produkt\/reitbeteiligung_premium_angebot\/#primaryimage\",\"url\":\"https:\/\/happieanimals.com\/wp-content\/uploads\/2026\/03\/Marz-2026-Jahresabo-fur-RB-1.webp\",\"contentUrl\":\"https:\/\/happieanimals.com\/wp-content\/uploads\/2026\/03\/Marz-2026-Jahresabo-fur-RB-1.webp\",\"width\":1080,\"height\":1080},{\"@type\":\"BreadcrumbList\",\"@id\":\"https:\/\/happieanimals.com\/de\/produkt\/reitbeteiligung_premium_angebot\/#breadcrumb\",\"itemListElement\":[{\"@type\":\"ListItem\",\"position\":1,\"name\":\"Home\",\"item\":\"https:\/\/happieanimals.com\/de\/\"},{\"@type\":\"ListItem\",\"position\":2,\"name\":\"Shop\",\"item\":\"https:\/\/happieanimals.com\/de\/shop-2\/\"},{\"@type\":\"ListItem\",\"position\":3,\"name\":\"Premium f\u00fcr deine Reitbeteiligung\"}]},{\"@type\":\"WebSite\",\"@id\":\"https:\/\/happieanimals.com\/de\/#website\",\"url\":\"https:\/\/happieanimals.com\/de\/\",\"name\":\"Happie Horse App\",\"description\":\"Let\u00b4s create a more happie world for horses, pets and people\",\"publisher\":{\"@id\":\"https:\/\/happieanimals.com\/de\/#organization\"},\"potentialAction\":[{\"@type\":\"SearchAction\",\"target\":{\"@type\":\"EntryPoint\",\"urlTemplate\":\"https:\/\/happieanimals.com\/de\/?s={search_term_string}\"},\"query-input\":{\"@type\":\"PropertyValueSpecification\",\"valueRequired\":true,\"valueName\":\"search_term_string\"}}],\"inLanguage\":\"de\"},{\"@type\":\"Organization\",\"@id\":\"https:\/\/happieanimals.com\/de\/#organization\",\"name\":\"Happie Horse App\",\"url\":\"https:\/\/happieanimals.com\/de\/\",\"logo\":{\"@type\":\"ImageObject\",\"inLanguage\":\"de\",\"@id\":\"https:\/\/happieanimals.com\/de\/#\/schema\/logo\/image\/\",\"url\":\"https:\/\/happieanimals.com\/wp-content\/uploads\/2021\/11\/happie-19.png\",\"contentUrl\":\"https:\/\/happieanimals.com\/wp-content\/uploads\/2021\/11\/happie-19.png\",\"width\":1290,\"height\":530,\"caption\":\"Happie Horse App\"},\"image\":{\"@id\":\"https:\/\/happieanimals.com\/de\/#\/schema\/logo\/image\/\"}}]}<\/script>\n<!-- \/ Yoast SEO Premium plugin. -->","yoast_head_json":{"title":"Premium f\u00fcr deine Reitbeteiligung","description":"Mit unserem Angebot kannst du deiner Reitbeteiligung, mit der du dein Pferd geteilt hast, f\u00fcr nur 10\u20ac ein ganzes Jahr lang Premium f\u00fcr ihr Konto schenken.","robots":{"index":"index","follow":"follow","max-snippet":"max-snippet:-1","max-image-preview":"max-image-preview:large","max-video-preview":"max-video-preview:-1"},"canonical":"https:\/\/happieanimals.com\/de\/produkt\/reitbeteiligung_premium_angebot\/","og_locale":"de_DE","og_type":"article","og_title":"Premium f\u00fcr deine Reitbeteiligung","og_description":"Mit unserem Angebot kannst du deiner Reitbeteiligung, mit der du dein Pferd geteilt hast, f\u00fcr nur 10\u20ac ein ganzes Jahr lang Premium f\u00fcr ihr Konto schenken.","og_url":"https:\/\/happieanimals.com\/de\/produkt\/reitbeteiligung_premium_angebot\/","og_site_name":"Happie Horse Management App","article_modified_time":"2026-03-24T18:18:21+00:00","og_image":[{"width":1080,"height":1080,"url":"https:\/\/happieanimals.com\/wp-content\/uploads\/2026\/03\/Marz-2026-Jahresabo-fur-RB-1.webp","type":"image\/png"}],"twitter_card":"summary_large_image","twitter_misc":{"Gesch\u00e4tzte Lesezeit":"1\u00a0Minute"},"schema":{"@context":"https:\/\/schema.org","@graph":[{"@type":"WebPage","@id":"https:\/\/happieanimals.com\/de\/produkt\/reitbeteiligung_premium_angebot\/","url":"https:\/\/happieanimals.com\/de\/produkt\/reitbeteiligung_premium_angebot\/","name":"Premium f\u00fcr deine Reitbeteiligung","isPartOf":{"@id":"https:\/\/happieanimals.com\/de\/#website"},"primaryImageOfPage":{"@id":"https:\/\/happieanimals.com\/de\/produkt\/reitbeteiligung_premium_angebot\/#primaryimage"},"image":{"@id":"https:\/\/happieanimals.com\/de\/produkt\/reitbeteiligung_premium_angebot\/#primaryimage"},"thumbnailUrl":"https:\/\/happieanimals.com\/wp-content\/uploads\/2026\/03\/Marz-2026-Jahresabo-fur-RB-1.webp","datePublished":"2024-05-14T10:56:18+00:00","dateModified":"2026-03-24T18:18:21+00:00","description":"Mit unserem Angebot kannst du deiner Reitbeteiligung, mit der du dein Pferd geteilt hast, f\u00fcr nur 10\u20ac ein ganzes Jahr lang Premium f\u00fcr ihr Konto schenken.","breadcrumb":{"@id":"https:\/\/happieanimals.com\/de\/produkt\/reitbeteiligung_premium_angebot\/#breadcrumb"},"inLanguage":"de","potentialAction":[{"@type":"ReadAction","target":["https:\/\/happieanimals.com\/de\/produkt\/reitbeteiligung_premium_angebot\/"]}]},{"@type":"ImageObject","inLanguage":"de","@id":"https:\/\/happieanimals.com\/de\/produkt\/reitbeteiligung_premium_angebot\/#primaryimage","url":"https:\/\/happieanimals.com\/wp-content\/uploads\/2026\/03\/Marz-2026-Jahresabo-fur-RB-1.webp","contentUrl":"https:\/\/happieanimals.com\/wp-content\/uploads\/2026\/03\/Marz-2026-Jahresabo-fur-RB-1.webp","width":1080,"height":1080},{"@type":"BreadcrumbList","@id":"https:\/\/happieanimals.com\/de\/produkt\/reitbeteiligung_premium_angebot\/#breadcrumb","itemListElement":[{"@type":"ListItem","position":1,"name":"Home","item":"https:\/\/happieanimals.com\/de\/"},{"@type":"ListItem","position":2,"name":"Shop","item":"https:\/\/happieanimals.com\/de\/shop-2\/"},{"@type":"ListItem","position":3,"name":"Premium f\u00fcr deine Reitbeteiligung"}]},{"@type":"WebSite","@id":"https:\/\/happieanimals.com\/de\/#website","url":"https:\/\/happieanimals.com\/de\/","name":"Happie Horse App","description":"Let\u00b4s create a more happie world for horses, pets and people","publisher":{"@id":"https:\/\/happieanimals.com\/de\/#organization"},"potentialAction":[{"@type":"SearchAction","target":{"@type":"EntryPoint","urlTemplate":"https:\/\/happieanimals.com\/de\/?s={search_term_string}"},"query-input":{"@type":"PropertyValueSpecification","valueRequired":true,"valueName":"search_term_string"}}],"inLanguage":"de"},{"@type":"Organization","@id":"https:\/\/happieanimals.com\/de\/#organization","name":"Happie Horse App","url":"https:\/\/happieanimals.com\/de\/","logo":{"@type":"ImageObject","inLanguage":"de","@id":"https:\/\/happieanimals.com\/de\/#\/schema\/logo\/image\/","url":"https:\/\/happieanimals.com\/wp-content\/uploads\/2021\/11\/happie-19.png","contentUrl":"https:\/\/happieanimals.com\/wp-content\/uploads\/2021\/11\/happie-19.png","width":1290,"height":530,"caption":"Happie Horse App"},"image":{"@id":"https:\/\/happieanimals.com\/de\/#\/schema\/logo\/image\/"}}]}},"_links":{"self":[{"href":"https:\/\/happieanimals.com\/de\/wp-json\/wp\/v2\/product\/24789","targetHints":{"allow":["GET"]}}],"collection":[{"href":"https:\/\/happieanimals.com\/de\/wp-json\/wp\/v2\/product"}],"about":[{"href":"https:\/\/happieanimals.com\/de\/wp-json\/wp\/v2\/types\/product"}],"wp:featuredmedia":[{"embeddable":true,"href":"https:\/\/happieanimals.com\/de\/wp-json\/wp\/v2\/media\/39011"}],"wp:attachment":[{"href":"https:\/\/happieanimals.com\/de\/wp-json\/wp\/v2\/media?parent=24789"}],"wp:term":[{"taxonomy":"product_brand","embeddable":true,"href":"https:\/\/happieanimals.com\/de\/wp-json\/wp\/v2\/product_brand?post=24789"},{"taxonomy":"product_cat","embeddable":true,"href":"https:\/\/happieanimals.com\/de\/wp-json\/wp\/v2\/product_cat?post=24789"},{"taxonomy":"product_tag","embeddable":true,"href":"https:\/\/happieanimals.com\/de\/wp-json\/wp\/v2\/product_tag?post=24789"}],"curies":[{"name":"wp","href":"https:\/\/api.w.org\/{rel}","templated":true}]}}