{"id":34800,"date":"2024-12-12T19:08:29","date_gmt":"2024-12-12T19:08:29","guid":{"rendered":"https:\/\/happieanimals.com\/?post_type=product&#038;p=34800"},"modified":"2025-01-14T13:21:30","modified_gmt":"2025-01-14T13:21:30","slug":"selene","status":"publish","type":"product","link":"https:\/\/happieanimals.com\/de\/produkt\/selene\/","title":{"rendered":"HappieVet SelenPlusE"},"content":{"rendered":"<p><strong>Ein organischer Selenkomplex, der die Aufrechterhaltung eines gesunden Stoffwechsels und Immunsystems unterst\u00fctzt.<\/strong><br \/>\n<strong>OrSel-50 ist ein Erg\u00e4nzungsfuttermittel, das eine hohe Selenkonzentration mit Vitamin E kombiniert.<\/strong><br \/>\n<strong>Es eignet sich f\u00fcr Pferde, bei denen ein Selenmangel von Ihrem F\u00fctterungsberater oder Tierarzt festgestellt wurde.<\/strong><\/p>\n<p>&nbsp;<\/p>\n<p>Diese Pulverformel kann in einer Menge von 20 g t\u00e4glich zur Unterst\u00fctzung des k\u00f6rperlichen Wohlbefindens von Pferden aller Altersgruppen und Disziplinen verabreicht werden.<\/p>\n<p>&nbsp;<\/p>\n<p><strong>Zusammensetzung:\u00a0<\/strong>Dextrose Monohydrat (Traubenzucker)<\/p>\n<p>&nbsp;<\/p>\n<p><strong>Zusatzstoffe pro 1kg:<\/strong><\/p>\n<p><strong><br \/>\nVitamine:<\/strong><\/p>\n<p>3a700 Vitamin E (a-Tocopherol) 20.000 mg<\/p>\n<p><strong>Spurenelemente:<\/strong><\/p>\n<p>Selen (als 3b8.10 Saccharonmyces Cerevisiae CNCM I-3060)* 50 mg<\/p>\n<p>* organisch gebunden<\/p>\n<p><strong>Analytische Bestandteile:<\/strong><\/p>\n<p>Rohprotein 0 %, Roh\u00f6l und -fett 0 %, Rohfaser 0 %, Rohasche 1 %, Natrium 0 %<\/p>\n<p><strong>F\u00fctterungsempfehlung:<\/strong><\/p>\n<p>40 g t\u00e4glich, mit dem normalen Futter verabreicht. Die t\u00e4gliche F\u00fctterung sollte nur nach Absprache mit dem Tierarzt \u00fcberschritten werden.<\/p>\n<p>Selen kann giftig sein. Empfohlene F\u00fctterungsmenge nicht \u00fcberschreiten. Angemessene Schutzkleidung w\u00e4hrend der Anwendung tragen (Atemschutz, Sicherheitsbrille und Handschuhe).<\/p>\n<p>Vor der Anwendung mit Ihrem Tierarzt R\u00fccksprache halten.<\/p>\n<p><strong>Erg\u00e4nzungsfuttermittel f\u00fcr Pferde<\/strong><\/p>\n<p>Ausschlie\u00dflich zur F\u00fctterung an Pferde geeignet. Au\u00dferhalb der Reichweite von Kindern aufbewahren. An einem k\u00fchlen, trockenen Ort lagern. Nicht einfrieren. Die Verabreichung an Sportpferde kann unter Umst\u00e4nden mit den nationalen Regeln des Pferdesports in Konflikt geraten, daher immer bei der zust\u00e4ndigen Beh\u00f6rde nachfragen. Bitte halten Sie sich an die F\u00fctterungsempfehlung.<\/p>\n","protected":false},"excerpt":{"rendered":"<p><strong>STOFFWECHSEL &amp; IMMUNSYSTEM BOOST <\/strong>+ 30 Tage Happie Premium Code<\/p>\n<p>Organischer Selenkomplex zur Unterst\u00fctzung der Aufrechterhaltung eines gesunden Stoffwechsels und Immunsystems. Bioverf\u00fcgbar &#8211; Der K\u00f6rper kann organische Selenverbindungen besser aufnehmen und verwerten. Antioxidative Wirkung &#8211; Neutralisieren sch\u00e4dliche freie Radikale im K\u00f6rper von Pferden<\/p>\n","protected":false},"featured_media":34851,"template":"","meta":{"om_disable_all_campaigns":false},"product_brand":[],"product_cat":[246],"product_tag":[248],"class_list":{"0":"post-34800","1":"product","2":"type-product","3":"status-publish","4":"has-post-thumbnail","6":"product_cat-nutrition","7":"product_tag-happievet","9":"first","10":"instock","11":"taxable","12":"shipping-taxable","13":"purchasable","14":"product-type-simple"},"yoast_head":"<!-- This site is optimized with the Yoast SEO Premium plugin v25.2 (Yoast SEO v25.2) - https:\/\/yoast.com\/wordpress\/plugins\/seo\/ -->\n<title>HappieVet SelenPlusE<\/title>\n<meta name=\"description\" content=\"Organischer Selenkomplex zur Unterst\u00fctzung der Aufrechterhaltung eines gesunden Stoffwechsels und Immunsystems deines Pferdes.\" \/>\n<meta name=\"robots\" content=\"index, follow, max-snippet:-1, max-image-preview:large, max-video-preview:-1\" \/>\n<link rel=\"canonical\" href=\"https:\/\/happieanimals.com\/de\/produkt\/selene\/\" \/>\n<meta property=\"og:locale\" content=\"de_DE\" \/>\n<meta property=\"og:type\" content=\"article\" \/>\n<meta property=\"og:title\" content=\"HappieVet SelenPlusE\" \/>\n<meta property=\"og:description\" content=\"Organischer Selenkomplex zur Unterst\u00fctzung der Aufrechterhaltung eines gesunden Stoffwechsels und Immunsystems deines Pferdes.\" \/>\n<meta property=\"og:url\" content=\"https:\/\/happieanimals.com\/de\/produkt\/selene\/\" \/>\n<meta property=\"og:site_name\" content=\"Happie Horse Management App\" \/>\n<meta property=\"article:modified_time\" content=\"2025-01-14T13:21:30+00:00\" \/>\n<meta property=\"og:image\" content=\"https:\/\/happieanimals.com\/wp-content\/uploads\/2024\/12\/SelenPlusE.webp\" \/>\n\t<meta property=\"og:image:width\" content=\"1120\" \/>\n\t<meta property=\"og:image:height\" content=\"1120\" \/>\n\t<meta property=\"og:image:type\" content=\"image\/webp\" \/>\n<meta name=\"twitter:card\" content=\"summary_large_image\" \/>\n<meta name=\"twitter:label1\" content=\"Gesch\u00e4tzte Lesezeit\" \/>\n\t<meta name=\"twitter:data1\" content=\"2\u00a0Minuten\" \/>\n<script type=\"application\/ld+json\" class=\"yoast-schema-graph\">{\"@context\":\"https:\/\/schema.org\",\"@graph\":[{\"@type\":\"WebPage\",\"@id\":\"https:\/\/happieanimals.com\/de\/produkt\/selene\/\",\"url\":\"https:\/\/happieanimals.com\/de\/produkt\/selene\/\",\"name\":\"HappieVet SelenPlusE\",\"isPartOf\":{\"@id\":\"https:\/\/happieanimals.com\/de\/#website\"},\"primaryImageOfPage\":{\"@id\":\"https:\/\/happieanimals.com\/de\/produkt\/selene\/#primaryimage\"},\"image\":{\"@id\":\"https:\/\/happieanimals.com\/de\/produkt\/selene\/#primaryimage\"},\"thumbnailUrl\":\"https:\/\/happieanimals.com\/wp-content\/uploads\/2024\/12\/SelenPlusE.webp\",\"datePublished\":\"2024-12-12T19:08:29+00:00\",\"dateModified\":\"2025-01-14T13:21:30+00:00\",\"description\":\"Organischer Selenkomplex zur Unterst\u00fctzung der Aufrechterhaltung eines gesunden Stoffwechsels und Immunsystems deines Pferdes.\",\"breadcrumb\":{\"@id\":\"https:\/\/happieanimals.com\/de\/produkt\/selene\/#breadcrumb\"},\"inLanguage\":\"de\",\"potentialAction\":[{\"@type\":\"ReadAction\",\"target\":[\"https:\/\/happieanimals.com\/de\/produkt\/selene\/\"]}]},{\"@type\":\"ImageObject\",\"inLanguage\":\"de\",\"@id\":\"https:\/\/happieanimals.com\/de\/produkt\/selene\/#primaryimage\",\"url\":\"https:\/\/happieanimals.com\/wp-content\/uploads\/2024\/12\/SelenPlusE.webp\",\"contentUrl\":\"https:\/\/happieanimals.com\/wp-content\/uploads\/2024\/12\/SelenPlusE.webp\",\"width\":1120,\"height\":1120},{\"@type\":\"BreadcrumbList\",\"@id\":\"https:\/\/happieanimals.com\/de\/produkt\/selene\/#breadcrumb\",\"itemListElement\":[{\"@type\":\"ListItem\",\"position\":1,\"name\":\"Home\",\"item\":\"https:\/\/happieanimals.com\/de\/\"},{\"@type\":\"ListItem\",\"position\":2,\"name\":\"Shop\",\"item\":\"https:\/\/happieanimals.com\/de\/shop-2\/\"},{\"@type\":\"ListItem\",\"position\":3,\"name\":\"HappieVet SelenPlusE\"}]},{\"@type\":\"WebSite\",\"@id\":\"https:\/\/happieanimals.com\/de\/#website\",\"url\":\"https:\/\/happieanimals.com\/de\/\",\"name\":\"Happie Horse App\",\"description\":\"Let\u00b4s create a more happie world for horses, pets and people\",\"publisher\":{\"@id\":\"https:\/\/happieanimals.com\/de\/#organization\"},\"potentialAction\":[{\"@type\":\"SearchAction\",\"target\":{\"@type\":\"EntryPoint\",\"urlTemplate\":\"https:\/\/happieanimals.com\/de\/?s={search_term_string}\"},\"query-input\":{\"@type\":\"PropertyValueSpecification\",\"valueRequired\":true,\"valueName\":\"search_term_string\"}}],\"inLanguage\":\"de\"},{\"@type\":\"Organization\",\"@id\":\"https:\/\/happieanimals.com\/de\/#organization\",\"name\":\"Happie Horse App\",\"url\":\"https:\/\/happieanimals.com\/de\/\",\"logo\":{\"@type\":\"ImageObject\",\"inLanguage\":\"de\",\"@id\":\"https:\/\/happieanimals.com\/de\/#\/schema\/logo\/image\/\",\"url\":\"https:\/\/happieanimals.com\/wp-content\/uploads\/2021\/11\/happie-19.png\",\"contentUrl\":\"https:\/\/happieanimals.com\/wp-content\/uploads\/2021\/11\/happie-19.png\",\"width\":1290,\"height\":530,\"caption\":\"Happie Horse App\"},\"image\":{\"@id\":\"https:\/\/happieanimals.com\/de\/#\/schema\/logo\/image\/\"}}]}<\/script>\n<!-- \/ Yoast SEO Premium plugin. -->","yoast_head_json":{"title":"HappieVet SelenPlusE","description":"Organischer Selenkomplex zur Unterst\u00fctzung der Aufrechterhaltung eines gesunden Stoffwechsels und Immunsystems deines Pferdes.","robots":{"index":"index","follow":"follow","max-snippet":"max-snippet:-1","max-image-preview":"max-image-preview:large","max-video-preview":"max-video-preview:-1"},"canonical":"https:\/\/happieanimals.com\/de\/produkt\/selene\/","og_locale":"de_DE","og_type":"article","og_title":"HappieVet SelenPlusE","og_description":"Organischer Selenkomplex zur Unterst\u00fctzung der Aufrechterhaltung eines gesunden Stoffwechsels und Immunsystems deines Pferdes.","og_url":"https:\/\/happieanimals.com\/de\/produkt\/selene\/","og_site_name":"Happie Horse Management App","article_modified_time":"2025-01-14T13:21:30+00:00","og_image":[{"width":1120,"height":1120,"url":"https:\/\/happieanimals.com\/wp-content\/uploads\/2024\/12\/SelenPlusE.webp","type":"image\/webp"}],"twitter_card":"summary_large_image","twitter_misc":{"Gesch\u00e4tzte Lesezeit":"2\u00a0Minuten"},"schema":{"@context":"https:\/\/schema.org","@graph":[{"@type":"WebPage","@id":"https:\/\/happieanimals.com\/de\/produkt\/selene\/","url":"https:\/\/happieanimals.com\/de\/produkt\/selene\/","name":"HappieVet SelenPlusE","isPartOf":{"@id":"https:\/\/happieanimals.com\/de\/#website"},"primaryImageOfPage":{"@id":"https:\/\/happieanimals.com\/de\/produkt\/selene\/#primaryimage"},"image":{"@id":"https:\/\/happieanimals.com\/de\/produkt\/selene\/#primaryimage"},"thumbnailUrl":"https:\/\/happieanimals.com\/wp-content\/uploads\/2024\/12\/SelenPlusE.webp","datePublished":"2024-12-12T19:08:29+00:00","dateModified":"2025-01-14T13:21:30+00:00","description":"Organischer Selenkomplex zur Unterst\u00fctzung der Aufrechterhaltung eines gesunden Stoffwechsels und Immunsystems deines Pferdes.","breadcrumb":{"@id":"https:\/\/happieanimals.com\/de\/produkt\/selene\/#breadcrumb"},"inLanguage":"de","potentialAction":[{"@type":"ReadAction","target":["https:\/\/happieanimals.com\/de\/produkt\/selene\/"]}]},{"@type":"ImageObject","inLanguage":"de","@id":"https:\/\/happieanimals.com\/de\/produkt\/selene\/#primaryimage","url":"https:\/\/happieanimals.com\/wp-content\/uploads\/2024\/12\/SelenPlusE.webp","contentUrl":"https:\/\/happieanimals.com\/wp-content\/uploads\/2024\/12\/SelenPlusE.webp","width":1120,"height":1120},{"@type":"BreadcrumbList","@id":"https:\/\/happieanimals.com\/de\/produkt\/selene\/#breadcrumb","itemListElement":[{"@type":"ListItem","position":1,"name":"Home","item":"https:\/\/happieanimals.com\/de\/"},{"@type":"ListItem","position":2,"name":"Shop","item":"https:\/\/happieanimals.com\/de\/shop-2\/"},{"@type":"ListItem","position":3,"name":"HappieVet SelenPlusE"}]},{"@type":"WebSite","@id":"https:\/\/happieanimals.com\/de\/#website","url":"https:\/\/happieanimals.com\/de\/","name":"Happie Horse App","description":"Let\u00b4s create a more happie world for horses, pets and people","publisher":{"@id":"https:\/\/happieanimals.com\/de\/#organization"},"potentialAction":[{"@type":"SearchAction","target":{"@type":"EntryPoint","urlTemplate":"https:\/\/happieanimals.com\/de\/?s={search_term_string}"},"query-input":{"@type":"PropertyValueSpecification","valueRequired":true,"valueName":"search_term_string"}}],"inLanguage":"de"},{"@type":"Organization","@id":"https:\/\/happieanimals.com\/de\/#organization","name":"Happie Horse App","url":"https:\/\/happieanimals.com\/de\/","logo":{"@type":"ImageObject","inLanguage":"de","@id":"https:\/\/happieanimals.com\/de\/#\/schema\/logo\/image\/","url":"https:\/\/happieanimals.com\/wp-content\/uploads\/2021\/11\/happie-19.png","contentUrl":"https:\/\/happieanimals.com\/wp-content\/uploads\/2021\/11\/happie-19.png","width":1290,"height":530,"caption":"Happie Horse App"},"image":{"@id":"https:\/\/happieanimals.com\/de\/#\/schema\/logo\/image\/"}}]}},"_links":{"self":[{"href":"https:\/\/happieanimals.com\/de\/wp-json\/wp\/v2\/product\/34800","targetHints":{"allow":["GET"]}}],"collection":[{"href":"https:\/\/happieanimals.com\/de\/wp-json\/wp\/v2\/product"}],"about":[{"href":"https:\/\/happieanimals.com\/de\/wp-json\/wp\/v2\/types\/product"}],"wp:featuredmedia":[{"embeddable":true,"href":"https:\/\/happieanimals.com\/de\/wp-json\/wp\/v2\/media\/34851"}],"wp:attachment":[{"href":"https:\/\/happieanimals.com\/de\/wp-json\/wp\/v2\/media?parent=34800"}],"wp:term":[{"taxonomy":"product_brand","embeddable":true,"href":"https:\/\/happieanimals.com\/de\/wp-json\/wp\/v2\/product_brand?post=34800"},{"taxonomy":"product_cat","embeddable":true,"href":"https:\/\/happieanimals.com\/de\/wp-json\/wp\/v2\/product_cat?post=34800"},{"taxonomy":"product_tag","embeddable":true,"href":"https:\/\/happieanimals.com\/de\/wp-json\/wp\/v2\/product_tag?post=34800"}],"curies":[{"name":"wp","href":"https:\/\/api.w.org\/{rel}","templated":true}]}}