{"id":34830,"date":"2024-12-15T13:45:23","date_gmt":"2024-12-15T13:45:23","guid":{"rendered":"https:\/\/happieanimals.com\/?post_type=product&#038;p=34830"},"modified":"2025-01-14T13:21:23","modified_gmt":"2025-01-14T13:21:23","slug":"happievet-magenunddarm","status":"publish","type":"product","link":"https:\/\/happieanimals.com\/de\/produkt\/happievet-magenunddarm\/","title":{"rendered":"HappieVet MagenUndDarm"},"content":{"rendered":"<p><strong>Ein synbiotischer Komplex zur Unterst\u00fctzung eines gesunden Verdauungs- und Magensystems.<\/strong><\/p>\n<p>Geeignet als Langzeitanwendung zur St\u00e4rkung des Immunsystems und des generellen Wohlbefinden des Pferdes.<\/p>\n<p>Kombiniert pr\u00e4biotische Fructo-Oligosaccharide &amp; eine wirksame Form des Probiotikums Saccharomyces Cerevisiae 1&#215;1012 zum Aufbau und zur Verbesserung der Darmflora. Essentielle Aminos\u00e4ure Threonin zur Unterst\u00fctzung der Darmschleimhautsynthese.<\/p>\n<p>Enth\u00e4lt zudem eine Mischung aus wichtigen Vitaminen zur Unterst\u00fctzung der Gesundheit wie<br \/>\nVitamin E, Vitamin C und B-Vitamine (B1, B2 und B12).<\/p>\n","protected":false},"excerpt":{"rendered":"<p><strong>AKTIVER MAGEN &amp; DARM<\/strong> + 30 Tage Happie Premium Code<\/p>\n<p>Ein konzentrierter Probiotikum- und Vitaminkomplex zur Unterst\u00fctzung einer normalen Magen- und Darmfunktion.<\/p>\n<ul>\n<li>Darmkur &#8211; nach Wurmkuren\u00a0&amp; Impfungen &#8211; Fructo-Oligosaccharide und Hefe unterst\u00fctzen eine gesunde Darmflora<\/li>\n<li>St\u00e4rkung des Immunsystems Vitamin E, Vitamin C und Vitamin B12<\/li>\n<li>Unterst\u00fctzt die Aufnahme &#8211; Pre- und Probiotika helfen dem Pferd, verabreichte Futtermittel effektiver zu nutzen<\/li>\n<\/ul>\n<p><strong>Zusammensetzung:<br \/>\n<\/strong>Fructooligosaccharide, Hefe<\/p>\n<p><strong>Zusatzstoffe pro kg:<br \/>\n<\/strong>Darmflora Stabilisator Saccharomyces Cerevisiae 4b 1702, (CNCM I-4407) 1&#215;1012 KbE\/kg<\/p>\n<p><strong>Vitamine pro kg:<br \/>\n<\/strong>Vitamin E (Tocopherol) 7.500 mg, Vitamin C (Ascobins\u00e4ure) E300 5.000 mg, Vitamin B1 (Thiamin) 1.000 mg, Vitamin B2 (Riboflavin) 2.000 mg, Pantothens\u00e4ure 6.000 mg, Niacin &#8211; Nikotins\u00e4ure 5.000 mg<\/p>\n<p><strong>Aminos\u00e4uren pro kg:<br \/>\n<\/strong>Threonin 3.3.1 370.000 mg<\/p>\n<p><strong>Analytische Bestandteile:<br \/>\n<\/strong>Rohprotein 45 %, Roh\u00f6l 1 %, Rohfaser 4 %, Rohasche 5 %, Feuchtigkeit 0 %, Natrium 0 %<\/p>\n<p>&nbsp;<\/p>\n<p><strong>F\u00fctterungsempfehlung:<\/strong><\/p>\n<p>Profix wird mit dem normalen Futter vermischt. Alle Pferde: 10 g t\u00e4glich. Bei Stresssituationen und zur verbesserten Wirkung: 20 g t\u00e4glich.<\/p>\n<p>Hinweis: Sorgen Sie zu jeder Zeit f\u00fcr frisches Trinkwasser.<\/p>\n<p>Erg\u00e4nzungsfuttermittel f\u00fcr Pferde<\/p>\n<p>Ausschlie\u00dflich zur F\u00fctterung an Pferde geeignet. Au\u00dferhalb der Reichweite von Kindern aufbewahren. An einem k\u00fchlen, trockenen Ort lagern. Nicht einfrieren. Die Verabreichung an Sportpferde kann unter Umst\u00e4nden mit den nationalen Regeln des Pferdesports in Konflikt geraten, daher immer bei der zust\u00e4ndigen Beh\u00f6rde nachfragen. Bitte halten Sie sich an die F\u00fctterungsempfehlung.<\/p>\n","protected":false},"featured_media":34848,"template":"","meta":{"om_disable_all_campaigns":false},"product_brand":[],"product_cat":[246],"product_tag":[248],"class_list":{"0":"post-34830","1":"product","2":"type-product","3":"status-publish","4":"has-post-thumbnail","6":"product_cat-nutrition","7":"product_tag-happievet","9":"first","10":"instock","11":"taxable","12":"shipping-taxable","13":"purchasable","14":"product-type-simple"},"yoast_head":"<!-- This site is optimized with the Yoast SEO Premium plugin v25.2 (Yoast SEO v25.2) - https:\/\/yoast.com\/wordpress\/plugins\/seo\/ -->\n<title>HappieVet MagenUndDarm<\/title>\n<meta name=\"description\" content=\"Ein synbiotischer Komplex zur Unterst\u00fctzung eines gesunden Verdauungs- und Magensystems.\" \/>\n<meta name=\"robots\" content=\"index, follow, max-snippet:-1, max-image-preview:large, max-video-preview:-1\" \/>\n<link rel=\"canonical\" href=\"https:\/\/happieanimals.com\/de\/produkt\/happievet-magenunddarm\/\" \/>\n<meta property=\"og:locale\" content=\"de_DE\" \/>\n<meta property=\"og:type\" content=\"article\" \/>\n<meta property=\"og:title\" content=\"HappieVet MagenUndDarm\" \/>\n<meta property=\"og:description\" content=\"Ein synbiotischer Komplex zur Unterst\u00fctzung eines gesunden Verdauungs- und Magensystems.\" \/>\n<meta property=\"og:url\" content=\"https:\/\/happieanimals.com\/de\/produkt\/happievet-magenunddarm\/\" \/>\n<meta property=\"og:site_name\" content=\"Happie Horse Management App\" \/>\n<meta property=\"article:modified_time\" content=\"2025-01-14T13:21:23+00:00\" \/>\n<meta property=\"og:image\" content=\"https:\/\/happieanimals.com\/wp-content\/uploads\/2024\/12\/MagenUndDarm.webp\" \/>\n\t<meta property=\"og:image:width\" content=\"1120\" \/>\n\t<meta property=\"og:image:height\" content=\"1120\" \/>\n\t<meta property=\"og:image:type\" content=\"image\/webp\" \/>\n<meta name=\"twitter:card\" content=\"summary_large_image\" \/>\n<meta name=\"twitter:label1\" content=\"Gesch\u00e4tzte Lesezeit\" \/>\n\t<meta name=\"twitter:data1\" content=\"1\u00a0Minute\" \/>\n<script type=\"application\/ld+json\" class=\"yoast-schema-graph\">{\"@context\":\"https:\/\/schema.org\",\"@graph\":[{\"@type\":\"WebPage\",\"@id\":\"https:\/\/happieanimals.com\/de\/produkt\/happievet-magenunddarm\/\",\"url\":\"https:\/\/happieanimals.com\/de\/produkt\/happievet-magenunddarm\/\",\"name\":\"HappieVet MagenUndDarm\",\"isPartOf\":{\"@id\":\"https:\/\/happieanimals.com\/de\/#website\"},\"primaryImageOfPage\":{\"@id\":\"https:\/\/happieanimals.com\/de\/produkt\/happievet-magenunddarm\/#primaryimage\"},\"image\":{\"@id\":\"https:\/\/happieanimals.com\/de\/produkt\/happievet-magenunddarm\/#primaryimage\"},\"thumbnailUrl\":\"https:\/\/happieanimals.com\/wp-content\/uploads\/2024\/12\/MagenUndDarm.webp\",\"datePublished\":\"2024-12-15T13:45:23+00:00\",\"dateModified\":\"2025-01-14T13:21:23+00:00\",\"description\":\"Ein synbiotischer Komplex zur Unterst\u00fctzung eines gesunden Verdauungs- und Magensystems.\",\"breadcrumb\":{\"@id\":\"https:\/\/happieanimals.com\/de\/produkt\/happievet-magenunddarm\/#breadcrumb\"},\"inLanguage\":\"de\",\"potentialAction\":[{\"@type\":\"ReadAction\",\"target\":[\"https:\/\/happieanimals.com\/de\/produkt\/happievet-magenunddarm\/\"]}]},{\"@type\":\"ImageObject\",\"inLanguage\":\"de\",\"@id\":\"https:\/\/happieanimals.com\/de\/produkt\/happievet-magenunddarm\/#primaryimage\",\"url\":\"https:\/\/happieanimals.com\/wp-content\/uploads\/2024\/12\/MagenUndDarm.webp\",\"contentUrl\":\"https:\/\/happieanimals.com\/wp-content\/uploads\/2024\/12\/MagenUndDarm.webp\",\"width\":1120,\"height\":1120},{\"@type\":\"BreadcrumbList\",\"@id\":\"https:\/\/happieanimals.com\/de\/produkt\/happievet-magenunddarm\/#breadcrumb\",\"itemListElement\":[{\"@type\":\"ListItem\",\"position\":1,\"name\":\"Home\",\"item\":\"https:\/\/happieanimals.com\/de\/\"},{\"@type\":\"ListItem\",\"position\":2,\"name\":\"Shop\",\"item\":\"https:\/\/happieanimals.com\/de\/shop-2\/\"},{\"@type\":\"ListItem\",\"position\":3,\"name\":\"HappieVet MagenUndDarm\"}]},{\"@type\":\"WebSite\",\"@id\":\"https:\/\/happieanimals.com\/de\/#website\",\"url\":\"https:\/\/happieanimals.com\/de\/\",\"name\":\"Happie Horse App\",\"description\":\"Let\u00b4s create a more happie world for horses, pets and people\",\"publisher\":{\"@id\":\"https:\/\/happieanimals.com\/de\/#organization\"},\"potentialAction\":[{\"@type\":\"SearchAction\",\"target\":{\"@type\":\"EntryPoint\",\"urlTemplate\":\"https:\/\/happieanimals.com\/de\/?s={search_term_string}\"},\"query-input\":{\"@type\":\"PropertyValueSpecification\",\"valueRequired\":true,\"valueName\":\"search_term_string\"}}],\"inLanguage\":\"de\"},{\"@type\":\"Organization\",\"@id\":\"https:\/\/happieanimals.com\/de\/#organization\",\"name\":\"Happie Horse App\",\"url\":\"https:\/\/happieanimals.com\/de\/\",\"logo\":{\"@type\":\"ImageObject\",\"inLanguage\":\"de\",\"@id\":\"https:\/\/happieanimals.com\/de\/#\/schema\/logo\/image\/\",\"url\":\"https:\/\/happieanimals.com\/wp-content\/uploads\/2021\/11\/happie-19.png\",\"contentUrl\":\"https:\/\/happieanimals.com\/wp-content\/uploads\/2021\/11\/happie-19.png\",\"width\":1290,\"height\":530,\"caption\":\"Happie Horse App\"},\"image\":{\"@id\":\"https:\/\/happieanimals.com\/de\/#\/schema\/logo\/image\/\"}}]}<\/script>\n<!-- \/ Yoast SEO Premium plugin. -->","yoast_head_json":{"title":"HappieVet MagenUndDarm","description":"Ein synbiotischer Komplex zur Unterst\u00fctzung eines gesunden Verdauungs- und Magensystems.","robots":{"index":"index","follow":"follow","max-snippet":"max-snippet:-1","max-image-preview":"max-image-preview:large","max-video-preview":"max-video-preview:-1"},"canonical":"https:\/\/happieanimals.com\/de\/produkt\/happievet-magenunddarm\/","og_locale":"de_DE","og_type":"article","og_title":"HappieVet MagenUndDarm","og_description":"Ein synbiotischer Komplex zur Unterst\u00fctzung eines gesunden Verdauungs- und Magensystems.","og_url":"https:\/\/happieanimals.com\/de\/produkt\/happievet-magenunddarm\/","og_site_name":"Happie Horse Management App","article_modified_time":"2025-01-14T13:21:23+00:00","og_image":[{"width":1120,"height":1120,"url":"https:\/\/happieanimals.com\/wp-content\/uploads\/2024\/12\/MagenUndDarm.webp","type":"image\/webp"}],"twitter_card":"summary_large_image","twitter_misc":{"Gesch\u00e4tzte Lesezeit":"1\u00a0Minute"},"schema":{"@context":"https:\/\/schema.org","@graph":[{"@type":"WebPage","@id":"https:\/\/happieanimals.com\/de\/produkt\/happievet-magenunddarm\/","url":"https:\/\/happieanimals.com\/de\/produkt\/happievet-magenunddarm\/","name":"HappieVet MagenUndDarm","isPartOf":{"@id":"https:\/\/happieanimals.com\/de\/#website"},"primaryImageOfPage":{"@id":"https:\/\/happieanimals.com\/de\/produkt\/happievet-magenunddarm\/#primaryimage"},"image":{"@id":"https:\/\/happieanimals.com\/de\/produkt\/happievet-magenunddarm\/#primaryimage"},"thumbnailUrl":"https:\/\/happieanimals.com\/wp-content\/uploads\/2024\/12\/MagenUndDarm.webp","datePublished":"2024-12-15T13:45:23+00:00","dateModified":"2025-01-14T13:21:23+00:00","description":"Ein synbiotischer Komplex zur Unterst\u00fctzung eines gesunden Verdauungs- und Magensystems.","breadcrumb":{"@id":"https:\/\/happieanimals.com\/de\/produkt\/happievet-magenunddarm\/#breadcrumb"},"inLanguage":"de","potentialAction":[{"@type":"ReadAction","target":["https:\/\/happieanimals.com\/de\/produkt\/happievet-magenunddarm\/"]}]},{"@type":"ImageObject","inLanguage":"de","@id":"https:\/\/happieanimals.com\/de\/produkt\/happievet-magenunddarm\/#primaryimage","url":"https:\/\/happieanimals.com\/wp-content\/uploads\/2024\/12\/MagenUndDarm.webp","contentUrl":"https:\/\/happieanimals.com\/wp-content\/uploads\/2024\/12\/MagenUndDarm.webp","width":1120,"height":1120},{"@type":"BreadcrumbList","@id":"https:\/\/happieanimals.com\/de\/produkt\/happievet-magenunddarm\/#breadcrumb","itemListElement":[{"@type":"ListItem","position":1,"name":"Home","item":"https:\/\/happieanimals.com\/de\/"},{"@type":"ListItem","position":2,"name":"Shop","item":"https:\/\/happieanimals.com\/de\/shop-2\/"},{"@type":"ListItem","position":3,"name":"HappieVet MagenUndDarm"}]},{"@type":"WebSite","@id":"https:\/\/happieanimals.com\/de\/#website","url":"https:\/\/happieanimals.com\/de\/","name":"Happie Horse App","description":"Let\u00b4s create a more happie world for horses, pets and people","publisher":{"@id":"https:\/\/happieanimals.com\/de\/#organization"},"potentialAction":[{"@type":"SearchAction","target":{"@type":"EntryPoint","urlTemplate":"https:\/\/happieanimals.com\/de\/?s={search_term_string}"},"query-input":{"@type":"PropertyValueSpecification","valueRequired":true,"valueName":"search_term_string"}}],"inLanguage":"de"},{"@type":"Organization","@id":"https:\/\/happieanimals.com\/de\/#organization","name":"Happie Horse App","url":"https:\/\/happieanimals.com\/de\/","logo":{"@type":"ImageObject","inLanguage":"de","@id":"https:\/\/happieanimals.com\/de\/#\/schema\/logo\/image\/","url":"https:\/\/happieanimals.com\/wp-content\/uploads\/2021\/11\/happie-19.png","contentUrl":"https:\/\/happieanimals.com\/wp-content\/uploads\/2021\/11\/happie-19.png","width":1290,"height":530,"caption":"Happie Horse App"},"image":{"@id":"https:\/\/happieanimals.com\/de\/#\/schema\/logo\/image\/"}}]}},"_links":{"self":[{"href":"https:\/\/happieanimals.com\/de\/wp-json\/wp\/v2\/product\/34830","targetHints":{"allow":["GET"]}}],"collection":[{"href":"https:\/\/happieanimals.com\/de\/wp-json\/wp\/v2\/product"}],"about":[{"href":"https:\/\/happieanimals.com\/de\/wp-json\/wp\/v2\/types\/product"}],"wp:featuredmedia":[{"embeddable":true,"href":"https:\/\/happieanimals.com\/de\/wp-json\/wp\/v2\/media\/34848"}],"wp:attachment":[{"href":"https:\/\/happieanimals.com\/de\/wp-json\/wp\/v2\/media?parent=34830"}],"wp:term":[{"taxonomy":"product_brand","embeddable":true,"href":"https:\/\/happieanimals.com\/de\/wp-json\/wp\/v2\/product_brand?post=34830"},{"taxonomy":"product_cat","embeddable":true,"href":"https:\/\/happieanimals.com\/de\/wp-json\/wp\/v2\/product_cat?post=34830"},{"taxonomy":"product_tag","embeddable":true,"href":"https:\/\/happieanimals.com\/de\/wp-json\/wp\/v2\/product_tag?post=34830"}],"curies":[{"name":"wp","href":"https:\/\/api.w.org\/{rel}","templated":true}]}}