{"id":34831,"date":"2024-12-15T13:45:43","date_gmt":"2024-12-15T13:45:43","guid":{"rendered":"https:\/\/happieanimals.com\/?post_type=product&#038;p=34831"},"modified":"2025-01-14T13:21:43","modified_gmt":"2025-01-14T13:21:43","slug":"happievet-zink","status":"publish","type":"product","link":"https:\/\/happieanimals.com\/de\/produkt\/happievet-zink\/","title":{"rendered":"HappieVet Organischer Zink Komplex"},"content":{"rendered":"<p><strong>Ein Erg\u00e4nzungsfuttermittel zur Unterst\u00fctzung von Pferden, bei denen ein Zinkmangel festgestellt wurde.<\/strong><\/p>\n<p>Ein Zinkmangel f\u00fchrt h\u00e4ufig zu Haut- und Hufproblemen, Juckreiz, einer Neigung zu Allergien oder einem allgemein gest\u00f6rten Immunsystem. Der Zustand tritt in der Regel auf, wenn das t\u00e4gliche Futter nicht ausreichende Mengen an Zink enth\u00e4lt. OrZin-40 bietet eine organische Zinkquelle in chelatierter Form f\u00fcr eine leichtere Aufnahme.<\/p>\n<p>&nbsp;<\/p>\n<p><strong>Zusammensetzung:<\/strong><\/p>\n<p>Hefe (inaktive Saccharomyces Cerevisae), Raps\u00f6l<\/p>\n<p><strong>Zusatzstoffe pro kg<\/strong><\/p>\n<p><strong>Ern\u00e4hrungsphysiologische Zusatzstoffe:<\/strong><\/p>\n<p>Zink als Glycin-Zinkchelat, Hydrat (3b607) 11.000 mg<\/p>\n<p><strong>Analytische Bestandteile<\/strong><\/p>\n<p>Rohprotein 43,2 %, Rohfaser 0,8 %, Rohfett 5,9 %, Rohasche 7,7 %, Natrium &lt;0,5 %<\/p>\n<p>&nbsp;<\/p>\n<p><strong>F\u00fctterungsempfehlung:<\/strong><\/p>\n<p>Nach tier\u00e4rztlicher Verordnung maximal 10 g \/ kg Futter pro Tier und Tag. Gro\u00dfpferde (600 kg): 80 g pro Tier und Tag, Kleinpferde und Ponies: 40 g pro Tier und Tag<\/p>\n<p>Dieses Futtermittel darf wegen der gegen\u00fcber Alleinfuttermitteln h\u00f6heren Gehalte an Zusatzstoffen nur bis zu 1,09 % der Tagesration verf\u00fcttert werden.<\/p>\n<p><strong>Erg\u00e4nzungsfuttermittel f\u00fcr Pferde<\/strong><\/p>\n<p>Ausschlie\u00dflich zur F\u00fctterung an Pferde geeignet. Au\u00dferhalb der Reichweite von Kindern aufbewahren. An einem k\u00fchlen, trockenen Ort lagern. Nicht einfrieren. Die Verabreichung an Sportpferde kann unter Umst\u00e4nden mit den nationalen Regeln des Pferdesports in Konflikt geraten, daher immer bei der zust\u00e4ndigen Beh\u00f6rde nachfragen. Bitte halten Sie sich an die F\u00fctterungsempfehlung.<\/p>\n","protected":false},"excerpt":{"rendered":"<p><strong>GESUNDE HAUT &amp; SCH\u00d6NES FELL <\/strong>+ 30 Tage Happie Premium Code<\/p>\n<p>&nbsp;<\/p>\n<p>Organischer Zink Komplex f\u00fcr eine besonders hohe Aufnahme &amp; Verwertbarkeit.<\/p>\n<ul>\n<li>Bioverf\u00fcgbar &#8211; Der K\u00f6rper kann organisches Zink besser aufnehmen und verwerten.<\/li>\n<li>Gesunde Haut &amp; sch\u00f6nes Fell &#8211;\u00a0spielt eine Rolle bei der Wundheilung und kann dazu beitragen, Hautprobleme zu reduzieren<\/li>\n<li>Unterst\u00fctzt das Immunsystem<\/li>\n<\/ul>\n","protected":false},"featured_media":34854,"template":"","meta":{"om_disable_all_campaigns":false},"product_brand":[],"product_cat":[246],"product_tag":[248],"class_list":{"0":"post-34831","1":"product","2":"type-product","3":"status-publish","4":"has-post-thumbnail","6":"product_cat-nutrition","7":"product_tag-happievet","9":"first","10":"instock","11":"taxable","12":"shipping-taxable","13":"purchasable","14":"product-type-simple"},"yoast_head":"<!-- This site is optimized with the Yoast SEO Premium plugin v25.2 (Yoast SEO v25.2) - https:\/\/yoast.com\/wordpress\/plugins\/seo\/ -->\n<title>HappieVet Organischer Zink Komplex<\/title>\n<meta name=\"description\" content=\"Ein Erg\u00e4nzungsfuttermittel zur Unterst\u00fctzung von Pferden, bei denen ein Zinkmangel festgestellt wurde.\" \/>\n<meta name=\"robots\" content=\"index, follow, max-snippet:-1, max-image-preview:large, max-video-preview:-1\" \/>\n<link rel=\"canonical\" href=\"https:\/\/happieanimals.com\/de\/produkt\/happievet-zink\/\" \/>\n<meta property=\"og:locale\" content=\"de_DE\" \/>\n<meta property=\"og:type\" content=\"article\" \/>\n<meta property=\"og:title\" content=\"HappieVet Organischer Zink Komplex\" \/>\n<meta property=\"og:description\" content=\"Ein Erg\u00e4nzungsfuttermittel zur Unterst\u00fctzung von Pferden, bei denen ein Zinkmangel festgestellt wurde.\" \/>\n<meta property=\"og:url\" content=\"https:\/\/happieanimals.com\/de\/produkt\/happievet-zink\/\" \/>\n<meta property=\"og:site_name\" content=\"Happie Horse Management App\" \/>\n<meta property=\"article:modified_time\" content=\"2025-01-14T13:21:43+00:00\" \/>\n<meta property=\"og:image\" content=\"https:\/\/happieanimals.com\/wp-content\/uploads\/2024\/12\/Zink.webp\" \/>\n\t<meta property=\"og:image:width\" content=\"1120\" \/>\n\t<meta property=\"og:image:height\" content=\"1120\" \/>\n\t<meta property=\"og:image:type\" content=\"image\/webp\" \/>\n<meta name=\"twitter:card\" content=\"summary_large_image\" \/>\n<meta name=\"twitter:label1\" content=\"Gesch\u00e4tzte Lesezeit\" \/>\n\t<meta name=\"twitter:data1\" content=\"2\u00a0Minuten\" \/>\n<script type=\"application\/ld+json\" class=\"yoast-schema-graph\">{\"@context\":\"https:\/\/schema.org\",\"@graph\":[{\"@type\":\"WebPage\",\"@id\":\"https:\/\/happieanimals.com\/de\/produkt\/happievet-zink\/\",\"url\":\"https:\/\/happieanimals.com\/de\/produkt\/happievet-zink\/\",\"name\":\"HappieVet Organischer Zink Komplex\",\"isPartOf\":{\"@id\":\"https:\/\/happieanimals.com\/de\/#website\"},\"primaryImageOfPage\":{\"@id\":\"https:\/\/happieanimals.com\/de\/produkt\/happievet-zink\/#primaryimage\"},\"image\":{\"@id\":\"https:\/\/happieanimals.com\/de\/produkt\/happievet-zink\/#primaryimage\"},\"thumbnailUrl\":\"https:\/\/happieanimals.com\/wp-content\/uploads\/2024\/12\/Zink.webp\",\"datePublished\":\"2024-12-15T13:45:43+00:00\",\"dateModified\":\"2025-01-14T13:21:43+00:00\",\"description\":\"Ein Erg\u00e4nzungsfuttermittel zur Unterst\u00fctzung von Pferden, bei denen ein Zinkmangel festgestellt wurde.\",\"breadcrumb\":{\"@id\":\"https:\/\/happieanimals.com\/de\/produkt\/happievet-zink\/#breadcrumb\"},\"inLanguage\":\"de\",\"potentialAction\":[{\"@type\":\"ReadAction\",\"target\":[\"https:\/\/happieanimals.com\/de\/produkt\/happievet-zink\/\"]}]},{\"@type\":\"ImageObject\",\"inLanguage\":\"de\",\"@id\":\"https:\/\/happieanimals.com\/de\/produkt\/happievet-zink\/#primaryimage\",\"url\":\"https:\/\/happieanimals.com\/wp-content\/uploads\/2024\/12\/Zink.webp\",\"contentUrl\":\"https:\/\/happieanimals.com\/wp-content\/uploads\/2024\/12\/Zink.webp\",\"width\":1120,\"height\":1120},{\"@type\":\"BreadcrumbList\",\"@id\":\"https:\/\/happieanimals.com\/de\/produkt\/happievet-zink\/#breadcrumb\",\"itemListElement\":[{\"@type\":\"ListItem\",\"position\":1,\"name\":\"Home\",\"item\":\"https:\/\/happieanimals.com\/de\/\"},{\"@type\":\"ListItem\",\"position\":2,\"name\":\"Shop\",\"item\":\"https:\/\/happieanimals.com\/de\/shop-2\/\"},{\"@type\":\"ListItem\",\"position\":3,\"name\":\"HappieVet Organischer Zink Komplex\"}]},{\"@type\":\"WebSite\",\"@id\":\"https:\/\/happieanimals.com\/de\/#website\",\"url\":\"https:\/\/happieanimals.com\/de\/\",\"name\":\"Happie Horse App\",\"description\":\"Let\u00b4s create a more happie world for horses, pets and people\",\"publisher\":{\"@id\":\"https:\/\/happieanimals.com\/de\/#organization\"},\"potentialAction\":[{\"@type\":\"SearchAction\",\"target\":{\"@type\":\"EntryPoint\",\"urlTemplate\":\"https:\/\/happieanimals.com\/de\/?s={search_term_string}\"},\"query-input\":{\"@type\":\"PropertyValueSpecification\",\"valueRequired\":true,\"valueName\":\"search_term_string\"}}],\"inLanguage\":\"de\"},{\"@type\":\"Organization\",\"@id\":\"https:\/\/happieanimals.com\/de\/#organization\",\"name\":\"Happie Horse App\",\"url\":\"https:\/\/happieanimals.com\/de\/\",\"logo\":{\"@type\":\"ImageObject\",\"inLanguage\":\"de\",\"@id\":\"https:\/\/happieanimals.com\/de\/#\/schema\/logo\/image\/\",\"url\":\"https:\/\/happieanimals.com\/wp-content\/uploads\/2021\/11\/happie-19.png\",\"contentUrl\":\"https:\/\/happieanimals.com\/wp-content\/uploads\/2021\/11\/happie-19.png\",\"width\":1290,\"height\":530,\"caption\":\"Happie Horse App\"},\"image\":{\"@id\":\"https:\/\/happieanimals.com\/de\/#\/schema\/logo\/image\/\"}}]}<\/script>\n<!-- \/ Yoast SEO Premium plugin. -->","yoast_head_json":{"title":"HappieVet Organischer Zink Komplex","description":"Ein Erg\u00e4nzungsfuttermittel zur Unterst\u00fctzung von Pferden, bei denen ein Zinkmangel festgestellt wurde.","robots":{"index":"index","follow":"follow","max-snippet":"max-snippet:-1","max-image-preview":"max-image-preview:large","max-video-preview":"max-video-preview:-1"},"canonical":"https:\/\/happieanimals.com\/de\/produkt\/happievet-zink\/","og_locale":"de_DE","og_type":"article","og_title":"HappieVet Organischer Zink Komplex","og_description":"Ein Erg\u00e4nzungsfuttermittel zur Unterst\u00fctzung von Pferden, bei denen ein Zinkmangel festgestellt wurde.","og_url":"https:\/\/happieanimals.com\/de\/produkt\/happievet-zink\/","og_site_name":"Happie Horse Management App","article_modified_time":"2025-01-14T13:21:43+00:00","og_image":[{"width":1120,"height":1120,"url":"https:\/\/happieanimals.com\/wp-content\/uploads\/2024\/12\/Zink.webp","type":"image\/webp"}],"twitter_card":"summary_large_image","twitter_misc":{"Gesch\u00e4tzte Lesezeit":"2\u00a0Minuten"},"schema":{"@context":"https:\/\/schema.org","@graph":[{"@type":"WebPage","@id":"https:\/\/happieanimals.com\/de\/produkt\/happievet-zink\/","url":"https:\/\/happieanimals.com\/de\/produkt\/happievet-zink\/","name":"HappieVet Organischer Zink Komplex","isPartOf":{"@id":"https:\/\/happieanimals.com\/de\/#website"},"primaryImageOfPage":{"@id":"https:\/\/happieanimals.com\/de\/produkt\/happievet-zink\/#primaryimage"},"image":{"@id":"https:\/\/happieanimals.com\/de\/produkt\/happievet-zink\/#primaryimage"},"thumbnailUrl":"https:\/\/happieanimals.com\/wp-content\/uploads\/2024\/12\/Zink.webp","datePublished":"2024-12-15T13:45:43+00:00","dateModified":"2025-01-14T13:21:43+00:00","description":"Ein Erg\u00e4nzungsfuttermittel zur Unterst\u00fctzung von Pferden, bei denen ein Zinkmangel festgestellt wurde.","breadcrumb":{"@id":"https:\/\/happieanimals.com\/de\/produkt\/happievet-zink\/#breadcrumb"},"inLanguage":"de","potentialAction":[{"@type":"ReadAction","target":["https:\/\/happieanimals.com\/de\/produkt\/happievet-zink\/"]}]},{"@type":"ImageObject","inLanguage":"de","@id":"https:\/\/happieanimals.com\/de\/produkt\/happievet-zink\/#primaryimage","url":"https:\/\/happieanimals.com\/wp-content\/uploads\/2024\/12\/Zink.webp","contentUrl":"https:\/\/happieanimals.com\/wp-content\/uploads\/2024\/12\/Zink.webp","width":1120,"height":1120},{"@type":"BreadcrumbList","@id":"https:\/\/happieanimals.com\/de\/produkt\/happievet-zink\/#breadcrumb","itemListElement":[{"@type":"ListItem","position":1,"name":"Home","item":"https:\/\/happieanimals.com\/de\/"},{"@type":"ListItem","position":2,"name":"Shop","item":"https:\/\/happieanimals.com\/de\/shop-2\/"},{"@type":"ListItem","position":3,"name":"HappieVet Organischer Zink Komplex"}]},{"@type":"WebSite","@id":"https:\/\/happieanimals.com\/de\/#website","url":"https:\/\/happieanimals.com\/de\/","name":"Happie Horse App","description":"Let\u00b4s create a more happie world for horses, pets and people","publisher":{"@id":"https:\/\/happieanimals.com\/de\/#organization"},"potentialAction":[{"@type":"SearchAction","target":{"@type":"EntryPoint","urlTemplate":"https:\/\/happieanimals.com\/de\/?s={search_term_string}"},"query-input":{"@type":"PropertyValueSpecification","valueRequired":true,"valueName":"search_term_string"}}],"inLanguage":"de"},{"@type":"Organization","@id":"https:\/\/happieanimals.com\/de\/#organization","name":"Happie Horse App","url":"https:\/\/happieanimals.com\/de\/","logo":{"@type":"ImageObject","inLanguage":"de","@id":"https:\/\/happieanimals.com\/de\/#\/schema\/logo\/image\/","url":"https:\/\/happieanimals.com\/wp-content\/uploads\/2021\/11\/happie-19.png","contentUrl":"https:\/\/happieanimals.com\/wp-content\/uploads\/2021\/11\/happie-19.png","width":1290,"height":530,"caption":"Happie Horse App"},"image":{"@id":"https:\/\/happieanimals.com\/de\/#\/schema\/logo\/image\/"}}]}},"_links":{"self":[{"href":"https:\/\/happieanimals.com\/de\/wp-json\/wp\/v2\/product\/34831","targetHints":{"allow":["GET"]}}],"collection":[{"href":"https:\/\/happieanimals.com\/de\/wp-json\/wp\/v2\/product"}],"about":[{"href":"https:\/\/happieanimals.com\/de\/wp-json\/wp\/v2\/types\/product"}],"wp:featuredmedia":[{"embeddable":true,"href":"https:\/\/happieanimals.com\/de\/wp-json\/wp\/v2\/media\/34854"}],"wp:attachment":[{"href":"https:\/\/happieanimals.com\/de\/wp-json\/wp\/v2\/media?parent=34831"}],"wp:term":[{"taxonomy":"product_brand","embeddable":true,"href":"https:\/\/happieanimals.com\/de\/wp-json\/wp\/v2\/product_brand?post=34831"},{"taxonomy":"product_cat","embeddable":true,"href":"https:\/\/happieanimals.com\/de\/wp-json\/wp\/v2\/product_cat?post=34831"},{"taxonomy":"product_tag","embeddable":true,"href":"https:\/\/happieanimals.com\/de\/wp-json\/wp\/v2\/product_tag?post=34831"}],"curies":[{"name":"wp","href":"https:\/\/api.w.org\/{rel}","templated":true}]}}