{"id":34832,"date":"2024-12-15T13:45:46","date_gmt":"2024-12-15T13:45:46","guid":{"rendered":"https:\/\/happieanimals.com\/?post_type=product&#038;p=34832"},"modified":"2025-01-14T13:21:49","modified_gmt":"2025-01-14T13:21:49","slug":"happievet-leinoel","status":"publish","type":"product","link":"https:\/\/happieanimals.com\/de\/produkt\/happievet-leinoel\/","title":{"rendered":"HappieVet reines Lein\u00f6l"},"content":{"rendered":"<p><strong>Kaltgepresstes Lein\u00f6l, das die Gesunderhaltung von Fell und Haut sowie das Verdauungssystem und den Stoffwechsel unterst\u00fctzt.<\/strong><\/p>\n<p>Ein Erg\u00e4nzungsfuttermittel in fl\u00fcssiger Form, das der t\u00e4glichen Futterration zugesetzt werden kann. Eine hervorragende Quelle f\u00fcr Fetts\u00e4uren (Omega 3 und 6) und reich an Linols\u00e4ure.<\/p>\n<p>HappieVet Lein\u00f6l enth\u00e4lt Vitamin E und kann auch als Geschmacksverst\u00e4rker eingesetzt werden, oder um andere Geschm\u00e4cker zu \u00fcberdecken. Besonders n\u00fctzlich f\u00fcr w\u00e4hlerische Esser.<\/p>\n<p><strong>Analytische Bestandteile:<\/strong><br \/>\nRoh\u00f6le und Fette: 99,5%<\/p>\n<p>Linols\u00e4ure: 13,3%, Vitamin E: 5,82 mg\/kg, Omega-3-Fetts\u00e4uren: 550.000 mg\/kg<\/p>\n<p><strong>Gebrauchsanweisung<\/strong><\/p>\n<p>F\u00fcttern Sie t\u00e4glich etwa 30 bis 60 ml mit der normalen Futterration.<\/p>\n<p>Erg\u00e4nzungsfuttermittel f\u00fcr Pferde<\/p>\n<p>Ausschlie\u00dflich zur F\u00fctterung an Pferde geeignet. Au\u00dferhalb der Reichweite von Kindern aufbewahren. An einem k\u00fchlen, trockenen Ort lagern. Nicht einfrieren. Die Verabreichung an Sportpferde kann unter Umst\u00e4nden mit den nationalen Regeln des Pferdesports in Konflikt geraten, daher immer bei der zust\u00e4ndigen Beh\u00f6rde nachfragen. Bitte halten Sie sich an die F\u00fctterungsempfehlung.<\/p>\n","protected":false},"excerpt":{"rendered":"<p><strong>GL\u00c4NZENDES FELL &amp; GESUNDE HAUT + 30 Tage Happie Premium Code<\/strong><\/p>\n<div class=\"product-info-short-description short-description\">\n<p>100 % reines, kaltgepresstes Lein\u00f6l zur Unterst\u00fctzung der Erhaltung eines gesunden Fells, einer gesunden Haut sowie eines gesunden Verdauungssystems und Stoffwechsels.<\/p>\n<p>Omega 3 &amp; 6 Fetts\u00e4uren zur Unterst\u00fctzung von Fell, Haut und Stoffwechsel.<\/p>\n<ul>\n<li>Essentielle Fetts\u00e4uren\u00a0Omega 3 + 6<\/li>\n<li>Gl\u00e4nzendes Fell &amp; gesunde Haut<\/li>\n<li>Unterst\u00fctzt Verdauung &amp; Immunsystem &#8211; Schleimstoffe sch\u00fctzen Magen &amp; Darm<\/li>\n<\/ul>\n<\/div>\n","protected":false},"featured_media":34845,"template":"","meta":{"om_disable_all_campaigns":false},"product_brand":[],"product_cat":[246],"product_tag":[248],"class_list":{"0":"post-34832","1":"product","2":"type-product","3":"status-publish","4":"has-post-thumbnail","6":"product_cat-nutrition","7":"product_tag-happievet","9":"first","10":"instock","11":"taxable","12":"shipping-taxable","13":"purchasable","14":"product-type-simple"},"yoast_head":"<!-- This site is optimized with the Yoast SEO Premium plugin v25.2 (Yoast SEO v25.2) - https:\/\/yoast.com\/wordpress\/plugins\/seo\/ -->\n<title>HappieVet reines Lein\u00f6l<\/title>\n<meta name=\"description\" content=\"Kaltgepresstes Lein\u00f6l, das die Gesunderhaltung von Fell und Haut sowie das Verdauungssystem und den Stoffwechsel unterst\u00fctzt.\" \/>\n<meta name=\"robots\" content=\"index, follow, max-snippet:-1, max-image-preview:large, max-video-preview:-1\" \/>\n<link rel=\"canonical\" href=\"https:\/\/happieanimals.com\/de\/produkt\/happievet-leinoel\/\" \/>\n<meta property=\"og:locale\" content=\"de_DE\" \/>\n<meta property=\"og:type\" content=\"article\" \/>\n<meta property=\"og:title\" content=\"HappieVet reines Lein\u00f6l\" \/>\n<meta property=\"og:description\" content=\"Kaltgepresstes Lein\u00f6l, das die Gesunderhaltung von Fell und Haut sowie das Verdauungssystem und den Stoffwechsel unterst\u00fctzt.\" \/>\n<meta property=\"og:url\" content=\"https:\/\/happieanimals.com\/de\/produkt\/happievet-leinoel\/\" \/>\n<meta property=\"og:site_name\" content=\"Happie Horse Management App\" \/>\n<meta property=\"article:modified_time\" content=\"2025-01-14T13:21:49+00:00\" \/>\n<meta property=\"og:image\" content=\"https:\/\/happieanimals.com\/wp-content\/uploads\/2024\/12\/Leinol.webp\" \/>\n\t<meta property=\"og:image:width\" content=\"1120\" \/>\n\t<meta property=\"og:image:height\" content=\"1120\" \/>\n\t<meta property=\"og:image:type\" content=\"image\/webp\" \/>\n<meta name=\"twitter:card\" content=\"summary_large_image\" \/>\n<meta name=\"twitter:label1\" content=\"Gesch\u00e4tzte Lesezeit\" \/>\n\t<meta name=\"twitter:data1\" content=\"1\u00a0Minute\" \/>\n<script type=\"application\/ld+json\" class=\"yoast-schema-graph\">{\"@context\":\"https:\/\/schema.org\",\"@graph\":[{\"@type\":\"WebPage\",\"@id\":\"https:\/\/happieanimals.com\/de\/produkt\/happievet-leinoel\/\",\"url\":\"https:\/\/happieanimals.com\/de\/produkt\/happievet-leinoel\/\",\"name\":\"HappieVet reines Lein\u00f6l\",\"isPartOf\":{\"@id\":\"https:\/\/happieanimals.com\/de\/#website\"},\"primaryImageOfPage\":{\"@id\":\"https:\/\/happieanimals.com\/de\/produkt\/happievet-leinoel\/#primaryimage\"},\"image\":{\"@id\":\"https:\/\/happieanimals.com\/de\/produkt\/happievet-leinoel\/#primaryimage\"},\"thumbnailUrl\":\"https:\/\/happieanimals.com\/wp-content\/uploads\/2024\/12\/Leinol.webp\",\"datePublished\":\"2024-12-15T13:45:46+00:00\",\"dateModified\":\"2025-01-14T13:21:49+00:00\",\"description\":\"Kaltgepresstes Lein\u00f6l, das die Gesunderhaltung von Fell und Haut sowie das Verdauungssystem und den Stoffwechsel unterst\u00fctzt.\",\"breadcrumb\":{\"@id\":\"https:\/\/happieanimals.com\/de\/produkt\/happievet-leinoel\/#breadcrumb\"},\"inLanguage\":\"de\",\"potentialAction\":[{\"@type\":\"ReadAction\",\"target\":[\"https:\/\/happieanimals.com\/de\/produkt\/happievet-leinoel\/\"]}]},{\"@type\":\"ImageObject\",\"inLanguage\":\"de\",\"@id\":\"https:\/\/happieanimals.com\/de\/produkt\/happievet-leinoel\/#primaryimage\",\"url\":\"https:\/\/happieanimals.com\/wp-content\/uploads\/2024\/12\/Leinol.webp\",\"contentUrl\":\"https:\/\/happieanimals.com\/wp-content\/uploads\/2024\/12\/Leinol.webp\",\"width\":1120,\"height\":1120},{\"@type\":\"BreadcrumbList\",\"@id\":\"https:\/\/happieanimals.com\/de\/produkt\/happievet-leinoel\/#breadcrumb\",\"itemListElement\":[{\"@type\":\"ListItem\",\"position\":1,\"name\":\"Home\",\"item\":\"https:\/\/happieanimals.com\/de\/\"},{\"@type\":\"ListItem\",\"position\":2,\"name\":\"Shop\",\"item\":\"https:\/\/happieanimals.com\/de\/shop-2\/\"},{\"@type\":\"ListItem\",\"position\":3,\"name\":\"HappieVet reines Lein\u00f6l\"}]},{\"@type\":\"WebSite\",\"@id\":\"https:\/\/happieanimals.com\/de\/#website\",\"url\":\"https:\/\/happieanimals.com\/de\/\",\"name\":\"Happie Horse App\",\"description\":\"Let\u00b4s create a more happie world for horses, pets and people\",\"publisher\":{\"@id\":\"https:\/\/happieanimals.com\/de\/#organization\"},\"potentialAction\":[{\"@type\":\"SearchAction\",\"target\":{\"@type\":\"EntryPoint\",\"urlTemplate\":\"https:\/\/happieanimals.com\/de\/?s={search_term_string}\"},\"query-input\":{\"@type\":\"PropertyValueSpecification\",\"valueRequired\":true,\"valueName\":\"search_term_string\"}}],\"inLanguage\":\"de\"},{\"@type\":\"Organization\",\"@id\":\"https:\/\/happieanimals.com\/de\/#organization\",\"name\":\"Happie Horse App\",\"url\":\"https:\/\/happieanimals.com\/de\/\",\"logo\":{\"@type\":\"ImageObject\",\"inLanguage\":\"de\",\"@id\":\"https:\/\/happieanimals.com\/de\/#\/schema\/logo\/image\/\",\"url\":\"https:\/\/happieanimals.com\/wp-content\/uploads\/2021\/11\/happie-19.png\",\"contentUrl\":\"https:\/\/happieanimals.com\/wp-content\/uploads\/2021\/11\/happie-19.png\",\"width\":1290,\"height\":530,\"caption\":\"Happie Horse App\"},\"image\":{\"@id\":\"https:\/\/happieanimals.com\/de\/#\/schema\/logo\/image\/\"}}]}<\/script>\n<!-- \/ Yoast SEO Premium plugin. -->","yoast_head_json":{"title":"HappieVet reines Lein\u00f6l","description":"Kaltgepresstes Lein\u00f6l, das die Gesunderhaltung von Fell und Haut sowie das Verdauungssystem und den Stoffwechsel unterst\u00fctzt.","robots":{"index":"index","follow":"follow","max-snippet":"max-snippet:-1","max-image-preview":"max-image-preview:large","max-video-preview":"max-video-preview:-1"},"canonical":"https:\/\/happieanimals.com\/de\/produkt\/happievet-leinoel\/","og_locale":"de_DE","og_type":"article","og_title":"HappieVet reines Lein\u00f6l","og_description":"Kaltgepresstes Lein\u00f6l, das die Gesunderhaltung von Fell und Haut sowie das Verdauungssystem und den Stoffwechsel unterst\u00fctzt.","og_url":"https:\/\/happieanimals.com\/de\/produkt\/happievet-leinoel\/","og_site_name":"Happie Horse Management App","article_modified_time":"2025-01-14T13:21:49+00:00","og_image":[{"width":1120,"height":1120,"url":"https:\/\/happieanimals.com\/wp-content\/uploads\/2024\/12\/Leinol.webp","type":"image\/webp"}],"twitter_card":"summary_large_image","twitter_misc":{"Gesch\u00e4tzte Lesezeit":"1\u00a0Minute"},"schema":{"@context":"https:\/\/schema.org","@graph":[{"@type":"WebPage","@id":"https:\/\/happieanimals.com\/de\/produkt\/happievet-leinoel\/","url":"https:\/\/happieanimals.com\/de\/produkt\/happievet-leinoel\/","name":"HappieVet reines Lein\u00f6l","isPartOf":{"@id":"https:\/\/happieanimals.com\/de\/#website"},"primaryImageOfPage":{"@id":"https:\/\/happieanimals.com\/de\/produkt\/happievet-leinoel\/#primaryimage"},"image":{"@id":"https:\/\/happieanimals.com\/de\/produkt\/happievet-leinoel\/#primaryimage"},"thumbnailUrl":"https:\/\/happieanimals.com\/wp-content\/uploads\/2024\/12\/Leinol.webp","datePublished":"2024-12-15T13:45:46+00:00","dateModified":"2025-01-14T13:21:49+00:00","description":"Kaltgepresstes Lein\u00f6l, das die Gesunderhaltung von Fell und Haut sowie das Verdauungssystem und den Stoffwechsel unterst\u00fctzt.","breadcrumb":{"@id":"https:\/\/happieanimals.com\/de\/produkt\/happievet-leinoel\/#breadcrumb"},"inLanguage":"de","potentialAction":[{"@type":"ReadAction","target":["https:\/\/happieanimals.com\/de\/produkt\/happievet-leinoel\/"]}]},{"@type":"ImageObject","inLanguage":"de","@id":"https:\/\/happieanimals.com\/de\/produkt\/happievet-leinoel\/#primaryimage","url":"https:\/\/happieanimals.com\/wp-content\/uploads\/2024\/12\/Leinol.webp","contentUrl":"https:\/\/happieanimals.com\/wp-content\/uploads\/2024\/12\/Leinol.webp","width":1120,"height":1120},{"@type":"BreadcrumbList","@id":"https:\/\/happieanimals.com\/de\/produkt\/happievet-leinoel\/#breadcrumb","itemListElement":[{"@type":"ListItem","position":1,"name":"Home","item":"https:\/\/happieanimals.com\/de\/"},{"@type":"ListItem","position":2,"name":"Shop","item":"https:\/\/happieanimals.com\/de\/shop-2\/"},{"@type":"ListItem","position":3,"name":"HappieVet reines Lein\u00f6l"}]},{"@type":"WebSite","@id":"https:\/\/happieanimals.com\/de\/#website","url":"https:\/\/happieanimals.com\/de\/","name":"Happie Horse App","description":"Let\u00b4s create a more happie world for horses, pets and people","publisher":{"@id":"https:\/\/happieanimals.com\/de\/#organization"},"potentialAction":[{"@type":"SearchAction","target":{"@type":"EntryPoint","urlTemplate":"https:\/\/happieanimals.com\/de\/?s={search_term_string}"},"query-input":{"@type":"PropertyValueSpecification","valueRequired":true,"valueName":"search_term_string"}}],"inLanguage":"de"},{"@type":"Organization","@id":"https:\/\/happieanimals.com\/de\/#organization","name":"Happie Horse App","url":"https:\/\/happieanimals.com\/de\/","logo":{"@type":"ImageObject","inLanguage":"de","@id":"https:\/\/happieanimals.com\/de\/#\/schema\/logo\/image\/","url":"https:\/\/happieanimals.com\/wp-content\/uploads\/2021\/11\/happie-19.png","contentUrl":"https:\/\/happieanimals.com\/wp-content\/uploads\/2021\/11\/happie-19.png","width":1290,"height":530,"caption":"Happie Horse App"},"image":{"@id":"https:\/\/happieanimals.com\/de\/#\/schema\/logo\/image\/"}}]}},"_links":{"self":[{"href":"https:\/\/happieanimals.com\/de\/wp-json\/wp\/v2\/product\/34832","targetHints":{"allow":["GET"]}}],"collection":[{"href":"https:\/\/happieanimals.com\/de\/wp-json\/wp\/v2\/product"}],"about":[{"href":"https:\/\/happieanimals.com\/de\/wp-json\/wp\/v2\/types\/product"}],"wp:featuredmedia":[{"embeddable":true,"href":"https:\/\/happieanimals.com\/de\/wp-json\/wp\/v2\/media\/34845"}],"wp:attachment":[{"href":"https:\/\/happieanimals.com\/de\/wp-json\/wp\/v2\/media?parent=34832"}],"wp:term":[{"taxonomy":"product_brand","embeddable":true,"href":"https:\/\/happieanimals.com\/de\/wp-json\/wp\/v2\/product_brand?post=34832"},{"taxonomy":"product_cat","embeddable":true,"href":"https:\/\/happieanimals.com\/de\/wp-json\/wp\/v2\/product_cat?post=34832"},{"taxonomy":"product_tag","embeddable":true,"href":"https:\/\/happieanimals.com\/de\/wp-json\/wp\/v2\/product_tag?post=34832"}],"curies":[{"name":"wp","href":"https:\/\/api.w.org\/{rel}","templated":true}]}}