{"id":34833,"date":"2024-12-15T13:45:48","date_gmt":"2024-12-15T13:45:48","guid":{"rendered":"https:\/\/happieanimals.com\/?post_type=product&#038;p=34833"},"modified":"2024-12-18T15:53:22","modified_gmt":"2024-12-18T15:53:22","slug":"happievet-gelenkstarkpremium","status":"publish","type":"product","link":"https:\/\/happieanimals.com\/de\/produkt\/happievet-gelenkstarkpremium\/","title":{"rendered":"HappieVet GelenkStarkPremium"},"content":{"rendered":"<p><strong>Eine hoch bioverf\u00fcgbare Formel aus mikroverkapseltem Curcumin kombiniert mit Hyalurons\u00e4ure zur Unterst\u00fctzung der Flexibilit\u00e4t und Bewegung bei Pferden.\u00a0<\/strong><\/p>\n<p>HappieVet GelenkStarkPremium ist ein Erg\u00e4nzungsfuttermittel f\u00fcr Pferde, das hoch bioverf\u00fcgbares Curcumin in Kombination mit Hyalurons\u00e4ure enth\u00e4lt. Es enth\u00e4lt konzentrierten fl\u00fcssigen Curcuminextrakt, kombiniert mit einem nat\u00fcrlich vorkommenden Oligosaccharid und wird im Vergleich zu herk\u00f6mmlichem Kurkuma deutlich besser aufgenommen.<\/p>\n<p>HappieVet GelenkStarkPremium kann Pferden als Nahrungserg\u00e4nzungsmittel verabreicht werden: Vor und nach Phasen k\u00f6rperlicher Belastung; kontinuierlich f\u00fcr Pferde im harten Training oder intensiven Wettkampf; zur Aufrechterhaltung der normalen Gelenkfunktion; w\u00e4hrend der Rehabilitation nach Verletzungen und ist frei von nat\u00fcrlich vorkommenden verbotenen Substanzen. W\u00e4hlen Sie HappieVet GelenkStarkPremium f\u00fcr optimale Aktion, Geschmeidigkeit und Bewegung.<\/p>\n<p>Erg\u00e4nzungsfuttermittel f\u00fcr Pferde mit einer hoch bioverf\u00fcgbaren Kombination aus Kurkumin undHyalurons\u00e4ure zur Unterst\u00fctzung der Flexibilit\u00e4t und Bewegungsfreude.<br \/>\nMit leistungsstarken &amp; nat\u00fcrlichen Antioxidantien f\u00fcr Pferde aller Altersgruppen und Disziplinen.<br \/>\nEnth\u00e4lt 150 mg Hyalurons\u00e4ure pro 50 ml Futtermittel, die zur Erhaltung der Gelenkfl\u00fcssigkeit bzw. Gelenkschmiere beitragen kann.<br \/>\nDer aktivierte Wirkstoff in HappieVet GelenkStarkPremium enth\u00e4lt mehr als das Vierfache an aktivem Kurkumin wie herk\u00f6mmliches Kurkuma. Zudem weist das enthaltene Kurkumin eine 85-mal h\u00f6here Bioverf\u00fcgbarkeit auf.<\/p>\n<p>&nbsp;<\/p>\n<p><strong>Zusammensetzung pro 1 l:\u00a0<\/strong>Natrium Hyaluronat 3,1 g (Hyalurons\u00e4ureanteil 150mg\/50ml), Sorbitol, Glyzerin.<\/p>\n<p><strong>Zusatzstoffe pro 1 l:\u00a0<\/strong>Curcuma longa L. 30 g (Kurkumin 10,5 g)<\/p>\n<p><strong>Analytische Bestandteile:\u00a0<\/strong>Rohprotein 0,1%, Roh\u00f6le und -fette 0,5%, Rohfaser 0,4%, Rohasche 0,3%, Feuchtegehalt 64,9%, Natrium 0,0537%.<\/p>\n<p>&nbsp;<\/p>\n<p><strong>F\u00fctterungsempfehlung:<\/strong><\/p>\n<p>HappieVet GelenkStarkPremium sollte zur \u00fcblichen Ration \u00fcber das Futter gegeben werden.<\/p>\n<p>Dauergabe 25ml t\u00e4glich, in Zeiten intensiver Anstrengung und w\u00e4hrend der Rekonvaleszenz f\u00fcttern Sie 50ml t\u00e4glich.<\/p>\n<p>Seien Sie vorsichtig bei der F\u00fctterung an Pferden mit wei\u00dfen Nasen, da dieses Produkt abf\u00e4rben kann. Es wird empfohlen das Produkt direkt ins Pferdemaul zu geben.<\/p>\n<p>FEI konform \/ ADMR 48 Stunden Karenz<\/p>\n<p>HappieVet GelenkStarkPremium ist einfach zu verwenden und kann t\u00e4glich dem Futter beigemischt werden, um die Gelenke, Flexibilit\u00e4t und Bewegung Ihres Pferdes zu unterst\u00fctzen. Eine hoch bioverf\u00fcgbare Formel aus mikroverkapseltem Curcumin kombiniert mit Hyalurons\u00e4ure zur Unterst\u00fctzung der Flexibilit\u00e4t und Bewegung bei Pferden.<\/p>\n<p>Ausschlie\u00dflich zur F\u00fctterung an Pferde geeignet. Au\u00dferhalb der Reichweite von Kindern aufbewahren. An einem k\u00fchlen, trockenen Ort lagern. Nicht einfrieren. Die Verabreichung an Sportpferde kann unter Umst\u00e4nden mit den nationalen Regeln des Pferdesports in Konflikt geraten, daher immer bei der zust\u00e4ndigen Beh\u00f6rde nachfragen. Bitte halten Sie sich an die F\u00fctterungsempfehlung.<\/p>\n","protected":false},"excerpt":{"rendered":"<p><strong>FLEXIBLE GELENKE\u00a0+ 30 Tage Happie Premium Code<\/strong><\/p>\n<p>Hoch bioverf\u00fcgbares Kurkumin &amp; Hyalurons\u00e4ure zur Unterst\u00fctzung von geschmeidigen G\u00e4ngen.<\/p>\n<ul>\n<li>360x st\u00e4rkeres bioverf\u00fcgbares mikroverkapseltes Kurkumin unterst\u00fctzt entz\u00fcndungshemmende Wirkung<\/li>\n<li>Hyalurons\u00e4ure f\u00fcr eine bessere Schmierung &amp; D\u00e4mpfung der Gelenke<\/li>\n<li>Wissenschaftlich entwickelte Rezeptur f\u00fcr geschmeidige Gelenke<\/li>\n<\/ul>\n","protected":false},"featured_media":34842,"template":"","meta":{"om_disable_all_campaigns":false},"product_brand":[],"product_cat":[246],"product_tag":[],"class_list":{"0":"post-34833","1":"product","2":"type-product","3":"status-publish","4":"has-post-thumbnail","6":"product_cat-nutrition","8":"first","9":"instock","10":"taxable","11":"shipping-taxable","12":"purchasable","13":"product-type-simple"},"yoast_head":"<!-- This site is optimized with the Yoast SEO Premium plugin v25.2 (Yoast SEO v25.2) - https:\/\/yoast.com\/wordpress\/plugins\/seo\/ -->\n<title>HappieVet GelenkStarkPremium<\/title>\n<meta name=\"description\" content=\"Eine hoch bioverf\u00fcgbare Formel aus mikroverkapseltem Curcumin kombiniert mit Hyalurons\u00e4ure zur Unterst\u00fctzung der Flexibilit\u00e4t und Bewegung bei Pferden.\u00a0\" \/>\n<meta name=\"robots\" content=\"index, follow, max-snippet:-1, max-image-preview:large, max-video-preview:-1\" \/>\n<link rel=\"canonical\" href=\"https:\/\/happieanimals.com\/de\/produkt\/happievet-gelenkstarkpremium\/\" \/>\n<meta property=\"og:locale\" content=\"de_DE\" \/>\n<meta property=\"og:type\" content=\"article\" \/>\n<meta property=\"og:title\" content=\"HappieVet GelenkStarkPremium\" \/>\n<meta property=\"og:description\" content=\"Eine hoch bioverf\u00fcgbare Formel aus mikroverkapseltem Curcumin kombiniert mit Hyalurons\u00e4ure zur Unterst\u00fctzung der Flexibilit\u00e4t und Bewegung bei Pferden.\u00a0\" \/>\n<meta property=\"og:url\" content=\"https:\/\/happieanimals.com\/de\/produkt\/happievet-gelenkstarkpremium\/\" \/>\n<meta property=\"og:site_name\" content=\"Happie Horse Management App\" \/>\n<meta property=\"article:modified_time\" content=\"2024-12-18T15:53:22+00:00\" \/>\n<meta property=\"og:image\" content=\"https:\/\/happieanimals.com\/wp-content\/uploads\/2024\/12\/GelenkStarkPremium.webp\" \/>\n\t<meta property=\"og:image:width\" content=\"1120\" \/>\n\t<meta property=\"og:image:height\" content=\"1120\" \/>\n\t<meta property=\"og:image:type\" content=\"image\/webp\" \/>\n<meta name=\"twitter:card\" content=\"summary_large_image\" \/>\n<meta name=\"twitter:label1\" content=\"Gesch\u00e4tzte Lesezeit\" \/>\n\t<meta name=\"twitter:data1\" content=\"2\u00a0Minuten\" \/>\n<script type=\"application\/ld+json\" class=\"yoast-schema-graph\">{\"@context\":\"https:\/\/schema.org\",\"@graph\":[{\"@type\":\"WebPage\",\"@id\":\"https:\/\/happieanimals.com\/de\/produkt\/happievet-gelenkstarkpremium\/\",\"url\":\"https:\/\/happieanimals.com\/de\/produkt\/happievet-gelenkstarkpremium\/\",\"name\":\"HappieVet GelenkStarkPremium\",\"isPartOf\":{\"@id\":\"https:\/\/happieanimals.com\/de\/#website\"},\"primaryImageOfPage\":{\"@id\":\"https:\/\/happieanimals.com\/de\/produkt\/happievet-gelenkstarkpremium\/#primaryimage\"},\"image\":{\"@id\":\"https:\/\/happieanimals.com\/de\/produkt\/happievet-gelenkstarkpremium\/#primaryimage\"},\"thumbnailUrl\":\"https:\/\/happieanimals.com\/wp-content\/uploads\/2024\/12\/GelenkStarkPremium.webp\",\"datePublished\":\"2024-12-15T13:45:48+00:00\",\"dateModified\":\"2024-12-18T15:53:22+00:00\",\"description\":\"Eine hoch bioverf\u00fcgbare Formel aus mikroverkapseltem Curcumin kombiniert mit Hyalurons\u00e4ure zur Unterst\u00fctzung der Flexibilit\u00e4t und Bewegung bei Pferden.\u00a0\",\"breadcrumb\":{\"@id\":\"https:\/\/happieanimals.com\/de\/produkt\/happievet-gelenkstarkpremium\/#breadcrumb\"},\"inLanguage\":\"de\",\"potentialAction\":[{\"@type\":\"ReadAction\",\"target\":[\"https:\/\/happieanimals.com\/de\/produkt\/happievet-gelenkstarkpremium\/\"]}]},{\"@type\":\"ImageObject\",\"inLanguage\":\"de\",\"@id\":\"https:\/\/happieanimals.com\/de\/produkt\/happievet-gelenkstarkpremium\/#primaryimage\",\"url\":\"https:\/\/happieanimals.com\/wp-content\/uploads\/2024\/12\/GelenkStarkPremium.webp\",\"contentUrl\":\"https:\/\/happieanimals.com\/wp-content\/uploads\/2024\/12\/GelenkStarkPremium.webp\",\"width\":1120,\"height\":1120},{\"@type\":\"BreadcrumbList\",\"@id\":\"https:\/\/happieanimals.com\/de\/produkt\/happievet-gelenkstarkpremium\/#breadcrumb\",\"itemListElement\":[{\"@type\":\"ListItem\",\"position\":1,\"name\":\"Home\",\"item\":\"https:\/\/happieanimals.com\/de\/\"},{\"@type\":\"ListItem\",\"position\":2,\"name\":\"Shop\",\"item\":\"https:\/\/happieanimals.com\/de\/shop-2\/\"},{\"@type\":\"ListItem\",\"position\":3,\"name\":\"HappieVet GelenkStarkPremium\"}]},{\"@type\":\"WebSite\",\"@id\":\"https:\/\/happieanimals.com\/de\/#website\",\"url\":\"https:\/\/happieanimals.com\/de\/\",\"name\":\"Happie Horse App\",\"description\":\"Let\u00b4s create a more happie world for horses, pets and people\",\"publisher\":{\"@id\":\"https:\/\/happieanimals.com\/de\/#organization\"},\"potentialAction\":[{\"@type\":\"SearchAction\",\"target\":{\"@type\":\"EntryPoint\",\"urlTemplate\":\"https:\/\/happieanimals.com\/de\/?s={search_term_string}\"},\"query-input\":{\"@type\":\"PropertyValueSpecification\",\"valueRequired\":true,\"valueName\":\"search_term_string\"}}],\"inLanguage\":\"de\"},{\"@type\":\"Organization\",\"@id\":\"https:\/\/happieanimals.com\/de\/#organization\",\"name\":\"Happie Horse App\",\"url\":\"https:\/\/happieanimals.com\/de\/\",\"logo\":{\"@type\":\"ImageObject\",\"inLanguage\":\"de\",\"@id\":\"https:\/\/happieanimals.com\/de\/#\/schema\/logo\/image\/\",\"url\":\"https:\/\/happieanimals.com\/wp-content\/uploads\/2021\/11\/happie-19.png\",\"contentUrl\":\"https:\/\/happieanimals.com\/wp-content\/uploads\/2021\/11\/happie-19.png\",\"width\":1290,\"height\":530,\"caption\":\"Happie Horse App\"},\"image\":{\"@id\":\"https:\/\/happieanimals.com\/de\/#\/schema\/logo\/image\/\"}}]}<\/script>\n<!-- \/ Yoast SEO Premium plugin. -->","yoast_head_json":{"title":"HappieVet GelenkStarkPremium","description":"Eine hoch bioverf\u00fcgbare Formel aus mikroverkapseltem Curcumin kombiniert mit Hyalurons\u00e4ure zur Unterst\u00fctzung der Flexibilit\u00e4t und Bewegung bei Pferden.\u00a0","robots":{"index":"index","follow":"follow","max-snippet":"max-snippet:-1","max-image-preview":"max-image-preview:large","max-video-preview":"max-video-preview:-1"},"canonical":"https:\/\/happieanimals.com\/de\/produkt\/happievet-gelenkstarkpremium\/","og_locale":"de_DE","og_type":"article","og_title":"HappieVet GelenkStarkPremium","og_description":"Eine hoch bioverf\u00fcgbare Formel aus mikroverkapseltem Curcumin kombiniert mit Hyalurons\u00e4ure zur Unterst\u00fctzung der Flexibilit\u00e4t und Bewegung bei Pferden.\u00a0","og_url":"https:\/\/happieanimals.com\/de\/produkt\/happievet-gelenkstarkpremium\/","og_site_name":"Happie Horse Management App","article_modified_time":"2024-12-18T15:53:22+00:00","og_image":[{"width":1120,"height":1120,"url":"https:\/\/happieanimals.com\/wp-content\/uploads\/2024\/12\/GelenkStarkPremium.webp","type":"image\/webp"}],"twitter_card":"summary_large_image","twitter_misc":{"Gesch\u00e4tzte Lesezeit":"2\u00a0Minuten"},"schema":{"@context":"https:\/\/schema.org","@graph":[{"@type":"WebPage","@id":"https:\/\/happieanimals.com\/de\/produkt\/happievet-gelenkstarkpremium\/","url":"https:\/\/happieanimals.com\/de\/produkt\/happievet-gelenkstarkpremium\/","name":"HappieVet GelenkStarkPremium","isPartOf":{"@id":"https:\/\/happieanimals.com\/de\/#website"},"primaryImageOfPage":{"@id":"https:\/\/happieanimals.com\/de\/produkt\/happievet-gelenkstarkpremium\/#primaryimage"},"image":{"@id":"https:\/\/happieanimals.com\/de\/produkt\/happievet-gelenkstarkpremium\/#primaryimage"},"thumbnailUrl":"https:\/\/happieanimals.com\/wp-content\/uploads\/2024\/12\/GelenkStarkPremium.webp","datePublished":"2024-12-15T13:45:48+00:00","dateModified":"2024-12-18T15:53:22+00:00","description":"Eine hoch bioverf\u00fcgbare Formel aus mikroverkapseltem Curcumin kombiniert mit Hyalurons\u00e4ure zur Unterst\u00fctzung der Flexibilit\u00e4t und Bewegung bei Pferden.\u00a0","breadcrumb":{"@id":"https:\/\/happieanimals.com\/de\/produkt\/happievet-gelenkstarkpremium\/#breadcrumb"},"inLanguage":"de","potentialAction":[{"@type":"ReadAction","target":["https:\/\/happieanimals.com\/de\/produkt\/happievet-gelenkstarkpremium\/"]}]},{"@type":"ImageObject","inLanguage":"de","@id":"https:\/\/happieanimals.com\/de\/produkt\/happievet-gelenkstarkpremium\/#primaryimage","url":"https:\/\/happieanimals.com\/wp-content\/uploads\/2024\/12\/GelenkStarkPremium.webp","contentUrl":"https:\/\/happieanimals.com\/wp-content\/uploads\/2024\/12\/GelenkStarkPremium.webp","width":1120,"height":1120},{"@type":"BreadcrumbList","@id":"https:\/\/happieanimals.com\/de\/produkt\/happievet-gelenkstarkpremium\/#breadcrumb","itemListElement":[{"@type":"ListItem","position":1,"name":"Home","item":"https:\/\/happieanimals.com\/de\/"},{"@type":"ListItem","position":2,"name":"Shop","item":"https:\/\/happieanimals.com\/de\/shop-2\/"},{"@type":"ListItem","position":3,"name":"HappieVet GelenkStarkPremium"}]},{"@type":"WebSite","@id":"https:\/\/happieanimals.com\/de\/#website","url":"https:\/\/happieanimals.com\/de\/","name":"Happie Horse App","description":"Let\u00b4s create a more happie world for horses, pets and people","publisher":{"@id":"https:\/\/happieanimals.com\/de\/#organization"},"potentialAction":[{"@type":"SearchAction","target":{"@type":"EntryPoint","urlTemplate":"https:\/\/happieanimals.com\/de\/?s={search_term_string}"},"query-input":{"@type":"PropertyValueSpecification","valueRequired":true,"valueName":"search_term_string"}}],"inLanguage":"de"},{"@type":"Organization","@id":"https:\/\/happieanimals.com\/de\/#organization","name":"Happie Horse App","url":"https:\/\/happieanimals.com\/de\/","logo":{"@type":"ImageObject","inLanguage":"de","@id":"https:\/\/happieanimals.com\/de\/#\/schema\/logo\/image\/","url":"https:\/\/happieanimals.com\/wp-content\/uploads\/2021\/11\/happie-19.png","contentUrl":"https:\/\/happieanimals.com\/wp-content\/uploads\/2021\/11\/happie-19.png","width":1290,"height":530,"caption":"Happie Horse App"},"image":{"@id":"https:\/\/happieanimals.com\/de\/#\/schema\/logo\/image\/"}}]}},"_links":{"self":[{"href":"https:\/\/happieanimals.com\/de\/wp-json\/wp\/v2\/product\/34833","targetHints":{"allow":["GET"]}}],"collection":[{"href":"https:\/\/happieanimals.com\/de\/wp-json\/wp\/v2\/product"}],"about":[{"href":"https:\/\/happieanimals.com\/de\/wp-json\/wp\/v2\/types\/product"}],"wp:featuredmedia":[{"embeddable":true,"href":"https:\/\/happieanimals.com\/de\/wp-json\/wp\/v2\/media\/34842"}],"wp:attachment":[{"href":"https:\/\/happieanimals.com\/de\/wp-json\/wp\/v2\/media?parent=34833"}],"wp:term":[{"taxonomy":"product_brand","embeddable":true,"href":"https:\/\/happieanimals.com\/de\/wp-json\/wp\/v2\/product_brand?post=34833"},{"taxonomy":"product_cat","embeddable":true,"href":"https:\/\/happieanimals.com\/de\/wp-json\/wp\/v2\/product_cat?post=34833"},{"taxonomy":"product_tag","embeddable":true,"href":"https:\/\/happieanimals.com\/de\/wp-json\/wp\/v2\/product_tag?post=34833"}],"curies":[{"name":"wp","href":"https:\/\/api.w.org\/{rel}","templated":true}]}}