{"id":34834,"date":"2024-12-15T13:45:51","date_gmt":"2024-12-15T13:45:51","guid":{"rendered":"https:\/\/happieanimals.com\/?post_type=product&#038;p=34834"},"modified":"2025-01-14T13:21:06","modified_gmt":"2025-01-14T13:21:06","slug":"happievet-gelenk-stark-plus","status":"publish","type":"product","link":"https:\/\/happieanimals.com\/de\/produkt\/happievet-gelenk-stark-plus\/","title":{"rendered":"HappieVet Gelenk Stark Plus"},"content":{"rendered":"<p>Ein Futtererg\u00e4nzungsmittel zur Erhaltung einer normalen Gelenkfunktion. Enth\u00e4lt eine bioverf\u00fcgbare Quelle von Kurkumin, aus der Kurkuma. Enth\u00e4lt Antioxidantien aus nat\u00fcrlichem Ursprung.<\/p>\n<p>Der aktivierte Wirkstoff in HappieVet Gelenk Stark Plus enth\u00e4lt mehr als das Vierfache an aktivem Kurkumin wie herk\u00f6mmliches Kurkuma. Zudem weist das enthaltene Kurkumin eine 85-mal h\u00f6here Bioverf\u00fcgbarkeit auf.<\/p>\n<p>Konzentriertes fl\u00fcssiges Curcumin zur Unterst\u00fctzung der nat\u00fcrlichen entz\u00fcndungshemmenden Systeme des Pferdes.<\/p>\n<ul>\n<li>360x konzentrierter als nat\u00fcrliches Kurkuma<\/li>\n<li>Geringe t\u00e4gliche Futtermenge<\/li>\n<li>Schnelles Handeln<\/li>\n<li>Gut Art<\/li>\n<li>Wettbewerbssicher (UK)<\/li>\n<\/ul>\n<p>Kurkumin bietet eine deutlich h\u00f6here Absorptionsrate im Vergleich zu nat\u00fcrlichen Formen von Kurkuma.<\/p>\n<p>Kurkumin in dieser Form auf Sorbitol- und Glycerinbasis ist hochgradig bioverf\u00fcgbar und f\u00fcr Pferde aller Altersgruppen und Disziplinen geeignet.<\/p>\n<p>Ein wirksames Antioxidans f\u00fcr die Muskel- und Trainingsregeneration.<\/p>\n<p>&nbsp;<\/p>\n<p><strong>Zusammensetzung<\/strong><br \/>\nSorbitol, Glycerin<\/p>\n<p><strong>Zusatzstoffe pro Liter<\/strong><\/p>\n<ul>\n<li>Curcumin 50.000 mg<\/li>\n<\/ul>\n<p><strong>Zusatzstoffe pro 60 ml:\u00a0<\/strong>Kurkuma 3000 mg<\/p>\n<p><strong>Analytische Bestandteile:\u00a0<\/strong>Rohprotein &lt;0,1%, Roh\u00f6le und -fette 0,9%, Rohfaser &lt;0,4%, Rohasche &lt;0,1%, Feuchtegehalt 21,2%, Natrium 0,003%.<\/p>\n<p>&nbsp;<\/p>\n<p><strong>F\u00fctterungsempfehlung:<\/strong><br \/>\nT\u00e4glich\u00a030 ml pro Tag dem normalen Futter beimischen. W\u00e4hrend Wettk\u00e4mpfen und im Training: 60 ml pro Tag f\u00fcttern.<\/p>\n<p>Hinweis: Curcumin kann Flecken verursachen, daher ist bei der Anwendung Vorsicht geboten.<\/p>\n<p>Erg\u00e4nzungsfuttermittel f\u00fcr Pferde<\/p>\n<p>Ausschlie\u00dflich zur F\u00fctterung an Pferde geeignet. Au\u00dferhalb der Reichweite von Kindern aufbewahren. An einem k\u00fchlen, trockenen Ort lagern. Nicht einfrieren. Die Verabreichung an Sportpferde kann unter Umst\u00e4nden mit den nationalen Regeln des Pferdesports in Konflikt geraten, daher immer bei der zust\u00e4ndigen Beh\u00f6rde nachfragen. Bitte halten Sie sich an die F\u00fctterungsempfehlung.<\/p>\n","protected":false},"excerpt":{"rendered":"<p><strong>Eine bioverf\u00fcgbare Quelle an Kurkumin (Kurkuma-Wurzel) f\u00fcr eine optimale &amp; nat\u00fcrliche Unterst\u00fctzung der Gelenke. Konzentriertes fl\u00fcssiges Curcumin zur Unterst\u00fctzung der nat\u00fcrlichen entz\u00fcndungshemmenden Systeme des Pferdes. + 30 Tage Happie Premium Code<\/strong><\/p>\n<ul>\n<li>360-mal konzentrierter als nat\u00fcrliches Kurkuma.<\/li>\n<li>Wissenschaftlich entwickelte\u00a0Rezeptur f\u00fcr geschmeidige Gelenke<\/li>\n<li>Bioverf\u00fcgbares mikroverkapseltes Kurkumin<\/li>\n<\/ul>\n","protected":false},"featured_media":34839,"template":"","meta":{"om_disable_all_campaigns":false},"product_brand":[],"product_cat":[246],"product_tag":[248],"class_list":{"0":"post-34834","1":"product","2":"type-product","3":"status-publish","4":"has-post-thumbnail","6":"product_cat-nutrition","7":"product_tag-happievet","9":"first","10":"instock","11":"taxable","12":"shipping-taxable","13":"purchasable","14":"product-type-simple"},"yoast_head":"<!-- This site is optimized with the Yoast SEO Premium plugin v25.2 (Yoast SEO v25.2) - https:\/\/yoast.com\/wordpress\/plugins\/seo\/ -->\n<title>HappieVet Gelenk Stark Plus<\/title>\n<meta name=\"description\" content=\"Organischer Selenkomplex zur Unterst\u00fctzung der Aufrechterhaltung eines gesunden Stoffwechsels und Immunsystems deines Pferdes.\" \/>\n<meta name=\"robots\" content=\"index, follow, max-snippet:-1, max-image-preview:large, max-video-preview:-1\" \/>\n<link rel=\"canonical\" href=\"https:\/\/happieanimals.com\/de\/produkt\/happievet-gelenk-stark-plus\/\" \/>\n<meta property=\"og:locale\" content=\"de_DE\" \/>\n<meta property=\"og:type\" content=\"article\" \/>\n<meta property=\"og:title\" content=\"HappieVet Gelenk Stark Plus\" \/>\n<meta property=\"og:description\" content=\"Organischer Selenkomplex zur Unterst\u00fctzung der Aufrechterhaltung eines gesunden Stoffwechsels und Immunsystems deines Pferdes.\" \/>\n<meta property=\"og:url\" content=\"https:\/\/happieanimals.com\/de\/produkt\/happievet-gelenk-stark-plus\/\" \/>\n<meta property=\"og:site_name\" content=\"Happie Horse Management App\" \/>\n<meta property=\"article:modified_time\" content=\"2025-01-14T13:21:06+00:00\" \/>\n<meta property=\"og:image\" content=\"https:\/\/happieanimals.com\/wp-content\/uploads\/2024\/12\/GelenkStarkPlus.webp\" \/>\n\t<meta property=\"og:image:width\" content=\"1120\" \/>\n\t<meta property=\"og:image:height\" content=\"1120\" \/>\n\t<meta property=\"og:image:type\" content=\"image\/webp\" \/>\n<meta name=\"twitter:card\" content=\"summary_large_image\" \/>\n<meta name=\"twitter:label1\" content=\"Gesch\u00e4tzte Lesezeit\" \/>\n\t<meta name=\"twitter:data1\" content=\"2\u00a0Minuten\" \/>\n<script type=\"application\/ld+json\" class=\"yoast-schema-graph\">{\"@context\":\"https:\/\/schema.org\",\"@graph\":[{\"@type\":\"WebPage\",\"@id\":\"https:\/\/happieanimals.com\/de\/produkt\/happievet-gelenk-stark-plus\/\",\"url\":\"https:\/\/happieanimals.com\/de\/produkt\/happievet-gelenk-stark-plus\/\",\"name\":\"HappieVet Gelenk Stark Plus\",\"isPartOf\":{\"@id\":\"https:\/\/happieanimals.com\/de\/#website\"},\"primaryImageOfPage\":{\"@id\":\"https:\/\/happieanimals.com\/de\/produkt\/happievet-gelenk-stark-plus\/#primaryimage\"},\"image\":{\"@id\":\"https:\/\/happieanimals.com\/de\/produkt\/happievet-gelenk-stark-plus\/#primaryimage\"},\"thumbnailUrl\":\"https:\/\/happieanimals.com\/wp-content\/uploads\/2024\/12\/GelenkStarkPlus.webp\",\"datePublished\":\"2024-12-15T13:45:51+00:00\",\"dateModified\":\"2025-01-14T13:21:06+00:00\",\"description\":\"Organischer Selenkomplex zur Unterst\u00fctzung der Aufrechterhaltung eines gesunden Stoffwechsels und Immunsystems deines Pferdes.\",\"breadcrumb\":{\"@id\":\"https:\/\/happieanimals.com\/de\/produkt\/happievet-gelenk-stark-plus\/#breadcrumb\"},\"inLanguage\":\"de\",\"potentialAction\":[{\"@type\":\"ReadAction\",\"target\":[\"https:\/\/happieanimals.com\/de\/produkt\/happievet-gelenk-stark-plus\/\"]}]},{\"@type\":\"ImageObject\",\"inLanguage\":\"de\",\"@id\":\"https:\/\/happieanimals.com\/de\/produkt\/happievet-gelenk-stark-plus\/#primaryimage\",\"url\":\"https:\/\/happieanimals.com\/wp-content\/uploads\/2024\/12\/GelenkStarkPlus.webp\",\"contentUrl\":\"https:\/\/happieanimals.com\/wp-content\/uploads\/2024\/12\/GelenkStarkPlus.webp\",\"width\":1120,\"height\":1120},{\"@type\":\"BreadcrumbList\",\"@id\":\"https:\/\/happieanimals.com\/de\/produkt\/happievet-gelenk-stark-plus\/#breadcrumb\",\"itemListElement\":[{\"@type\":\"ListItem\",\"position\":1,\"name\":\"Home\",\"item\":\"https:\/\/happieanimals.com\/de\/\"},{\"@type\":\"ListItem\",\"position\":2,\"name\":\"Shop\",\"item\":\"https:\/\/happieanimals.com\/de\/shop-2\/\"},{\"@type\":\"ListItem\",\"position\":3,\"name\":\"HappieVet Gelenk Stark Plus\"}]},{\"@type\":\"WebSite\",\"@id\":\"https:\/\/happieanimals.com\/de\/#website\",\"url\":\"https:\/\/happieanimals.com\/de\/\",\"name\":\"Happie Horse App\",\"description\":\"Let\u00b4s create a more happie world for horses, pets and people\",\"publisher\":{\"@id\":\"https:\/\/happieanimals.com\/de\/#organization\"},\"potentialAction\":[{\"@type\":\"SearchAction\",\"target\":{\"@type\":\"EntryPoint\",\"urlTemplate\":\"https:\/\/happieanimals.com\/de\/?s={search_term_string}\"},\"query-input\":{\"@type\":\"PropertyValueSpecification\",\"valueRequired\":true,\"valueName\":\"search_term_string\"}}],\"inLanguage\":\"de\"},{\"@type\":\"Organization\",\"@id\":\"https:\/\/happieanimals.com\/de\/#organization\",\"name\":\"Happie Horse App\",\"url\":\"https:\/\/happieanimals.com\/de\/\",\"logo\":{\"@type\":\"ImageObject\",\"inLanguage\":\"de\",\"@id\":\"https:\/\/happieanimals.com\/de\/#\/schema\/logo\/image\/\",\"url\":\"https:\/\/happieanimals.com\/wp-content\/uploads\/2021\/11\/happie-19.png\",\"contentUrl\":\"https:\/\/happieanimals.com\/wp-content\/uploads\/2021\/11\/happie-19.png\",\"width\":1290,\"height\":530,\"caption\":\"Happie Horse App\"},\"image\":{\"@id\":\"https:\/\/happieanimals.com\/de\/#\/schema\/logo\/image\/\"}}]}<\/script>\n<!-- \/ Yoast SEO Premium plugin. -->","yoast_head_json":{"title":"HappieVet Gelenk Stark Plus","description":"Organischer Selenkomplex zur Unterst\u00fctzung der Aufrechterhaltung eines gesunden Stoffwechsels und Immunsystems deines Pferdes.","robots":{"index":"index","follow":"follow","max-snippet":"max-snippet:-1","max-image-preview":"max-image-preview:large","max-video-preview":"max-video-preview:-1"},"canonical":"https:\/\/happieanimals.com\/de\/produkt\/happievet-gelenk-stark-plus\/","og_locale":"de_DE","og_type":"article","og_title":"HappieVet Gelenk Stark Plus","og_description":"Organischer Selenkomplex zur Unterst\u00fctzung der Aufrechterhaltung eines gesunden Stoffwechsels und Immunsystems deines Pferdes.","og_url":"https:\/\/happieanimals.com\/de\/produkt\/happievet-gelenk-stark-plus\/","og_site_name":"Happie Horse Management App","article_modified_time":"2025-01-14T13:21:06+00:00","og_image":[{"width":1120,"height":1120,"url":"https:\/\/happieanimals.com\/wp-content\/uploads\/2024\/12\/GelenkStarkPlus.webp","type":"image\/webp"}],"twitter_card":"summary_large_image","twitter_misc":{"Gesch\u00e4tzte Lesezeit":"2\u00a0Minuten"},"schema":{"@context":"https:\/\/schema.org","@graph":[{"@type":"WebPage","@id":"https:\/\/happieanimals.com\/de\/produkt\/happievet-gelenk-stark-plus\/","url":"https:\/\/happieanimals.com\/de\/produkt\/happievet-gelenk-stark-plus\/","name":"HappieVet Gelenk Stark Plus","isPartOf":{"@id":"https:\/\/happieanimals.com\/de\/#website"},"primaryImageOfPage":{"@id":"https:\/\/happieanimals.com\/de\/produkt\/happievet-gelenk-stark-plus\/#primaryimage"},"image":{"@id":"https:\/\/happieanimals.com\/de\/produkt\/happievet-gelenk-stark-plus\/#primaryimage"},"thumbnailUrl":"https:\/\/happieanimals.com\/wp-content\/uploads\/2024\/12\/GelenkStarkPlus.webp","datePublished":"2024-12-15T13:45:51+00:00","dateModified":"2025-01-14T13:21:06+00:00","description":"Organischer Selenkomplex zur Unterst\u00fctzung der Aufrechterhaltung eines gesunden Stoffwechsels und Immunsystems deines Pferdes.","breadcrumb":{"@id":"https:\/\/happieanimals.com\/de\/produkt\/happievet-gelenk-stark-plus\/#breadcrumb"},"inLanguage":"de","potentialAction":[{"@type":"ReadAction","target":["https:\/\/happieanimals.com\/de\/produkt\/happievet-gelenk-stark-plus\/"]}]},{"@type":"ImageObject","inLanguage":"de","@id":"https:\/\/happieanimals.com\/de\/produkt\/happievet-gelenk-stark-plus\/#primaryimage","url":"https:\/\/happieanimals.com\/wp-content\/uploads\/2024\/12\/GelenkStarkPlus.webp","contentUrl":"https:\/\/happieanimals.com\/wp-content\/uploads\/2024\/12\/GelenkStarkPlus.webp","width":1120,"height":1120},{"@type":"BreadcrumbList","@id":"https:\/\/happieanimals.com\/de\/produkt\/happievet-gelenk-stark-plus\/#breadcrumb","itemListElement":[{"@type":"ListItem","position":1,"name":"Home","item":"https:\/\/happieanimals.com\/de\/"},{"@type":"ListItem","position":2,"name":"Shop","item":"https:\/\/happieanimals.com\/de\/shop-2\/"},{"@type":"ListItem","position":3,"name":"HappieVet Gelenk Stark Plus"}]},{"@type":"WebSite","@id":"https:\/\/happieanimals.com\/de\/#website","url":"https:\/\/happieanimals.com\/de\/","name":"Happie Horse App","description":"Let\u00b4s create a more happie world for horses, pets and people","publisher":{"@id":"https:\/\/happieanimals.com\/de\/#organization"},"potentialAction":[{"@type":"SearchAction","target":{"@type":"EntryPoint","urlTemplate":"https:\/\/happieanimals.com\/de\/?s={search_term_string}"},"query-input":{"@type":"PropertyValueSpecification","valueRequired":true,"valueName":"search_term_string"}}],"inLanguage":"de"},{"@type":"Organization","@id":"https:\/\/happieanimals.com\/de\/#organization","name":"Happie Horse App","url":"https:\/\/happieanimals.com\/de\/","logo":{"@type":"ImageObject","inLanguage":"de","@id":"https:\/\/happieanimals.com\/de\/#\/schema\/logo\/image\/","url":"https:\/\/happieanimals.com\/wp-content\/uploads\/2021\/11\/happie-19.png","contentUrl":"https:\/\/happieanimals.com\/wp-content\/uploads\/2021\/11\/happie-19.png","width":1290,"height":530,"caption":"Happie Horse App"},"image":{"@id":"https:\/\/happieanimals.com\/de\/#\/schema\/logo\/image\/"}}]}},"_links":{"self":[{"href":"https:\/\/happieanimals.com\/de\/wp-json\/wp\/v2\/product\/34834","targetHints":{"allow":["GET"]}}],"collection":[{"href":"https:\/\/happieanimals.com\/de\/wp-json\/wp\/v2\/product"}],"about":[{"href":"https:\/\/happieanimals.com\/de\/wp-json\/wp\/v2\/types\/product"}],"wp:featuredmedia":[{"embeddable":true,"href":"https:\/\/happieanimals.com\/de\/wp-json\/wp\/v2\/media\/34839"}],"wp:attachment":[{"href":"https:\/\/happieanimals.com\/de\/wp-json\/wp\/v2\/media?parent=34834"}],"wp:term":[{"taxonomy":"product_brand","embeddable":true,"href":"https:\/\/happieanimals.com\/de\/wp-json\/wp\/v2\/product_brand?post=34834"},{"taxonomy":"product_cat","embeddable":true,"href":"https:\/\/happieanimals.com\/de\/wp-json\/wp\/v2\/product_cat?post=34834"},{"taxonomy":"product_tag","embeddable":true,"href":"https:\/\/happieanimals.com\/de\/wp-json\/wp\/v2\/product_tag?post=34834"}],"curies":[{"name":"wp","href":"https:\/\/api.w.org\/{rel}","templated":true}]}}