{"id":34835,"date":"2024-12-15T13:45:54","date_gmt":"2024-12-15T13:45:54","guid":{"rendered":"https:\/\/happieanimals.com\/?post_type=product&#038;p=34835"},"modified":"2025-01-14T13:16:43","modified_gmt":"2025-01-14T13:16:43","slug":"happievet-gelenksnack-bozmerix","status":"publish","type":"product","link":"https:\/\/happieanimals.com\/de\/produkt\/happievet-gelenksnack-bozmerix\/","title":{"rendered":"HappieVet GelenkSnack BozMerix"},"content":{"rendered":"<p><strong>Erg\u00e4nzungsfuttermittel f\u00fcr Pferde zur Aufrechterhaltung normaler Gelenk-, Muskel- und Gelenkfunktionen.<\/strong><\/p>\n<ul>\n<li>Leicht zu verabreichen dank der praktischen Form<\/li>\n<li>Direkt aus der Hand verabreichen oder \u00fcber den Tag verteilen, indem Sie sie zu den regelm\u00e4\u00dfigen F\u00fctterungszeiten in den Trog geben<\/li>\n<li>Basierend auf leicht verdaulichen Kartoffelflocken<\/li>\n<li>Enth\u00e4lt 7,5 g BozMerix pro 5 Tabletten. (Zus\u00e4tzliches BozMerix kann w\u00e4hrend intensivem Training oder besonderer Gelenkbelastung hinzugef\u00fcgt werden.)<\/li>\n<\/ul>\n<p>BozMerix hat keinen Kontakt mit MSM \u2013 und ist daher f\u00fcr die Anwendung bei Rennpferden gem\u00e4\u00df den \u00fcberarbeiteten Richtlinien zu verbotenen Substanzen (August 2022) geeignet.<\/p>\n<p><strong>ZUSAMMENSETZUNG<\/strong><\/p>\n<p>Kartoffelflocken, Jerusalem-Artischocke, Apfeltrester, Avocado\/Sojabohnen, Raps\u00f6l, Curcuma Longa L., pflanzliches \u00d6l aus Meeresalgen (Quelle f\u00fcr EPA und DHA), Calciumcarbonat.<\/p>\n<p><strong>ANALYTISCHE BESTANDTEILE<\/strong><\/p>\n<p>Rohprotein 4,2%, Rohfett 10,8%, Rohfaser 5,5%, Rohasche 7,6%, Calcium 1,78%, Phosphor 0,12%, Natrium 0,05%<\/p>\n<p><strong>WARNHINWEISE<\/strong><\/p>\n<p>Ausschlie\u00dflich zur F\u00fctterung an Pferde geeignet. Au\u00dferhalb der Reichweite von Kindern aufbewahren. An einem k\u00fchlen, trockenen Ort lagern. Nicht einfrieren. Die Verabreichung an Sportpferde kann unter Umst\u00e4nden mit den nationalen Regeln des Pferdesports in Konflikt geraten, daher immer bei der zust\u00e4ndigen Beh\u00f6rde nachfragen. Bitte halten Sie sich an die F\u00fctterungsempfehlung.<\/p>\n<p><strong>Anweisungen zum richtigen Gebrauch<\/strong><br \/>\nAlle Pferde:<br \/>\nErhaltung:<br \/>\n1 HappieVet GelenkSnack BozMerix pro 100 kg K\u00f6rpergewicht.<\/p>\n<p>In akuten Phasen oder bei hoher Belastung:<br \/>\n2 HappieVet GelenkSnack BozMerix pro 100 kg K\u00f6rpergewicht.<\/p>\n<p>Erg\u00e4nzungsfuttermittel f\u00fcr Pferde<\/p>\n<p>Ausschlie\u00dflich zur F\u00fctterung an Pferde geeignet. Au\u00dferhalb der Reichweite von Kindern aufbewahren. An einem k\u00fchlen, trockenen Ort lagern. Nicht einfrieren. Die Verabreichung an Sportpferde kann unter Umst\u00e4nden mit den nationalen Regeln des Pferdesports in Konflikt geraten, daher immer bei der zust\u00e4ndigen Beh\u00f6rde nachfragen. Bitte halten Sie sich an die F\u00fctterungsempfehlung.<\/p>\n","protected":false},"excerpt":{"rendered":"<p><strong>NAT\u00dcRLICH ENTZ\u00dcNDUNGSHEMMEND + 30 Tage Happie Premium Code<\/strong><\/p>\n<p>Revolution\u00e4re nutrazeutische Crunchtabs unterst\u00fctzen nat\u00fcrliche entz\u00fcndungshemmende Systeme &amp; f\u00f6rdern klare Bewegungsabl\u00e4ufe.<\/p>\n<ul>\n<li>Basierend auf Bosmerik Apfel \u2013 Mit Apfel Geschmack<\/li>\n<li>Unterst\u00fctzt die nat\u00fcrlichen entz\u00fcndungshemmenden Vorg\u00e4nge im K\u00f6rper<\/li>\n<li>Unterst\u00fctzung f\u00fcr Gelenke &amp; Muskeln<\/li>\n<li>Gelenkunterst\u00fctzung bei akuten Beschwerden<\/li>\n<li>ADMR: mind. 48 Stunden \/ FEI Clean Sport: konform<\/li>\n<\/ul>\n","protected":false},"featured_media":34836,"template":"","meta":{"om_disable_all_campaigns":false},"product_brand":[],"product_cat":[246],"product_tag":[248],"class_list":{"0":"post-34835","1":"product","2":"type-product","3":"status-publish","4":"has-post-thumbnail","6":"product_cat-nutrition","7":"product_tag-happievet","9":"first","10":"instock","11":"taxable","12":"shipping-taxable","13":"purchasable","14":"product-type-simple"},"yoast_head":"<!-- This site is optimized with the Yoast SEO Premium plugin v25.2 (Yoast SEO v25.2) - https:\/\/yoast.com\/wordpress\/plugins\/seo\/ -->\n<title>HappieVet GelenkSnack BozMerix<\/title>\n<meta name=\"description\" content=\"Organischer Selenkomplex zur Unterst\u00fctzung der Aufrechterhaltung eines gesunden Stoffwechsels und Immunsystems deines Pferdes.\" \/>\n<meta name=\"robots\" content=\"index, follow, max-snippet:-1, max-image-preview:large, max-video-preview:-1\" \/>\n<link rel=\"canonical\" href=\"https:\/\/happieanimals.com\/de\/produkt\/happievet-gelenksnack-bozmerix\/\" \/>\n<meta property=\"og:locale\" content=\"de_DE\" \/>\n<meta property=\"og:type\" content=\"article\" \/>\n<meta property=\"og:title\" content=\"HappieVet GelenkSnack BozMerix\" \/>\n<meta property=\"og:description\" content=\"Organischer Selenkomplex zur Unterst\u00fctzung der Aufrechterhaltung eines gesunden Stoffwechsels und Immunsystems deines Pferdes.\" \/>\n<meta property=\"og:url\" content=\"https:\/\/happieanimals.com\/de\/produkt\/happievet-gelenksnack-bozmerix\/\" \/>\n<meta property=\"og:site_name\" content=\"Happie Horse Management App\" \/>\n<meta property=\"article:modified_time\" content=\"2025-01-14T13:16:43+00:00\" \/>\n<meta property=\"og:image\" content=\"https:\/\/happieanimals.com\/wp-content\/uploads\/2024\/12\/GelenkSnack.webp\" \/>\n\t<meta property=\"og:image:width\" content=\"1120\" \/>\n\t<meta property=\"og:image:height\" content=\"1120\" \/>\n\t<meta property=\"og:image:type\" content=\"image\/webp\" \/>\n<meta name=\"twitter:card\" content=\"summary_large_image\" \/>\n<meta name=\"twitter:label1\" content=\"Gesch\u00e4tzte Lesezeit\" \/>\n\t<meta name=\"twitter:data1\" content=\"2\u00a0Minuten\" \/>\n<script type=\"application\/ld+json\" class=\"yoast-schema-graph\">{\"@context\":\"https:\/\/schema.org\",\"@graph\":[{\"@type\":\"WebPage\",\"@id\":\"https:\/\/happieanimals.com\/de\/produkt\/happievet-gelenksnack-bozmerix\/\",\"url\":\"https:\/\/happieanimals.com\/de\/produkt\/happievet-gelenksnack-bozmerix\/\",\"name\":\"HappieVet GelenkSnack BozMerix\",\"isPartOf\":{\"@id\":\"https:\/\/happieanimals.com\/de\/#website\"},\"primaryImageOfPage\":{\"@id\":\"https:\/\/happieanimals.com\/de\/produkt\/happievet-gelenksnack-bozmerix\/#primaryimage\"},\"image\":{\"@id\":\"https:\/\/happieanimals.com\/de\/produkt\/happievet-gelenksnack-bozmerix\/#primaryimage\"},\"thumbnailUrl\":\"https:\/\/happieanimals.com\/wp-content\/uploads\/2024\/12\/GelenkSnack.webp\",\"datePublished\":\"2024-12-15T13:45:54+00:00\",\"dateModified\":\"2025-01-14T13:16:43+00:00\",\"description\":\"Organischer Selenkomplex zur Unterst\u00fctzung der Aufrechterhaltung eines gesunden Stoffwechsels und Immunsystems deines Pferdes.\",\"breadcrumb\":{\"@id\":\"https:\/\/happieanimals.com\/de\/produkt\/happievet-gelenksnack-bozmerix\/#breadcrumb\"},\"inLanguage\":\"de\",\"potentialAction\":[{\"@type\":\"ReadAction\",\"target\":[\"https:\/\/happieanimals.com\/de\/produkt\/happievet-gelenksnack-bozmerix\/\"]}]},{\"@type\":\"ImageObject\",\"inLanguage\":\"de\",\"@id\":\"https:\/\/happieanimals.com\/de\/produkt\/happievet-gelenksnack-bozmerix\/#primaryimage\",\"url\":\"https:\/\/happieanimals.com\/wp-content\/uploads\/2024\/12\/GelenkSnack.webp\",\"contentUrl\":\"https:\/\/happieanimals.com\/wp-content\/uploads\/2024\/12\/GelenkSnack.webp\",\"width\":1120,\"height\":1120},{\"@type\":\"BreadcrumbList\",\"@id\":\"https:\/\/happieanimals.com\/de\/produkt\/happievet-gelenksnack-bozmerix\/#breadcrumb\",\"itemListElement\":[{\"@type\":\"ListItem\",\"position\":1,\"name\":\"Home\",\"item\":\"https:\/\/happieanimals.com\/de\/\"},{\"@type\":\"ListItem\",\"position\":2,\"name\":\"Shop\",\"item\":\"https:\/\/happieanimals.com\/de\/shop-2\/\"},{\"@type\":\"ListItem\",\"position\":3,\"name\":\"HappieVet GelenkSnack BozMerix\"}]},{\"@type\":\"WebSite\",\"@id\":\"https:\/\/happieanimals.com\/de\/#website\",\"url\":\"https:\/\/happieanimals.com\/de\/\",\"name\":\"Happie Horse App\",\"description\":\"Let\u00b4s create a more happie world for horses, pets and people\",\"publisher\":{\"@id\":\"https:\/\/happieanimals.com\/de\/#organization\"},\"potentialAction\":[{\"@type\":\"SearchAction\",\"target\":{\"@type\":\"EntryPoint\",\"urlTemplate\":\"https:\/\/happieanimals.com\/de\/?s={search_term_string}\"},\"query-input\":{\"@type\":\"PropertyValueSpecification\",\"valueRequired\":true,\"valueName\":\"search_term_string\"}}],\"inLanguage\":\"de\"},{\"@type\":\"Organization\",\"@id\":\"https:\/\/happieanimals.com\/de\/#organization\",\"name\":\"Happie Horse App\",\"url\":\"https:\/\/happieanimals.com\/de\/\",\"logo\":{\"@type\":\"ImageObject\",\"inLanguage\":\"de\",\"@id\":\"https:\/\/happieanimals.com\/de\/#\/schema\/logo\/image\/\",\"url\":\"https:\/\/happieanimals.com\/wp-content\/uploads\/2021\/11\/happie-19.png\",\"contentUrl\":\"https:\/\/happieanimals.com\/wp-content\/uploads\/2021\/11\/happie-19.png\",\"width\":1290,\"height\":530,\"caption\":\"Happie Horse App\"},\"image\":{\"@id\":\"https:\/\/happieanimals.com\/de\/#\/schema\/logo\/image\/\"}}]}<\/script>\n<!-- \/ Yoast SEO Premium plugin. -->","yoast_head_json":{"title":"HappieVet GelenkSnack BozMerix","description":"Organischer Selenkomplex zur Unterst\u00fctzung der Aufrechterhaltung eines gesunden Stoffwechsels und Immunsystems deines Pferdes.","robots":{"index":"index","follow":"follow","max-snippet":"max-snippet:-1","max-image-preview":"max-image-preview:large","max-video-preview":"max-video-preview:-1"},"canonical":"https:\/\/happieanimals.com\/de\/produkt\/happievet-gelenksnack-bozmerix\/","og_locale":"de_DE","og_type":"article","og_title":"HappieVet GelenkSnack BozMerix","og_description":"Organischer Selenkomplex zur Unterst\u00fctzung der Aufrechterhaltung eines gesunden Stoffwechsels und Immunsystems deines Pferdes.","og_url":"https:\/\/happieanimals.com\/de\/produkt\/happievet-gelenksnack-bozmerix\/","og_site_name":"Happie Horse Management App","article_modified_time":"2025-01-14T13:16:43+00:00","og_image":[{"width":1120,"height":1120,"url":"https:\/\/happieanimals.com\/wp-content\/uploads\/2024\/12\/GelenkSnack.webp","type":"image\/webp"}],"twitter_card":"summary_large_image","twitter_misc":{"Gesch\u00e4tzte Lesezeit":"2\u00a0Minuten"},"schema":{"@context":"https:\/\/schema.org","@graph":[{"@type":"WebPage","@id":"https:\/\/happieanimals.com\/de\/produkt\/happievet-gelenksnack-bozmerix\/","url":"https:\/\/happieanimals.com\/de\/produkt\/happievet-gelenksnack-bozmerix\/","name":"HappieVet GelenkSnack BozMerix","isPartOf":{"@id":"https:\/\/happieanimals.com\/de\/#website"},"primaryImageOfPage":{"@id":"https:\/\/happieanimals.com\/de\/produkt\/happievet-gelenksnack-bozmerix\/#primaryimage"},"image":{"@id":"https:\/\/happieanimals.com\/de\/produkt\/happievet-gelenksnack-bozmerix\/#primaryimage"},"thumbnailUrl":"https:\/\/happieanimals.com\/wp-content\/uploads\/2024\/12\/GelenkSnack.webp","datePublished":"2024-12-15T13:45:54+00:00","dateModified":"2025-01-14T13:16:43+00:00","description":"Organischer Selenkomplex zur Unterst\u00fctzung der Aufrechterhaltung eines gesunden Stoffwechsels und Immunsystems deines Pferdes.","breadcrumb":{"@id":"https:\/\/happieanimals.com\/de\/produkt\/happievet-gelenksnack-bozmerix\/#breadcrumb"},"inLanguage":"de","potentialAction":[{"@type":"ReadAction","target":["https:\/\/happieanimals.com\/de\/produkt\/happievet-gelenksnack-bozmerix\/"]}]},{"@type":"ImageObject","inLanguage":"de","@id":"https:\/\/happieanimals.com\/de\/produkt\/happievet-gelenksnack-bozmerix\/#primaryimage","url":"https:\/\/happieanimals.com\/wp-content\/uploads\/2024\/12\/GelenkSnack.webp","contentUrl":"https:\/\/happieanimals.com\/wp-content\/uploads\/2024\/12\/GelenkSnack.webp","width":1120,"height":1120},{"@type":"BreadcrumbList","@id":"https:\/\/happieanimals.com\/de\/produkt\/happievet-gelenksnack-bozmerix\/#breadcrumb","itemListElement":[{"@type":"ListItem","position":1,"name":"Home","item":"https:\/\/happieanimals.com\/de\/"},{"@type":"ListItem","position":2,"name":"Shop","item":"https:\/\/happieanimals.com\/de\/shop-2\/"},{"@type":"ListItem","position":3,"name":"HappieVet GelenkSnack BozMerix"}]},{"@type":"WebSite","@id":"https:\/\/happieanimals.com\/de\/#website","url":"https:\/\/happieanimals.com\/de\/","name":"Happie Horse App","description":"Let\u00b4s create a more happie world for horses, pets and people","publisher":{"@id":"https:\/\/happieanimals.com\/de\/#organization"},"potentialAction":[{"@type":"SearchAction","target":{"@type":"EntryPoint","urlTemplate":"https:\/\/happieanimals.com\/de\/?s={search_term_string}"},"query-input":{"@type":"PropertyValueSpecification","valueRequired":true,"valueName":"search_term_string"}}],"inLanguage":"de"},{"@type":"Organization","@id":"https:\/\/happieanimals.com\/de\/#organization","name":"Happie Horse App","url":"https:\/\/happieanimals.com\/de\/","logo":{"@type":"ImageObject","inLanguage":"de","@id":"https:\/\/happieanimals.com\/de\/#\/schema\/logo\/image\/","url":"https:\/\/happieanimals.com\/wp-content\/uploads\/2021\/11\/happie-19.png","contentUrl":"https:\/\/happieanimals.com\/wp-content\/uploads\/2021\/11\/happie-19.png","width":1290,"height":530,"caption":"Happie Horse App"},"image":{"@id":"https:\/\/happieanimals.com\/de\/#\/schema\/logo\/image\/"}}]}},"_links":{"self":[{"href":"https:\/\/happieanimals.com\/de\/wp-json\/wp\/v2\/product\/34835","targetHints":{"allow":["GET"]}}],"collection":[{"href":"https:\/\/happieanimals.com\/de\/wp-json\/wp\/v2\/product"}],"about":[{"href":"https:\/\/happieanimals.com\/de\/wp-json\/wp\/v2\/types\/product"}],"wp:featuredmedia":[{"embeddable":true,"href":"https:\/\/happieanimals.com\/de\/wp-json\/wp\/v2\/media\/34836"}],"wp:attachment":[{"href":"https:\/\/happieanimals.com\/de\/wp-json\/wp\/v2\/media?parent=34835"}],"wp:term":[{"taxonomy":"product_brand","embeddable":true,"href":"https:\/\/happieanimals.com\/de\/wp-json\/wp\/v2\/product_brand?post=34835"},{"taxonomy":"product_cat","embeddable":true,"href":"https:\/\/happieanimals.com\/de\/wp-json\/wp\/v2\/product_cat?post=34835"},{"taxonomy":"product_tag","embeddable":true,"href":"https:\/\/happieanimals.com\/de\/wp-json\/wp\/v2\/product_tag?post=34835"}],"curies":[{"name":"wp","href":"https:\/\/api.w.org\/{rel}","templated":true}]}}