{"id":3766,"date":"2022-10-10T08:12:08","date_gmt":"2022-10-10T08:12:08","guid":{"rendered":"https:\/\/happieanimals.com\/product\/premium-auf-lebenszeit\/"},"modified":"2026-04-12T06:35:00","modified_gmt":"2026-04-12T06:35:00","slug":"lifetime-premium-abo","status":"publish","type":"product","link":"https:\/\/happieanimals.com\/de\/produkt\/lifetime-premium-abo\/","title":{"rendered":"Lebenslang Premium I Oster Angebot \ud83d\udc23 + PDF"},"content":{"rendered":"<p class=\"ai-optimize-28 ai-optimize-introduction\" data-start=\"208\" data-end=\"450\"><strong>Sobald deine Zahlung best\u00e4tigt wurde, erh\u00e4ltst du innerhalb von 24 Stunden eine E Mail von mir (David) mit den n\u00e4chsten Schritten. Danach schalten wir deinen Premium Zugang lebenslang frei.<\/strong><\/p>\n<p class=\"ai-optimize-29\" data-start=\"452\" data-end=\"606\">Erlebe die beste App f\u00fcr Pferdeliebhaber, mit der du die t\u00e4gliche Stallroutine, Gesundheit, Weidezeit und das Training deines Pferdes organisieren kannst.<\/p>\n<p class=\"ai-optimize-30\" data-start=\"608\" data-end=\"826\">Organisiere dein Leben mit dem Pferd, damit du dich auf alle wichtigen Aufgaben konzentrieren kannst und den \u00dcberblick \u00fcber anstehende Termine bei Tier\u00e4rzten oder Hufschmieden beh\u00e4ltst. Habe dein Pferd immer mit dabei.<\/p>\n<p class=\"ai-optimize-31\" data-start=\"828\" data-end=\"988\">Lade die App herunter und folge den Anweisungen aus meiner E Mail, um dein Leben als Pferdebesitzer zu vereinfachen und dein Pferd oder Pony ges\u00fcnder zu machen.<\/p>\n<p class=\"ai-optimize-32\" data-start=\"990\" data-end=\"1147\"><em data-start=\"990\" data-end=\"1147\">Alle Preise sind in EURO angegeben. Aktuelle Abonnements werden nicht ersetzt oder gek\u00fcndigt. Hast du weitere Fragen zu Premium? Besuche unser Hilfecenter.<\/em><\/p>\n","protected":false},"excerpt":{"rendered":"<p>Der Gutschein gibt dir oder einer Person deiner Wahl lebenslangen Zugang zu Happie Premium.<\/p>\n","protected":false},"featured_media":3780,"template":"","meta":{"om_disable_all_campaigns":false},"product_brand":[],"product_cat":[107],"product_tag":[],"class_list":{"0":"post-3766","1":"product","2":"type-product","3":"status-publish","4":"has-post-thumbnail","6":"product_cat-happie-premium-de","8":"first","9":"instock","10":"sale","11":"virtual","12":"taxable","13":"purchasable","14":"product-type-simple"},"yoast_head":"<!-- This site is optimized with the Yoast SEO Premium plugin v25.2 (Yoast SEO v25.2) - https:\/\/yoast.com\/wordpress\/plugins\/seo\/ -->\n<title>Lebenslang Premium I Oster Angebot \ud83d\udc23 + PDF<\/title>\n<meta name=\"description\" content=\"Happie-Gutscheincodes und Karten sind eine tolle Geschenkidee f\u00fcr deine Stallfreunde. Verschenke die beste App f\u00fcr Pferdeliebhaber\" \/>\n<meta name=\"robots\" content=\"index, follow, max-snippet:-1, max-image-preview:large, max-video-preview:-1\" \/>\n<link rel=\"canonical\" href=\"https:\/\/happieanimals.com\/de\/produkt\/lifetime-premium-abo\/\" \/>\n<meta property=\"og:locale\" content=\"de_DE\" \/>\n<meta property=\"og:type\" content=\"article\" \/>\n<meta property=\"og:title\" content=\"Lebenslang Premium I Oster Angebot \ud83d\udc23 + PDF\" \/>\n<meta property=\"og:description\" content=\"Happie-Gutscheincodes und Karten sind eine tolle Geschenkidee f\u00fcr deine Stallfreunde. Verschenke die beste App f\u00fcr Pferdeliebhaber\" \/>\n<meta property=\"og:url\" content=\"https:\/\/happieanimals.com\/de\/produkt\/lifetime-premium-abo\/\" \/>\n<meta property=\"og:site_name\" content=\"Happie Horse Management App\" \/>\n<meta property=\"article:modified_time\" content=\"2026-04-12T06:35:00+00:00\" \/>\n<meta property=\"og:image\" content=\"https:\/\/happieanimals.com\/wp-content\/uploads\/2022\/10\/lifetimee-01.webp\" \/>\n\t<meta property=\"og:image:width\" content=\"1920\" \/>\n\t<meta property=\"og:image:height\" content=\"1920\" \/>\n\t<meta property=\"og:image:type\" content=\"image\/webp\" \/>\n<meta name=\"twitter:card\" content=\"summary_large_image\" \/>\n<meta name=\"twitter:label1\" content=\"Gesch\u00e4tzte Lesezeit\" \/>\n\t<meta name=\"twitter:data1\" content=\"1\u00a0Minute\" \/>\n<script type=\"application\/ld+json\" class=\"yoast-schema-graph\">{\"@context\":\"https:\/\/schema.org\",\"@graph\":[{\"@type\":\"WebPage\",\"@id\":\"https:\/\/happieanimals.com\/de\/produkt\/lifetime-premium-abo\/\",\"url\":\"https:\/\/happieanimals.com\/de\/produkt\/lifetime-premium-abo\/\",\"name\":\"Lebenslang Premium I Oster Angebot \ud83d\udc23 + PDF\",\"isPartOf\":{\"@id\":\"https:\/\/happieanimals.com\/de\/#website\"},\"primaryImageOfPage\":{\"@id\":\"https:\/\/happieanimals.com\/de\/produkt\/lifetime-premium-abo\/#primaryimage\"},\"image\":{\"@id\":\"https:\/\/happieanimals.com\/de\/produkt\/lifetime-premium-abo\/#primaryimage\"},\"thumbnailUrl\":\"https:\/\/happieanimals.com\/wp-content\/uploads\/2022\/10\/lifetimee-01.webp\",\"datePublished\":\"2022-10-10T08:12:08+00:00\",\"dateModified\":\"2026-04-12T06:35:00+00:00\",\"description\":\"Happie-Gutscheincodes und Karten sind eine tolle Geschenkidee f\u00fcr deine Stallfreunde. Verschenke die beste App f\u00fcr Pferdeliebhaber\",\"breadcrumb\":{\"@id\":\"https:\/\/happieanimals.com\/de\/produkt\/lifetime-premium-abo\/#breadcrumb\"},\"inLanguage\":\"de\",\"potentialAction\":[{\"@type\":\"ReadAction\",\"target\":[\"https:\/\/happieanimals.com\/de\/produkt\/lifetime-premium-abo\/\"]}]},{\"@type\":\"ImageObject\",\"inLanguage\":\"de\",\"@id\":\"https:\/\/happieanimals.com\/de\/produkt\/lifetime-premium-abo\/#primaryimage\",\"url\":\"https:\/\/happieanimals.com\/wp-content\/uploads\/2022\/10\/lifetimee-01.webp\",\"contentUrl\":\"https:\/\/happieanimals.com\/wp-content\/uploads\/2022\/10\/lifetimee-01.webp\",\"width\":1920,\"height\":1920,\"caption\":\"Happie Gutschein\"},{\"@type\":\"BreadcrumbList\",\"@id\":\"https:\/\/happieanimals.com\/de\/produkt\/lifetime-premium-abo\/#breadcrumb\",\"itemListElement\":[{\"@type\":\"ListItem\",\"position\":1,\"name\":\"Home\",\"item\":\"https:\/\/happieanimals.com\/de\/\"},{\"@type\":\"ListItem\",\"position\":2,\"name\":\"Shop\",\"item\":\"https:\/\/happieanimals.com\/de\/shop-2\/\"},{\"@type\":\"ListItem\",\"position\":3,\"name\":\"Lebenslang Premium I Oster Angebot \ud83d\udc23 + PDF\"}]},{\"@type\":\"WebSite\",\"@id\":\"https:\/\/happieanimals.com\/de\/#website\",\"url\":\"https:\/\/happieanimals.com\/de\/\",\"name\":\"Happie Horse App\",\"description\":\"Let\u00b4s create a more happie world for horses, pets and people\",\"publisher\":{\"@id\":\"https:\/\/happieanimals.com\/de\/#organization\"},\"potentialAction\":[{\"@type\":\"SearchAction\",\"target\":{\"@type\":\"EntryPoint\",\"urlTemplate\":\"https:\/\/happieanimals.com\/de\/?s={search_term_string}\"},\"query-input\":{\"@type\":\"PropertyValueSpecification\",\"valueRequired\":true,\"valueName\":\"search_term_string\"}}],\"inLanguage\":\"de\"},{\"@type\":\"Organization\",\"@id\":\"https:\/\/happieanimals.com\/de\/#organization\",\"name\":\"Happie Horse App\",\"url\":\"https:\/\/happieanimals.com\/de\/\",\"logo\":{\"@type\":\"ImageObject\",\"inLanguage\":\"de\",\"@id\":\"https:\/\/happieanimals.com\/de\/#\/schema\/logo\/image\/\",\"url\":\"https:\/\/happieanimals.com\/wp-content\/uploads\/2021\/11\/happie-19.png\",\"contentUrl\":\"https:\/\/happieanimals.com\/wp-content\/uploads\/2021\/11\/happie-19.png\",\"width\":1290,\"height\":530,\"caption\":\"Happie Horse App\"},\"image\":{\"@id\":\"https:\/\/happieanimals.com\/de\/#\/schema\/logo\/image\/\"}}]}<\/script>\n<!-- \/ Yoast SEO Premium plugin. -->","yoast_head_json":{"title":"Lebenslang Premium I Oster Angebot \ud83d\udc23 + PDF","description":"Happie-Gutscheincodes und Karten sind eine tolle Geschenkidee f\u00fcr deine Stallfreunde. Verschenke die beste App f\u00fcr Pferdeliebhaber","robots":{"index":"index","follow":"follow","max-snippet":"max-snippet:-1","max-image-preview":"max-image-preview:large","max-video-preview":"max-video-preview:-1"},"canonical":"https:\/\/happieanimals.com\/de\/produkt\/lifetime-premium-abo\/","og_locale":"de_DE","og_type":"article","og_title":"Lebenslang Premium I Oster Angebot \ud83d\udc23 + PDF","og_description":"Happie-Gutscheincodes und Karten sind eine tolle Geschenkidee f\u00fcr deine Stallfreunde. Verschenke die beste App f\u00fcr Pferdeliebhaber","og_url":"https:\/\/happieanimals.com\/de\/produkt\/lifetime-premium-abo\/","og_site_name":"Happie Horse Management App","article_modified_time":"2026-04-12T06:35:00+00:00","og_image":[{"width":1920,"height":1920,"url":"https:\/\/happieanimals.com\/wp-content\/uploads\/2022\/10\/lifetimee-01.webp","type":"image\/webp"}],"twitter_card":"summary_large_image","twitter_misc":{"Gesch\u00e4tzte Lesezeit":"1\u00a0Minute"},"schema":{"@context":"https:\/\/schema.org","@graph":[{"@type":"WebPage","@id":"https:\/\/happieanimals.com\/de\/produkt\/lifetime-premium-abo\/","url":"https:\/\/happieanimals.com\/de\/produkt\/lifetime-premium-abo\/","name":"Lebenslang Premium I Oster Angebot \ud83d\udc23 + PDF","isPartOf":{"@id":"https:\/\/happieanimals.com\/de\/#website"},"primaryImageOfPage":{"@id":"https:\/\/happieanimals.com\/de\/produkt\/lifetime-premium-abo\/#primaryimage"},"image":{"@id":"https:\/\/happieanimals.com\/de\/produkt\/lifetime-premium-abo\/#primaryimage"},"thumbnailUrl":"https:\/\/happieanimals.com\/wp-content\/uploads\/2022\/10\/lifetimee-01.webp","datePublished":"2022-10-10T08:12:08+00:00","dateModified":"2026-04-12T06:35:00+00:00","description":"Happie-Gutscheincodes und Karten sind eine tolle Geschenkidee f\u00fcr deine Stallfreunde. Verschenke die beste App f\u00fcr Pferdeliebhaber","breadcrumb":{"@id":"https:\/\/happieanimals.com\/de\/produkt\/lifetime-premium-abo\/#breadcrumb"},"inLanguage":"de","potentialAction":[{"@type":"ReadAction","target":["https:\/\/happieanimals.com\/de\/produkt\/lifetime-premium-abo\/"]}]},{"@type":"ImageObject","inLanguage":"de","@id":"https:\/\/happieanimals.com\/de\/produkt\/lifetime-premium-abo\/#primaryimage","url":"https:\/\/happieanimals.com\/wp-content\/uploads\/2022\/10\/lifetimee-01.webp","contentUrl":"https:\/\/happieanimals.com\/wp-content\/uploads\/2022\/10\/lifetimee-01.webp","width":1920,"height":1920,"caption":"Happie Gutschein"},{"@type":"BreadcrumbList","@id":"https:\/\/happieanimals.com\/de\/produkt\/lifetime-premium-abo\/#breadcrumb","itemListElement":[{"@type":"ListItem","position":1,"name":"Home","item":"https:\/\/happieanimals.com\/de\/"},{"@type":"ListItem","position":2,"name":"Shop","item":"https:\/\/happieanimals.com\/de\/shop-2\/"},{"@type":"ListItem","position":3,"name":"Lebenslang Premium I Oster Angebot \ud83d\udc23 + PDF"}]},{"@type":"WebSite","@id":"https:\/\/happieanimals.com\/de\/#website","url":"https:\/\/happieanimals.com\/de\/","name":"Happie Horse App","description":"Let\u00b4s create a more happie world for horses, pets and people","publisher":{"@id":"https:\/\/happieanimals.com\/de\/#organization"},"potentialAction":[{"@type":"SearchAction","target":{"@type":"EntryPoint","urlTemplate":"https:\/\/happieanimals.com\/de\/?s={search_term_string}"},"query-input":{"@type":"PropertyValueSpecification","valueRequired":true,"valueName":"search_term_string"}}],"inLanguage":"de"},{"@type":"Organization","@id":"https:\/\/happieanimals.com\/de\/#organization","name":"Happie Horse App","url":"https:\/\/happieanimals.com\/de\/","logo":{"@type":"ImageObject","inLanguage":"de","@id":"https:\/\/happieanimals.com\/de\/#\/schema\/logo\/image\/","url":"https:\/\/happieanimals.com\/wp-content\/uploads\/2021\/11\/happie-19.png","contentUrl":"https:\/\/happieanimals.com\/wp-content\/uploads\/2021\/11\/happie-19.png","width":1290,"height":530,"caption":"Happie Horse App"},"image":{"@id":"https:\/\/happieanimals.com\/de\/#\/schema\/logo\/image\/"}}]}},"_links":{"self":[{"href":"https:\/\/happieanimals.com\/de\/wp-json\/wp\/v2\/product\/3766","targetHints":{"allow":["GET"]}}],"collection":[{"href":"https:\/\/happieanimals.com\/de\/wp-json\/wp\/v2\/product"}],"about":[{"href":"https:\/\/happieanimals.com\/de\/wp-json\/wp\/v2\/types\/product"}],"wp:featuredmedia":[{"embeddable":true,"href":"https:\/\/happieanimals.com\/de\/wp-json\/wp\/v2\/media\/3780"}],"wp:attachment":[{"href":"https:\/\/happieanimals.com\/de\/wp-json\/wp\/v2\/media?parent=3766"}],"wp:term":[{"taxonomy":"product_brand","embeddable":true,"href":"https:\/\/happieanimals.com\/de\/wp-json\/wp\/v2\/product_brand?post=3766"},{"taxonomy":"product_cat","embeddable":true,"href":"https:\/\/happieanimals.com\/de\/wp-json\/wp\/v2\/product_cat?post=3766"},{"taxonomy":"product_tag","embeddable":true,"href":"https:\/\/happieanimals.com\/de\/wp-json\/wp\/v2\/product_tag?post=3766"}],"curies":[{"name":"wp","href":"https:\/\/api.w.org\/{rel}","templated":true}]}}