{"id":39043,"date":"2026-03-20T18:27:18","date_gmt":"2026-03-20T18:27:18","guid":{"rendered":"https:\/\/happieanimals.com\/?post_type=product&#038;p=39043"},"modified":"2026-03-21T15:15:04","modified_gmt":"2026-03-21T15:15:04","slug":"angrasen-spezial-i-3-monate-premium-pdf","status":"publish","type":"product","link":"https:\/\/happieanimals.com\/de\/produkt\/angrasen-spezial-i-3-monate-premium-pdf\/","title":{"rendered":"Angrasen Spezial I 3 Monate Premium + PDF"},"content":{"rendered":"<p class=\"ai-optimize-16 ai-optimize-introduction\" dir=\"ltr\" data-test-bidi=\"\"><strong>Ablauf:<\/strong><\/p>\n<p class=\"ai-optimize-17\" dir=\"ltr\" data-test-bidi=\"\">Der weitere Ablauf sowie das PDF werden dir<strong>\u00a0per E-Mail zugesandt. <\/strong>Dies kann au\u00dfnahmsweise ein paar Tage dauern.<\/p>\n<p class=\"ai-optimize-18\" dir=\"ltr\" data-test-bidi=\"\"><strong>App:<\/strong><\/p>\n<p class=\"ai-optimize-19\" dir=\"ltr\" data-test-bidi=\"\">Erlebe die beste App f\u00fcr Pferdeliebhaber, mit der du die t\u00e4gliche Stallroutine, Gesundheit, Weidezeit und das Training deines Pferdes organisieren kannst.<\/p>\n<p class=\"ai-optimize-20\" dir=\"ltr\" data-test-bidi=\"\">Organisiere dein Leben mit dem Pferd, damit du dich auf alle wichtigen Aufgaben konzentrieren kannst, und den \u00dcberblick \u00fcber anstehende Termine bei Tier\u00e4rzten oder Hufschmieden beh\u00e4lst. Habe dein Pferd immer mit dabei!<\/p>\n<p class=\"ai-optimize-21\" dir=\"ltr\" data-test-bidi=\"\">Lade die App herunter und f\u00fcge deinen Premium-Code hinzu, um dein Leben als Pferdebesitzer zu vereinfachen und dein Pferd oder Pony ges\u00fcnder zu machen!<\/p>\n<p class=\"ai-optimize-22\" dir=\"ltr\" data-test-bidi=\"\"><strong>Kleingedrucktes<\/strong>:<\/p>\n<p class=\"ai-optimize-23\" dir=\"ltr\" data-test-bidi=\"\">Alle Preise sind in EURO angegeben.\u00a0 <strong>Aktuelle In-App-Abonnements werden nicht ersetzt oder gek\u00fcndigt.<\/strong> Hast du weitere Fragen zu Premium? Besuche unser Hilfecenter. Dieses Angebot ist nur f\u00fcr Nutzer innerhalb der EUROZONE g\u00fcltig.<\/p>\n<p dir=\"ltr\" data-test-bidi=\"\">\n","protected":false},"excerpt":{"rendered":"<p><strong>1. Happie Premium Angebot kaufen.<\/strong><\/p>\n<p><strong>2. Gutschein innerhalb von 1 Stunde per Mail erhalten.<\/strong><\/p>\n<p><strong>3. Bequem in der App auf der Bezahlseite einl\u00f6sen.<\/strong><\/p>\n<p>\u2728 Endet automatisch nach 3 Monaten! \u2728<\/p>\n<p>Und schon kannst du loslegen, wir w\u00fcnschen dir und deinem Pferd eine Happie Zeit!<\/p>\n","protected":false},"featured_media":39046,"template":"","meta":{"om_disable_all_campaigns":false},"product_brand":[],"product_cat":[107],"product_tag":[],"class_list":{"0":"post-39043","1":"product","2":"type-product","3":"status-publish","4":"has-post-thumbnail","6":"product_cat-happie-premium-de","8":"first","9":"instock","10":"virtual","11":"taxable","12":"purchasable","13":"product-type-simple"},"yoast_head":"<!-- This site is optimized with the Yoast SEO Premium plugin v25.2 (Yoast SEO v25.2) - https:\/\/yoast.com\/wordpress\/plugins\/seo\/ -->\n<title>Angrasen Spezial I 3 Monate Premium + PDF<\/title>\n<meta name=\"description\" content=\"Happie-Gutscheincodes und Karten sind eine tolle Geschenkidee f\u00fcr deine Stallfreunde. Verschenke die beste App f\u00fcr Pferdeliebhaber\" \/>\n<meta name=\"robots\" content=\"index, follow, max-snippet:-1, max-image-preview:large, max-video-preview:-1\" \/>\n<link rel=\"canonical\" href=\"https:\/\/happieanimals.com\/de\/produkt\/angrasen-spezial-i-3-monate-premium-pdf\/\" \/>\n<meta property=\"og:locale\" content=\"de_DE\" \/>\n<meta property=\"og:type\" content=\"article\" \/>\n<meta property=\"og:title\" content=\"Angrasen Spezial I 3 Monate Premium + PDF\" \/>\n<meta property=\"og:description\" content=\"Happie-Gutscheincodes und Karten sind eine tolle Geschenkidee f\u00fcr deine Stallfreunde. Verschenke die beste App f\u00fcr Pferdeliebhaber\" \/>\n<meta property=\"og:url\" content=\"https:\/\/happieanimals.com\/de\/produkt\/angrasen-spezial-i-3-monate-premium-pdf\/\" \/>\n<meta property=\"og:site_name\" content=\"Happie Horse Management App\" \/>\n<meta property=\"article:modified_time\" content=\"2026-03-21T15:15:04+00:00\" \/>\n<meta property=\"og:image\" content=\"https:\/\/happieanimals.com\/wp-content\/uploads\/2026\/03\/3-Monate-Angrasen-Special-2026-1.webp\" \/>\n\t<meta property=\"og:image:width\" content=\"810\" \/>\n\t<meta property=\"og:image:height\" content=\"810\" \/>\n\t<meta property=\"og:image:type\" content=\"image\/webp\" \/>\n<meta name=\"twitter:card\" content=\"summary_large_image\" \/>\n<meta name=\"twitter:label1\" content=\"Gesch\u00e4tzte Lesezeit\" \/>\n\t<meta name=\"twitter:data1\" content=\"1\u00a0Minute\" \/>\n<script type=\"application\/ld+json\" class=\"yoast-schema-graph\">{\"@context\":\"https:\/\/schema.org\",\"@graph\":[{\"@type\":\"WebPage\",\"@id\":\"https:\/\/happieanimals.com\/de\/produkt\/angrasen-spezial-i-3-monate-premium-pdf\/\",\"url\":\"https:\/\/happieanimals.com\/de\/produkt\/angrasen-spezial-i-3-monate-premium-pdf\/\",\"name\":\"Angrasen Spezial I 3 Monate Premium + PDF\",\"isPartOf\":{\"@id\":\"https:\/\/happieanimals.com\/de\/#website\"},\"primaryImageOfPage\":{\"@id\":\"https:\/\/happieanimals.com\/de\/produkt\/angrasen-spezial-i-3-monate-premium-pdf\/#primaryimage\"},\"image\":{\"@id\":\"https:\/\/happieanimals.com\/de\/produkt\/angrasen-spezial-i-3-monate-premium-pdf\/#primaryimage\"},\"thumbnailUrl\":\"https:\/\/happieanimals.com\/wp-content\/uploads\/2026\/03\/3-Monate-Angrasen-Special-2026-1.webp\",\"datePublished\":\"2026-03-20T18:27:18+00:00\",\"dateModified\":\"2026-03-21T15:15:04+00:00\",\"description\":\"Happie-Gutscheincodes und Karten sind eine tolle Geschenkidee f\u00fcr deine Stallfreunde. Verschenke die beste App f\u00fcr Pferdeliebhaber\",\"breadcrumb\":{\"@id\":\"https:\/\/happieanimals.com\/de\/produkt\/angrasen-spezial-i-3-monate-premium-pdf\/#breadcrumb\"},\"inLanguage\":\"de\",\"potentialAction\":[{\"@type\":\"ReadAction\",\"target\":[\"https:\/\/happieanimals.com\/de\/produkt\/angrasen-spezial-i-3-monate-premium-pdf\/\"]}]},{\"@type\":\"ImageObject\",\"inLanguage\":\"de\",\"@id\":\"https:\/\/happieanimals.com\/de\/produkt\/angrasen-spezial-i-3-monate-premium-pdf\/#primaryimage\",\"url\":\"https:\/\/happieanimals.com\/wp-content\/uploads\/2026\/03\/3-Monate-Angrasen-Special-2026-1.webp\",\"contentUrl\":\"https:\/\/happieanimals.com\/wp-content\/uploads\/2026\/03\/3-Monate-Angrasen-Special-2026-1.webp\",\"width\":810,\"height\":810},{\"@type\":\"BreadcrumbList\",\"@id\":\"https:\/\/happieanimals.com\/de\/produkt\/angrasen-spezial-i-3-monate-premium-pdf\/#breadcrumb\",\"itemListElement\":[{\"@type\":\"ListItem\",\"position\":1,\"name\":\"Home\",\"item\":\"https:\/\/happieanimals.com\/de\/\"},{\"@type\":\"ListItem\",\"position\":2,\"name\":\"Shop\",\"item\":\"https:\/\/happieanimals.com\/de\/shop-2\/\"},{\"@type\":\"ListItem\",\"position\":3,\"name\":\"Angrasen Spezial I 3 Monate Premium + PDF\"}]},{\"@type\":\"WebSite\",\"@id\":\"https:\/\/happieanimals.com\/de\/#website\",\"url\":\"https:\/\/happieanimals.com\/de\/\",\"name\":\"Happie Horse App\",\"description\":\"Let\u00b4s create a more happie world for horses, pets and people\",\"publisher\":{\"@id\":\"https:\/\/happieanimals.com\/de\/#organization\"},\"potentialAction\":[{\"@type\":\"SearchAction\",\"target\":{\"@type\":\"EntryPoint\",\"urlTemplate\":\"https:\/\/happieanimals.com\/de\/?s={search_term_string}\"},\"query-input\":{\"@type\":\"PropertyValueSpecification\",\"valueRequired\":true,\"valueName\":\"search_term_string\"}}],\"inLanguage\":\"de\"},{\"@type\":\"Organization\",\"@id\":\"https:\/\/happieanimals.com\/de\/#organization\",\"name\":\"Happie Horse App\",\"url\":\"https:\/\/happieanimals.com\/de\/\",\"logo\":{\"@type\":\"ImageObject\",\"inLanguage\":\"de\",\"@id\":\"https:\/\/happieanimals.com\/de\/#\/schema\/logo\/image\/\",\"url\":\"https:\/\/happieanimals.com\/wp-content\/uploads\/2021\/11\/happie-19.png\",\"contentUrl\":\"https:\/\/happieanimals.com\/wp-content\/uploads\/2021\/11\/happie-19.png\",\"width\":1290,\"height\":530,\"caption\":\"Happie Horse App\"},\"image\":{\"@id\":\"https:\/\/happieanimals.com\/de\/#\/schema\/logo\/image\/\"}}]}<\/script>\n<!-- \/ Yoast SEO Premium plugin. -->","yoast_head_json":{"title":"Angrasen Spezial I 3 Monate Premium + PDF","description":"Happie-Gutscheincodes und Karten sind eine tolle Geschenkidee f\u00fcr deine Stallfreunde. Verschenke die beste App f\u00fcr Pferdeliebhaber","robots":{"index":"index","follow":"follow","max-snippet":"max-snippet:-1","max-image-preview":"max-image-preview:large","max-video-preview":"max-video-preview:-1"},"canonical":"https:\/\/happieanimals.com\/de\/produkt\/angrasen-spezial-i-3-monate-premium-pdf\/","og_locale":"de_DE","og_type":"article","og_title":"Angrasen Spezial I 3 Monate Premium + PDF","og_description":"Happie-Gutscheincodes und Karten sind eine tolle Geschenkidee f\u00fcr deine Stallfreunde. Verschenke die beste App f\u00fcr Pferdeliebhaber","og_url":"https:\/\/happieanimals.com\/de\/produkt\/angrasen-spezial-i-3-monate-premium-pdf\/","og_site_name":"Happie Horse Management App","article_modified_time":"2026-03-21T15:15:04+00:00","og_image":[{"width":810,"height":810,"url":"https:\/\/happieanimals.com\/wp-content\/uploads\/2026\/03\/3-Monate-Angrasen-Special-2026-1.webp","type":"image\/webp"}],"twitter_card":"summary_large_image","twitter_misc":{"Gesch\u00e4tzte Lesezeit":"1\u00a0Minute"},"schema":{"@context":"https:\/\/schema.org","@graph":[{"@type":"WebPage","@id":"https:\/\/happieanimals.com\/de\/produkt\/angrasen-spezial-i-3-monate-premium-pdf\/","url":"https:\/\/happieanimals.com\/de\/produkt\/angrasen-spezial-i-3-monate-premium-pdf\/","name":"Angrasen Spezial I 3 Monate Premium + PDF","isPartOf":{"@id":"https:\/\/happieanimals.com\/de\/#website"},"primaryImageOfPage":{"@id":"https:\/\/happieanimals.com\/de\/produkt\/angrasen-spezial-i-3-monate-premium-pdf\/#primaryimage"},"image":{"@id":"https:\/\/happieanimals.com\/de\/produkt\/angrasen-spezial-i-3-monate-premium-pdf\/#primaryimage"},"thumbnailUrl":"https:\/\/happieanimals.com\/wp-content\/uploads\/2026\/03\/3-Monate-Angrasen-Special-2026-1.webp","datePublished":"2026-03-20T18:27:18+00:00","dateModified":"2026-03-21T15:15:04+00:00","description":"Happie-Gutscheincodes und Karten sind eine tolle Geschenkidee f\u00fcr deine Stallfreunde. Verschenke die beste App f\u00fcr Pferdeliebhaber","breadcrumb":{"@id":"https:\/\/happieanimals.com\/de\/produkt\/angrasen-spezial-i-3-monate-premium-pdf\/#breadcrumb"},"inLanguage":"de","potentialAction":[{"@type":"ReadAction","target":["https:\/\/happieanimals.com\/de\/produkt\/angrasen-spezial-i-3-monate-premium-pdf\/"]}]},{"@type":"ImageObject","inLanguage":"de","@id":"https:\/\/happieanimals.com\/de\/produkt\/angrasen-spezial-i-3-monate-premium-pdf\/#primaryimage","url":"https:\/\/happieanimals.com\/wp-content\/uploads\/2026\/03\/3-Monate-Angrasen-Special-2026-1.webp","contentUrl":"https:\/\/happieanimals.com\/wp-content\/uploads\/2026\/03\/3-Monate-Angrasen-Special-2026-1.webp","width":810,"height":810},{"@type":"BreadcrumbList","@id":"https:\/\/happieanimals.com\/de\/produkt\/angrasen-spezial-i-3-monate-premium-pdf\/#breadcrumb","itemListElement":[{"@type":"ListItem","position":1,"name":"Home","item":"https:\/\/happieanimals.com\/de\/"},{"@type":"ListItem","position":2,"name":"Shop","item":"https:\/\/happieanimals.com\/de\/shop-2\/"},{"@type":"ListItem","position":3,"name":"Angrasen Spezial I 3 Monate Premium + PDF"}]},{"@type":"WebSite","@id":"https:\/\/happieanimals.com\/de\/#website","url":"https:\/\/happieanimals.com\/de\/","name":"Happie Horse App","description":"Let\u00b4s create a more happie world for horses, pets and people","publisher":{"@id":"https:\/\/happieanimals.com\/de\/#organization"},"potentialAction":[{"@type":"SearchAction","target":{"@type":"EntryPoint","urlTemplate":"https:\/\/happieanimals.com\/de\/?s={search_term_string}"},"query-input":{"@type":"PropertyValueSpecification","valueRequired":true,"valueName":"search_term_string"}}],"inLanguage":"de"},{"@type":"Organization","@id":"https:\/\/happieanimals.com\/de\/#organization","name":"Happie Horse App","url":"https:\/\/happieanimals.com\/de\/","logo":{"@type":"ImageObject","inLanguage":"de","@id":"https:\/\/happieanimals.com\/de\/#\/schema\/logo\/image\/","url":"https:\/\/happieanimals.com\/wp-content\/uploads\/2021\/11\/happie-19.png","contentUrl":"https:\/\/happieanimals.com\/wp-content\/uploads\/2021\/11\/happie-19.png","width":1290,"height":530,"caption":"Happie Horse App"},"image":{"@id":"https:\/\/happieanimals.com\/de\/#\/schema\/logo\/image\/"}}]}},"_links":{"self":[{"href":"https:\/\/happieanimals.com\/de\/wp-json\/wp\/v2\/product\/39043","targetHints":{"allow":["GET"]}}],"collection":[{"href":"https:\/\/happieanimals.com\/de\/wp-json\/wp\/v2\/product"}],"about":[{"href":"https:\/\/happieanimals.com\/de\/wp-json\/wp\/v2\/types\/product"}],"wp:featuredmedia":[{"embeddable":true,"href":"https:\/\/happieanimals.com\/de\/wp-json\/wp\/v2\/media\/39046"}],"wp:attachment":[{"href":"https:\/\/happieanimals.com\/de\/wp-json\/wp\/v2\/media?parent=39043"}],"wp:term":[{"taxonomy":"product_brand","embeddable":true,"href":"https:\/\/happieanimals.com\/de\/wp-json\/wp\/v2\/product_brand?post=39043"},{"taxonomy":"product_cat","embeddable":true,"href":"https:\/\/happieanimals.com\/de\/wp-json\/wp\/v2\/product_cat?post=39043"},{"taxonomy":"product_tag","embeddable":true,"href":"https:\/\/happieanimals.com\/de\/wp-json\/wp\/v2\/product_tag?post=39043"}],"curies":[{"name":"wp","href":"https:\/\/api.w.org\/{rel}","templated":true}]}}