{"id":3783,"date":"2022-10-09T16:28:31","date_gmt":"2022-10-09T16:28:31","guid":{"rendered":"https:\/\/happieanimals.com\/product\/suscripcion-happie-premium-de-12-meses\/"},"modified":"2023-03-23T09:47:04","modified_gmt":"2023-03-23T09:47:04","slug":"12-monate-premium-abo","status":"publish","type":"product","link":"https:\/\/happieanimals.com\/es\/producto\/12-monate-premium-abo\/","title":{"rendered":"Suscripci\u00f3n Happie Premium de 12 meses"},"content":{"rendered":"<p dir=\"ltr\" data-test-bidi=\"\">El c\u00f3digo del vale se le enviar\u00e1 por correo electr\u00f3nico a m\u00e1s tardar 24 horas despu\u00e9s de la compra, una vez que se haya confirmado el pago. El vale puede canjearse inmediatamente en nuestra aplicaci\u00f3n.<\/p>\n<p dir=\"ltr\" data-test-bidi=\"\">Experimentar\u00e1s la mejor aplicaci\u00f3n ecuestre para gestionar el d\u00eda a d\u00eda de tu caballo en la cuadra, el cuidado de la salud, los pastos y el entrenamiento.<\/p>\n<p dir=\"ltr\" data-test-bidi=\"\">Organice su vida equina, para poder centrarse en la realizaci\u00f3n de todas las tareas relevantes, al tiempo que controla las pr\u00f3ximas citas de los veterinarios o herradores, as\u00ed como el calendario de vacunaci\u00f3n. \u00a1Mantenga su caballo con usted, en todo momento!<\/p>\n<p dir=\"ltr\" data-test-bidi=\"\">Descargue la aplicaci\u00f3n y a\u00f1ada su c\u00f3digo Premium para simplificar su vida ecuestre y hacer que su caballo o poni est\u00e9 m\u00e1s sano.<\/p>\n<p dir=\"ltr\" data-test-bidi=\"\">\n","protected":false},"excerpt":{"rendered":"<p>El c\u00f3digo del vale se le enviar\u00e1 por correo electr\u00f3nico a m\u00e1s tardar 24 horas despu\u00e9s de la compra, una vez que se haya confirmado el pago. El vale puede canjearse inmediatamente en nuestra aplicaci\u00f3n. Experimentar\u00e1s la mejor aplicaci\u00f3n ecuestre para gestionar el d\u00eda a d\u00eda de tu caballo en la cuadra, el cuidado de [&hellip;]<\/p>\n","protected":false},"featured_media":4425,"template":"","meta":{"om_disable_all_campaigns":false},"product_brand":[],"product_cat":[108],"product_tag":[],"class_list":{"0":"post-3783","1":"product","2":"type-product","3":"status-publish","4":"has-post-thumbnail","6":"product_cat-happie-premium-es","8":"first","9":"instock","10":"virtual","11":"taxable","12":"purchasable","13":"product-type-simple"},"yoast_head":"<!-- This site is optimized with the Yoast SEO Premium plugin v25.2 (Yoast SEO v25.2) - https:\/\/yoast.com\/wordpress\/plugins\/seo\/ -->\n<title>Suscripci\u00f3n Happie Premium de 12 meses<\/title>\n<meta name=\"description\" content=\"Ich bin ein Happie Abo\" \/>\n<meta name=\"robots\" content=\"index, follow, max-snippet:-1, max-image-preview:large, max-video-preview:-1\" \/>\n<link rel=\"canonical\" href=\"https:\/\/happieanimals.com\/es\/producto\/12-monate-premium-abo\/\" \/>\n<meta property=\"og:locale\" content=\"es_ES\" \/>\n<meta property=\"og:type\" content=\"article\" \/>\n<meta property=\"og:title\" content=\"Suscripci\u00f3n Happie Premium de 12 meses\" \/>\n<meta property=\"og:description\" content=\"Ich bin ein Happie Abo\" \/>\n<meta property=\"og:url\" content=\"https:\/\/happieanimals.com\/es\/producto\/12-monate-premium-abo\/\" \/>\n<meta property=\"og:site_name\" content=\"Happie Animals\" \/>\n<meta property=\"article:modified_time\" content=\"2023-03-23T09:47:04+00:00\" \/>\n<meta property=\"og:image\" content=\"https:\/\/happieanimals.com\/wp-content\/uploads\/2022\/10\/Group-8-2.png\" \/>\n\t<meta property=\"og:image:width\" content=\"677\" \/>\n\t<meta property=\"og:image:height\" content=\"390\" \/>\n\t<meta property=\"og:image:type\" content=\"image\/png\" \/>\n<meta name=\"twitter:card\" content=\"summary_large_image\" \/>\n<meta name=\"twitter:label1\" content=\"Tiempo de lectura\" \/>\n\t<meta name=\"twitter:data1\" content=\"1 minuto\" \/>\n<script type=\"application\/ld+json\" class=\"yoast-schema-graph\">{\"@context\":\"https:\/\/schema.org\",\"@graph\":[{\"@type\":\"WebPage\",\"@id\":\"https:\/\/happieanimals.com\/es\/producto\/12-monate-premium-abo\/\",\"url\":\"https:\/\/happieanimals.com\/es\/producto\/12-monate-premium-abo\/\",\"name\":\"Suscripci\u00f3n Happie Premium de 12 meses\",\"isPartOf\":{\"@id\":\"https:\/\/happieanimals.com\/es\/#website\"},\"primaryImageOfPage\":{\"@id\":\"https:\/\/happieanimals.com\/es\/producto\/12-monate-premium-abo\/#primaryimage\"},\"image\":{\"@id\":\"https:\/\/happieanimals.com\/es\/producto\/12-monate-premium-abo\/#primaryimage\"},\"thumbnailUrl\":\"https:\/\/happieanimals.com\/wp-content\/uploads\/2022\/10\/Group-8-2.webp\",\"datePublished\":\"2022-10-09T16:28:31+00:00\",\"dateModified\":\"2023-03-23T09:47:04+00:00\",\"description\":\"Ich bin ein Happie Abo\",\"breadcrumb\":{\"@id\":\"https:\/\/happieanimals.com\/es\/producto\/12-monate-premium-abo\/#breadcrumb\"},\"inLanguage\":\"es\",\"potentialAction\":[{\"@type\":\"ReadAction\",\"target\":[\"https:\/\/happieanimals.com\/es\/producto\/12-monate-premium-abo\/\"]}]},{\"@type\":\"ImageObject\",\"inLanguage\":\"es\",\"@id\":\"https:\/\/happieanimals.com\/es\/producto\/12-monate-premium-abo\/#primaryimage\",\"url\":\"https:\/\/happieanimals.com\/wp-content\/uploads\/2022\/10\/Group-8-2.webp\",\"contentUrl\":\"https:\/\/happieanimals.com\/wp-content\/uploads\/2022\/10\/Group-8-2.webp\",\"width\":677,\"height\":390},{\"@type\":\"BreadcrumbList\",\"@id\":\"https:\/\/happieanimals.com\/es\/producto\/12-monate-premium-abo\/#breadcrumb\",\"itemListElement\":[{\"@type\":\"ListItem\",\"position\":1,\"name\":\"Home\",\"item\":\"https:\/\/happieanimals.com\/es\/\"},{\"@type\":\"ListItem\",\"position\":2,\"name\":\"Tienda\",\"item\":\"https:\/\/happieanimals.com\/es\/tienda\/\"},{\"@type\":\"ListItem\",\"position\":3,\"name\":\"Suscripci\u00f3n Happie Premium de 12 meses\"}]},{\"@type\":\"WebSite\",\"@id\":\"https:\/\/happieanimals.com\/es\/#website\",\"url\":\"https:\/\/happieanimals.com\/es\/\",\"name\":\"Happie Horse App\",\"description\":\"Let\u00b4s create a more happie world for horses, pets and people\",\"publisher\":{\"@id\":\"https:\/\/happieanimals.com\/es\/#organization\"},\"potentialAction\":[{\"@type\":\"SearchAction\",\"target\":{\"@type\":\"EntryPoint\",\"urlTemplate\":\"https:\/\/happieanimals.com\/es\/?s={search_term_string}\"},\"query-input\":{\"@type\":\"PropertyValueSpecification\",\"valueRequired\":true,\"valueName\":\"search_term_string\"}}],\"inLanguage\":\"es\"},{\"@type\":\"Organization\",\"@id\":\"https:\/\/happieanimals.com\/es\/#organization\",\"name\":\"Happie Horse App\",\"url\":\"https:\/\/happieanimals.com\/es\/\",\"logo\":{\"@type\":\"ImageObject\",\"inLanguage\":\"es\",\"@id\":\"https:\/\/happieanimals.com\/es\/#\/schema\/logo\/image\/\",\"url\":\"https:\/\/happieanimals.com\/wp-content\/uploads\/2021\/11\/happie-19.png\",\"contentUrl\":\"https:\/\/happieanimals.com\/wp-content\/uploads\/2021\/11\/happie-19.png\",\"width\":1290,\"height\":530,\"caption\":\"Happie Horse App\"},\"image\":{\"@id\":\"https:\/\/happieanimals.com\/es\/#\/schema\/logo\/image\/\"}}]}<\/script>\n<!-- \/ Yoast SEO Premium plugin. -->","yoast_head_json":{"title":"Suscripci\u00f3n Happie Premium de 12 meses","description":"Ich bin ein Happie Abo","robots":{"index":"index","follow":"follow","max-snippet":"max-snippet:-1","max-image-preview":"max-image-preview:large","max-video-preview":"max-video-preview:-1"},"canonical":"https:\/\/happieanimals.com\/es\/producto\/12-monate-premium-abo\/","og_locale":"es_ES","og_type":"article","og_title":"Suscripci\u00f3n Happie Premium de 12 meses","og_description":"Ich bin ein Happie Abo","og_url":"https:\/\/happieanimals.com\/es\/producto\/12-monate-premium-abo\/","og_site_name":"Happie Animals","article_modified_time":"2023-03-23T09:47:04+00:00","og_image":[{"width":677,"height":390,"url":"https:\/\/happieanimals.com\/wp-content\/uploads\/2022\/10\/Group-8-2.png","type":"image\/png"}],"twitter_card":"summary_large_image","twitter_misc":{"Tiempo de lectura":"1 minuto"},"schema":{"@context":"https:\/\/schema.org","@graph":[{"@type":"WebPage","@id":"https:\/\/happieanimals.com\/es\/producto\/12-monate-premium-abo\/","url":"https:\/\/happieanimals.com\/es\/producto\/12-monate-premium-abo\/","name":"Suscripci\u00f3n Happie Premium de 12 meses","isPartOf":{"@id":"https:\/\/happieanimals.com\/es\/#website"},"primaryImageOfPage":{"@id":"https:\/\/happieanimals.com\/es\/producto\/12-monate-premium-abo\/#primaryimage"},"image":{"@id":"https:\/\/happieanimals.com\/es\/producto\/12-monate-premium-abo\/#primaryimage"},"thumbnailUrl":"https:\/\/happieanimals.com\/wp-content\/uploads\/2022\/10\/Group-8-2.webp","datePublished":"2022-10-09T16:28:31+00:00","dateModified":"2023-03-23T09:47:04+00:00","description":"Ich bin ein Happie Abo","breadcrumb":{"@id":"https:\/\/happieanimals.com\/es\/producto\/12-monate-premium-abo\/#breadcrumb"},"inLanguage":"es","potentialAction":[{"@type":"ReadAction","target":["https:\/\/happieanimals.com\/es\/producto\/12-monate-premium-abo\/"]}]},{"@type":"ImageObject","inLanguage":"es","@id":"https:\/\/happieanimals.com\/es\/producto\/12-monate-premium-abo\/#primaryimage","url":"https:\/\/happieanimals.com\/wp-content\/uploads\/2022\/10\/Group-8-2.webp","contentUrl":"https:\/\/happieanimals.com\/wp-content\/uploads\/2022\/10\/Group-8-2.webp","width":677,"height":390},{"@type":"BreadcrumbList","@id":"https:\/\/happieanimals.com\/es\/producto\/12-monate-premium-abo\/#breadcrumb","itemListElement":[{"@type":"ListItem","position":1,"name":"Home","item":"https:\/\/happieanimals.com\/es\/"},{"@type":"ListItem","position":2,"name":"Tienda","item":"https:\/\/happieanimals.com\/es\/tienda\/"},{"@type":"ListItem","position":3,"name":"Suscripci\u00f3n Happie Premium de 12 meses"}]},{"@type":"WebSite","@id":"https:\/\/happieanimals.com\/es\/#website","url":"https:\/\/happieanimals.com\/es\/","name":"Happie Horse App","description":"Let\u00b4s create a more happie world for horses, pets and people","publisher":{"@id":"https:\/\/happieanimals.com\/es\/#organization"},"potentialAction":[{"@type":"SearchAction","target":{"@type":"EntryPoint","urlTemplate":"https:\/\/happieanimals.com\/es\/?s={search_term_string}"},"query-input":{"@type":"PropertyValueSpecification","valueRequired":true,"valueName":"search_term_string"}}],"inLanguage":"es"},{"@type":"Organization","@id":"https:\/\/happieanimals.com\/es\/#organization","name":"Happie Horse App","url":"https:\/\/happieanimals.com\/es\/","logo":{"@type":"ImageObject","inLanguage":"es","@id":"https:\/\/happieanimals.com\/es\/#\/schema\/logo\/image\/","url":"https:\/\/happieanimals.com\/wp-content\/uploads\/2021\/11\/happie-19.png","contentUrl":"https:\/\/happieanimals.com\/wp-content\/uploads\/2021\/11\/happie-19.png","width":1290,"height":530,"caption":"Happie Horse App"},"image":{"@id":"https:\/\/happieanimals.com\/es\/#\/schema\/logo\/image\/"}}]}},"_links":{"self":[{"href":"https:\/\/happieanimals.com\/es\/wp-json\/wp\/v2\/product\/3783","targetHints":{"allow":["GET"]}}],"collection":[{"href":"https:\/\/happieanimals.com\/es\/wp-json\/wp\/v2\/product"}],"about":[{"href":"https:\/\/happieanimals.com\/es\/wp-json\/wp\/v2\/types\/product"}],"wp:featuredmedia":[{"embeddable":true,"href":"https:\/\/happieanimals.com\/es\/wp-json\/wp\/v2\/media\/4425"}],"wp:attachment":[{"href":"https:\/\/happieanimals.com\/es\/wp-json\/wp\/v2\/media?parent=3783"}],"wp:term":[{"taxonomy":"product_brand","embeddable":true,"href":"https:\/\/happieanimals.com\/es\/wp-json\/wp\/v2\/product_brand?post=3783"},{"taxonomy":"product_cat","embeddable":true,"href":"https:\/\/happieanimals.com\/es\/wp-json\/wp\/v2\/product_cat?post=3783"},{"taxonomy":"product_tag","embeddable":true,"href":"https:\/\/happieanimals.com\/es\/wp-json\/wp\/v2\/product_tag?post=3783"}],"curies":[{"name":"wp","href":"https:\/\/api.w.org\/{rel}","templated":true}]}}